{"id":1459,"date":"2019-12-27T20:31:18","date_gmt":"2019-12-27T20:31:18","guid":{"rendered":"http:\/\/sportat.se\/?post_type=product&#038;p=1459"},"modified":"2020-12-05T21:12:49","modified_gmt":"2020-12-05T21:12:49","slug":"tiktak","status":"publish","type":"product","link":"https:\/\/sportat.se\/en\/product\/tiktak\/","title":{"rendered":"TIK TAK"},"content":{"rendered":"<p><a href=\"https:\/\/media.enstasport.se\/2019\/12\/tiktak_charakteristics.png\"><img fetchpriority=\"high\" decoding=\"async\" class=\"alignnone size-medium wp-image-1385\" src=\"https:\/\/media.enstasport.se\/2019\/12\/tiktak_charakteristics-291x300.png\" alt=\"\" width=\"291\" height=\"300\" srcset=\"https:\/\/sportat.se\/wp-content\/uploads\/2019\/12\/tiktak_charakteristics-291x300.png 291w, https:\/\/sportat.se\/wp-content\/uploads\/2019\/12\/tiktak_charakteristics-300x309.png 300w, https:\/\/sportat.se\/wp-content\/uploads\/2019\/12\/tiktak_charakteristics-600x619.png 600w, https:\/\/sportat.se\/wp-content\/uploads\/2019\/12\/tiktak_charakteristics-993x1024.png 993w, https:\/\/sportat.se\/wp-content\/uploads\/2019\/12\/tiktak_charakteristics-768x792.png 768w, https:\/\/sportat.se\/wp-content\/uploads\/2019\/12\/tiktak_charakteristics-324x334.png 324w, https:\/\/sportat.se\/wp-content\/uploads\/2019\/12\/tiktak_charakteristics-416x429.png 416w, https:\/\/sportat.se\/wp-content\/uploads\/2019\/12\/tiktak_charakteristics.png 1164w\" sizes=\"(max-width: 291px) 100vw, 291px\" \/><\/a><\/p>","protected":false},"excerpt":{"rendered":"<p>Tik Tak modellen skapades inf\u00f6r s\u00e4songen 2015\u00a0 och blev v\u00e4ldigt omtyckt av de b\u00e4sta paddlare i v\u00e4rlden. Modellen \u00e4r snabb b\u00e5de fram\u00e5t och i sv\u00e4ngarna samtidigt som den f\u00f6ljer linjen bra.<\/p>\n<p>Luka Joones vann silver medalj p\u00e5 OS i Rio med en Tik Tak.<\/p>","protected":false},"featured_media":2504,"template":"","meta":[],"product_brand":[],"product_cat":[52],"product_tag":[],"class_list":{"0":"post-1459","1":"product","2":"type-product","3":"status-publish","4":"has-post-thumbnail","6":"product_cat-slalomkajaker","8":"first","9":"outofstock","10":"taxable","11":"shipping-taxable","12":"purchasable","13":"product-type-variable"},"_links":{"self":[{"href":"https:\/\/sportat.se\/en\/wp-json\/wp\/v2\/product\/1459","targetHints":{"allow":["GET"]}}],"collection":[{"href":"https:\/\/sportat.se\/en\/wp-json\/wp\/v2\/product"}],"about":[{"href":"https:\/\/sportat.se\/en\/wp-json\/wp\/v2\/types\/product"}],"version-history":[{"count":1,"href":"https:\/\/sportat.se\/en\/wp-json\/wp\/v2\/product\/1459\/revisions"}],"predecessor-version":[{"id":2505,"href":"https:\/\/sportat.se\/en\/wp-json\/wp\/v2\/product\/1459\/revisions\/2505"}],"wp:featuredmedia":[{"embeddable":true,"href":"https:\/\/sportat.se\/en\/wp-json\/wp\/v2\/media\/2504"}],"wp:attachment":[{"href":"https:\/\/sportat.se\/en\/wp-json\/wp\/v2\/media?parent=1459"}],"wp:term":[{"taxonomy":"product_brand","embeddable":true,"href":"https:\/\/sportat.se\/en\/wp-json\/wp\/v2\/product_brand?post=1459"},{"taxonomy":"product_cat","embeddable":true,"href":"https:\/\/sportat.se\/en\/wp-json\/wp\/v2\/product_cat?post=1459"},{"taxonomy":"product_tag","embeddable":true,"href":"https:\/\/sportat.se\/en\/wp-json\/wp\/v2\/product_tag?post=1459"}],"curies":[{"name":"wp","href":"https:\/\/api.w.org\/{rel}","templated":true}]}}