{"id":1446,"date":"2019-12-27T20:03:18","date_gmt":"2019-12-27T20:03:18","guid":{"rendered":"http:\/\/sportat.se\/?post_type=product&#038;p=1446"},"modified":"2020-12-05T20:58:13","modified_gmt":"2020-12-05T20:58:13","slug":"caipi","status":"publish","type":"product","link":"https:\/\/sportat.se\/en\/product\/caipi\/","title":{"rendered":"CAIPI"},"content":{"rendered":"<p><a href=\"https:\/\/media.enstasport.se\/2019\/12\/caipi_charakteristics-1.png\"><img fetchpriority=\"high\" decoding=\"async\" class=\"alignnone size-medium wp-image-1369\" src=\"https:\/\/media.enstasport.se\/2019\/12\/caipi_charakteristics-1-300x293.png\" alt=\"\" width=\"300\" height=\"293\" srcset=\"https:\/\/sportat.se\/wp-content\/uploads\/2019\/12\/caipi_charakteristics-1-300x293.png 300w, https:\/\/sportat.se\/wp-content\/uploads\/2019\/12\/caipi_charakteristics-1-600x586.png 600w, https:\/\/sportat.se\/wp-content\/uploads\/2019\/12\/caipi_charakteristics-1-1024x1000.png 1024w, https:\/\/sportat.se\/wp-content\/uploads\/2019\/12\/caipi_charakteristics-1-768x750.png 768w, https:\/\/sportat.se\/wp-content\/uploads\/2019\/12\/caipi_charakteristics-1-324x316.png 324w, https:\/\/sportat.se\/wp-content\/uploads\/2019\/12\/caipi_charakteristics-1-416x406.png 416w, https:\/\/sportat.se\/wp-content\/uploads\/2019\/12\/caipi_charakteristics-1.png 1200w\" sizes=\"(max-width: 300px) 100vw, 300px\" \/><\/a><\/p>","protected":false},"excerpt":{"rendered":"<p>CAIPI \u00e4r modellen som utvecklats fr\u00e5n den popul\u00e4ra TIK-TAK kajaken i samarbete med v\u00e4rlds- och Europam\u00e4staren Boris Neveu. Sittbrunnen har flyttats bak\u00e5t med ett par centimeter, utrymmet bakom sittbrunnen har skurits ner j\u00e4mf\u00f6rt med Tik Tak och kajakens bredaste punkt har flyttats tillbaka f\u00f6r att g\u00f6ra aktern mer stabil. Denna modell \u00e4r mer stabil i uppstr\u00f6ms portar och mer lyh\u00f6rd i sin helhet.<\/p>","protected":false},"featured_media":2489,"template":"","meta":[],"product_brand":[],"product_cat":[52],"product_tag":[],"class_list":{"0":"post-1446","1":"product","2":"type-product","3":"status-publish","4":"has-post-thumbnail","6":"product_cat-slalomkajaker","8":"first","9":"outofstock","10":"taxable","11":"shipping-taxable","12":"purchasable","13":"product-type-variable"},"_links":{"self":[{"href":"https:\/\/sportat.se\/en\/wp-json\/wp\/v2\/product\/1446","targetHints":{"allow":["GET"]}}],"collection":[{"href":"https:\/\/sportat.se\/en\/wp-json\/wp\/v2\/product"}],"about":[{"href":"https:\/\/sportat.se\/en\/wp-json\/wp\/v2\/types\/product"}],"version-history":[{"count":1,"href":"https:\/\/sportat.se\/en\/wp-json\/wp\/v2\/product\/1446\/revisions"}],"predecessor-version":[{"id":2480,"href":"https:\/\/sportat.se\/en\/wp-json\/wp\/v2\/product\/1446\/revisions\/2480"}],"wp:featuredmedia":[{"embeddable":true,"href":"https:\/\/sportat.se\/en\/wp-json\/wp\/v2\/media\/2489"}],"wp:attachment":[{"href":"https:\/\/sportat.se\/en\/wp-json\/wp\/v2\/media?parent=1446"}],"wp:term":[{"taxonomy":"product_brand","embeddable":true,"href":"https:\/\/sportat.se\/en\/wp-json\/wp\/v2\/product_brand?post=1446"},{"taxonomy":"product_cat","embeddable":true,"href":"https:\/\/sportat.se\/en\/wp-json\/wp\/v2\/product_cat?post=1446"},{"taxonomy":"product_tag","embeddable":true,"href":"https:\/\/sportat.se\/en\/wp-json\/wp\/v2\/product_tag?post=1446"}],"curies":[{"name":"wp","href":"https:\/\/api.w.org\/{rel}","templated":true}]}}