{"id":1440,"date":"2019-12-27T19:57:50","date_gmt":"2019-12-27T19:57:50","guid":{"rendered":"http:\/\/sportat.se\/?post_type=product&#038;p=1440"},"modified":"2022-06-15T19:43:38","modified_gmt":"2022-06-15T19:43:38","slug":"caipifans","status":"publish","type":"product","link":"https:\/\/sportat.se\/en\/product\/caipifans\/","title":{"rendered":"CAIPI FANS"},"content":{"rendered":"<p><a href=\"https:\/\/media.enstasport.se\/2019\/11\/caipifins_charakteristics-1.png\"><img fetchpriority=\"high\" decoding=\"async\" class=\"alignnone size-medium wp-image-1420\" src=\"https:\/\/media.enstasport.se\/2019\/11\/caipifins_charakteristics-1-300x294.png\" alt=\"\" width=\"300\" height=\"294\" srcset=\"https:\/\/sportat.se\/wp-content\/uploads\/2019\/11\/caipifins_charakteristics-1-300x294.png 300w, https:\/\/sportat.se\/wp-content\/uploads\/2019\/11\/caipifins_charakteristics-1-600x587.png 600w, https:\/\/sportat.se\/wp-content\/uploads\/2019\/11\/caipifins_charakteristics-1-1024x1002.png 1024w, https:\/\/sportat.se\/wp-content\/uploads\/2019\/11\/caipifins_charakteristics-1-768x751.png 768w, https:\/\/sportat.se\/wp-content\/uploads\/2019\/11\/caipifins_charakteristics-1-324x317.png 324w, https:\/\/sportat.se\/wp-content\/uploads\/2019\/11\/caipifins_charakteristics-1-416x407.png 416w, https:\/\/sportat.se\/wp-content\/uploads\/2019\/11\/caipifins_charakteristics-1.png 1200w\" sizes=\"(max-width: 300px) 100vw, 300px\" \/><\/a><\/p>","protected":false},"excerpt":{"rendered":"<p>CAIPI FINS \u00e4r den f\u00f6rb\u00e4ttrade modellen av Caipi. Caipi \u00e4r i sin tur vidare utveckling av den popul\u00e4ra Tik Tak-kajaken med r\u00e5d fr\u00e5n v\u00e4rlds- och Europam\u00e4staren Boris Neveu. Sittbrunnen har flyttats tillbaka n\u00e5gra centimeter: volymen bakom sittbrunnen \u00e4r l\u00e4gre j\u00e4mf\u00f6rt med Tik Tak, och kajakens bredaste punkt har flyttats tillbaka f\u00f6r att g\u00f6ra aktern mer stabil. Caipi-fenorna har f\u00e5tt n\u00e5gra kosmetiska justeringar: De fr\u00e4mre 80 centimeterna p\u00e5 skrovet \u00e4r lite mer rundade och aktern har \u00e4ndrats n\u00e5got s\u00e5 att kajaken blir b\u00e4ttre. Dessa sm\u00e5 f\u00f6r\u00e4ndringar i skrovet s\u00e4kerst\u00e4ller att vridningen f\u00f6rb\u00e4ttras och tack vare fenorna h\u00e5ller CAIPI FINS linjen perfekt och det finns mycket begr\u00e4nsad sidledes r\u00f6relse medan den accelererar. De integrerade fenorna \u00e4r utformade f\u00f6r att uppfylla ICF-reglerna.<\/p>","protected":false},"featured_media":2491,"template":"","meta":[],"product_brand":[],"product_cat":[52],"product_tag":[],"class_list":{"0":"post-1440","1":"product","2":"type-product","3":"status-publish","4":"has-post-thumbnail","6":"product_cat-slalomkajaker","8":"first","9":"outofstock","10":"taxable","11":"shipping-taxable","12":"purchasable","13":"product-type-variable"},"_links":{"self":[{"href":"https:\/\/sportat.se\/en\/wp-json\/wp\/v2\/product\/1440","targetHints":{"allow":["GET"]}}],"collection":[{"href":"https:\/\/sportat.se\/en\/wp-json\/wp\/v2\/product"}],"about":[{"href":"https:\/\/sportat.se\/en\/wp-json\/wp\/v2\/types\/product"}],"version-history":[{"count":1,"href":"https:\/\/sportat.se\/en\/wp-json\/wp\/v2\/product\/1440\/revisions"}],"predecessor-version":[{"id":2490,"href":"https:\/\/sportat.se\/en\/wp-json\/wp\/v2\/product\/1440\/revisions\/2490"}],"wp:featuredmedia":[{"embeddable":true,"href":"https:\/\/sportat.se\/en\/wp-json\/wp\/v2\/media\/2491"}],"wp:attachment":[{"href":"https:\/\/sportat.se\/en\/wp-json\/wp\/v2\/media?parent=1440"}],"wp:term":[{"taxonomy":"product_brand","embeddable":true,"href":"https:\/\/sportat.se\/en\/wp-json\/wp\/v2\/product_brand?post=1440"},{"taxonomy":"product_cat","embeddable":true,"href":"https:\/\/sportat.se\/en\/wp-json\/wp\/v2\/product_cat?post=1440"},{"taxonomy":"product_tag","embeddable":true,"href":"https:\/\/sportat.se\/en\/wp-json\/wp\/v2\/product_tag?post=1440"}],"curies":[{"name":"wp","href":"https:\/\/api.w.org\/{rel}","templated":true}]}}