{"id":1427,"date":"2019-12-26T18:49:42","date_gmt":"2019-12-26T18:49:42","guid":{"rendered":"http:\/\/sportat.se\/?post_type=product&#038;p=1427"},"modified":"2021-01-10T14:52:59","modified_gmt":"2021-01-10T14:52:59","slug":"sonic-boom","status":"publish","type":"product","link":"https:\/\/sportat.se\/en\/product\/sonic-boom\/","title":{"rendered":"SONIC BOOM"},"content":{"rendered":"<p><a href=\"https:\/\/media.enstasport.se\/2019\/12\/sonicboom_charakteristics.png\"><img fetchpriority=\"high\" decoding=\"async\" class=\"alignnone size-medium wp-image-1384\" src=\"https:\/\/media.enstasport.se\/2019\/12\/sonicboom_charakteristics-300x293.png\" alt=\"\" width=\"300\" height=\"293\" srcset=\"https:\/\/sportat.se\/wp-content\/uploads\/2019\/12\/sonicboom_charakteristics-300x293.png 300w, https:\/\/sportat.se\/wp-content\/uploads\/2019\/12\/sonicboom_charakteristics-600x585.png 600w, https:\/\/sportat.se\/wp-content\/uploads\/2019\/12\/sonicboom_charakteristics-1024x998.png 1024w, https:\/\/sportat.se\/wp-content\/uploads\/2019\/12\/sonicboom_charakteristics-768x749.png 768w, https:\/\/sportat.se\/wp-content\/uploads\/2019\/12\/sonicboom_charakteristics-324x316.png 324w, https:\/\/sportat.se\/wp-content\/uploads\/2019\/12\/sonicboom_charakteristics-416x406.png 416w, https:\/\/sportat.se\/wp-content\/uploads\/2019\/12\/sonicboom_charakteristics.png 1200w\" sizes=\"(max-width: 300px) 100vw, 300px\" \/><\/a><\/p>","protected":false},"excerpt":{"rendered":"<p>Sonic Boom \u00e4r eftertr\u00e4daren till Galasports mest popul\u00e4ra kajak Sonic. Den nya modellen designades av den franska paddlaren Boris Neveu. Denna kajak passar b\u00e5de till nyb\u00f6rjare och professionella\u00a0paddlare. De viktigaste f\u00f6r\u00e4ndringarna \u00e4r h\u00f6gre hastighet och b\u00e4ttre kontroll i st\u00f6rre fors. L\u00e4mplig f\u00f6r paddlare fr\u00e5n 52 till 85 kg.<\/p>","protected":false},"featured_media":2498,"template":"","meta":[],"product_brand":[],"product_cat":[52],"product_tag":[],"class_list":{"0":"post-1427","1":"product","2":"type-product","3":"status-publish","4":"has-post-thumbnail","6":"product_cat-slalomkajaker","8":"first","9":"outofstock","10":"taxable","11":"shipping-taxable","12":"purchasable","13":"product-type-variable"},"_links":{"self":[{"href":"https:\/\/sportat.se\/en\/wp-json\/wp\/v2\/product\/1427","targetHints":{"allow":["GET"]}}],"collection":[{"href":"https:\/\/sportat.se\/en\/wp-json\/wp\/v2\/product"}],"about":[{"href":"https:\/\/sportat.se\/en\/wp-json\/wp\/v2\/types\/product"}],"version-history":[{"count":1,"href":"https:\/\/sportat.se\/en\/wp-json\/wp\/v2\/product\/1427\/revisions"}],"predecessor-version":[{"id":2506,"href":"https:\/\/sportat.se\/en\/wp-json\/wp\/v2\/product\/1427\/revisions\/2506"}],"wp:featuredmedia":[{"embeddable":true,"href":"https:\/\/sportat.se\/en\/wp-json\/wp\/v2\/media\/2498"}],"wp:attachment":[{"href":"https:\/\/sportat.se\/en\/wp-json\/wp\/v2\/media?parent=1427"}],"wp:term":[{"taxonomy":"product_brand","embeddable":true,"href":"https:\/\/sportat.se\/en\/wp-json\/wp\/v2\/product_brand?post=1427"},{"taxonomy":"product_cat","embeddable":true,"href":"https:\/\/sportat.se\/en\/wp-json\/wp\/v2\/product_cat?post=1427"},{"taxonomy":"product_tag","embeddable":true,"href":"https:\/\/sportat.se\/en\/wp-json\/wp\/v2\/product_tag?post=1427"}],"curies":[{"name":"wp","href":"https:\/\/api.w.org\/{rel}","templated":true}]}}