{"id":1422,"date":"2019-12-26T18:40:10","date_gmt":"2019-12-26T18:40:10","guid":{"rendered":"http:\/\/sportat.se\/?post_type=product&#038;p=1422"},"modified":"2020-12-05T21:15:27","modified_gmt":"2020-12-05T21:15:27","slug":"rad","status":"publish","type":"product","link":"https:\/\/sportat.se\/en\/product\/rad\/","title":{"rendered":"RAD"},"content":{"rendered":"<p><a href=\"https:\/\/media.enstasport.se\/2019\/12\/rad_charakteristics.png\"><img fetchpriority=\"high\" decoding=\"async\" class=\"alignnone size-medium wp-image-1381\" src=\"https:\/\/media.enstasport.se\/2019\/12\/rad_charakteristics-300x293.png\" alt=\"\" width=\"300\" height=\"293\" srcset=\"https:\/\/sportat.se\/wp-content\/uploads\/2019\/12\/rad_charakteristics-300x293.png 300w, https:\/\/sportat.se\/wp-content\/uploads\/2019\/12\/rad_charakteristics-600x586.png 600w, https:\/\/sportat.se\/wp-content\/uploads\/2019\/12\/rad_charakteristics-1024x1000.png 1024w, https:\/\/sportat.se\/wp-content\/uploads\/2019\/12\/rad_charakteristics-768x750.png 768w, https:\/\/sportat.se\/wp-content\/uploads\/2019\/12\/rad_charakteristics-324x316.png 324w, https:\/\/sportat.se\/wp-content\/uploads\/2019\/12\/rad_charakteristics-416x406.png 416w, https:\/\/sportat.se\/wp-content\/uploads\/2019\/12\/rad_charakteristics.png 1200w\" sizes=\"(max-width: 300px) 100vw, 300px\" \/><\/a><\/p>","protected":false},"excerpt":{"rendered":"<p>Kajaken RAD har utvecklats i samarbete med Vavra Hradilek och Vit Prindis.\u00a0Det fr\u00e4msta m\u00e5let var att f\u00f6rb\u00e4ttra den popul\u00e4ra Sonic Boom modellen. Galasport har kombinerat skrov formen p\u00e5 Sonic Boom och Tik-Tak f\u00f6r att beh\u00e5lla hastigheten fram\u00e5t och samtidigt \u00f6ka rotationshastigheten.\u00a0Men st\u00f6rsta skillnad \u00e4r skenor gjutna i b\u00e5tens skrov. De h\u00e5ller b\u00e5ten p\u00e5 r\u00e4tt sp\u00e5r och optimerar hastigheten genom uppstr\u00f6ms portar.<\/p>","protected":false},"featured_media":2500,"template":"","meta":[],"product_brand":[],"product_cat":[52],"product_tag":[],"class_list":{"0":"post-1422","1":"product","2":"type-product","3":"status-publish","4":"has-post-thumbnail","6":"product_cat-slalomkajaker","8":"first","9":"outofstock","10":"taxable","11":"shipping-taxable","12":"purchasable","13":"product-type-variable"},"_links":{"self":[{"href":"https:\/\/sportat.se\/en\/wp-json\/wp\/v2\/product\/1422","targetHints":{"allow":["GET"]}}],"collection":[{"href":"https:\/\/sportat.se\/en\/wp-json\/wp\/v2\/product"}],"about":[{"href":"https:\/\/sportat.se\/en\/wp-json\/wp\/v2\/types\/product"}],"version-history":[{"count":1,"href":"https:\/\/sportat.se\/en\/wp-json\/wp\/v2\/product\/1422\/revisions"}],"predecessor-version":[{"id":2507,"href":"https:\/\/sportat.se\/en\/wp-json\/wp\/v2\/product\/1422\/revisions\/2507"}],"wp:featuredmedia":[{"embeddable":true,"href":"https:\/\/sportat.se\/en\/wp-json\/wp\/v2\/media\/2500"}],"wp:attachment":[{"href":"https:\/\/sportat.se\/en\/wp-json\/wp\/v2\/media?parent=1422"}],"wp:term":[{"taxonomy":"product_brand","embeddable":true,"href":"https:\/\/sportat.se\/en\/wp-json\/wp\/v2\/product_brand?post=1422"},{"taxonomy":"product_cat","embeddable":true,"href":"https:\/\/sportat.se\/en\/wp-json\/wp\/v2\/product_cat?post=1422"},{"taxonomy":"product_tag","embeddable":true,"href":"https:\/\/sportat.se\/en\/wp-json\/wp\/v2\/product_tag?post=1422"}],"curies":[{"name":"wp","href":"https:\/\/api.w.org\/{rel}","templated":true}]}}