{"id":1421,"date":"2019-12-26T18:25:16","date_gmt":"2019-12-26T18:25:16","guid":{"rendered":"http:\/\/sportat.se\/?post_type=product&#038;p=1421"},"modified":"2021-03-14T18:53:48","modified_gmt":"2021-03-14T18:53:48","slug":"barbusa","status":"publish","type":"product","link":"https:\/\/sportat.se\/en\/product\/barbusa\/","title":{"rendered":"BARBUSA"},"content":{"rendered":"<p><a href=\"https:\/\/media.enstasport.se\/2019\/12\/barbusa_charakteristics-1.png\"><img fetchpriority=\"high\" decoding=\"async\" class=\"alignnone size-medium wp-image-1366\" src=\"https:\/\/media.enstasport.se\/2019\/12\/barbusa_charakteristics-1-300x293.png\" alt=\"\" width=\"300\" height=\"293\" srcset=\"https:\/\/sportat.se\/wp-content\/uploads\/2019\/12\/barbusa_charakteristics-1-300x293.png 300w, https:\/\/sportat.se\/wp-content\/uploads\/2019\/12\/barbusa_charakteristics-1-600x585.png 600w, https:\/\/sportat.se\/wp-content\/uploads\/2019\/12\/barbusa_charakteristics-1-1024x998.png 1024w, https:\/\/sportat.se\/wp-content\/uploads\/2019\/12\/barbusa_charakteristics-1-768x749.png 768w, https:\/\/sportat.se\/wp-content\/uploads\/2019\/12\/barbusa_charakteristics-1-324x316.png 324w, https:\/\/sportat.se\/wp-content\/uploads\/2019\/12\/barbusa_charakteristics-1-416x406.png 416w, https:\/\/sportat.se\/wp-content\/uploads\/2019\/12\/barbusa_charakteristics-1.png 1200w\" sizes=\"(max-width: 300px) 100vw, 300px\" \/><\/a><\/p>","protected":false},"excerpt":{"rendered":"<p>BARBUSA \u00e4r den nyaste kajakmodellen f\u00f6r barn\/ungdomar den kommer fr\u00e5n den popul\u00e4ra Toril. Barbusa \u00e4r anpassad till mindre kroppsstorlek och det g\u00f6r att en ung paddlare kan ha samma kajakupplevelse som en vuxen. Dimensionerna p\u00e5 Barbusa uppfyller ICF: s regler. J\u00e4mf\u00f6rt med Toril sv\u00e4nger Barbusa snabbare med svansen under vatten och den \u00e4r mer lyh\u00f6rd. Volymen p\u00e5 Barbusa \u00e4r mindre framtill p\u00e5 b\u00e5ten och kajaken \u00e4r smalare n\u00e4r du j\u00e4mf\u00f6r det med en vuxen modell.\u00a0Detta inneb\u00e4r att en ung paddlare kan dra bladet l\u00e4ngs kajaken och d\u00e4rf\u00f6r utvecklar en bra paddlingsteknik. Sittbrunnen \u00e4r n\u00e5got mindre \u00e4n den vanliga storleken.<\/p>","protected":false},"featured_media":2848,"template":"","meta":[],"product_brand":[],"product_cat":[55,103],"product_tag":[],"class_list":{"0":"post-1421","1":"product","2":"type-product","3":"status-publish","4":"has-post-thumbnail","6":"product_cat-barnkajaker","7":"product_cat-klubb","9":"first","10":"instock","11":"taxable","12":"shipping-taxable","13":"purchasable","14":"product-type-simple"},"_links":{"self":[{"href":"https:\/\/sportat.se\/en\/wp-json\/wp\/v2\/product\/1421","targetHints":{"allow":["GET"]}}],"collection":[{"href":"https:\/\/sportat.se\/en\/wp-json\/wp\/v2\/product"}],"about":[{"href":"https:\/\/sportat.se\/en\/wp-json\/wp\/v2\/types\/product"}],"version-history":[{"count":1,"href":"https:\/\/sportat.se\/en\/wp-json\/wp\/v2\/product\/1421\/revisions"}],"predecessor-version":[{"id":2381,"href":"https:\/\/sportat.se\/en\/wp-json\/wp\/v2\/product\/1421\/revisions\/2381"}],"wp:featuredmedia":[{"embeddable":true,"href":"https:\/\/sportat.se\/en\/wp-json\/wp\/v2\/media\/2848"}],"wp:attachment":[{"href":"https:\/\/sportat.se\/en\/wp-json\/wp\/v2\/media?parent=1421"}],"wp:term":[{"taxonomy":"product_brand","embeddable":true,"href":"https:\/\/sportat.se\/en\/wp-json\/wp\/v2\/product_brand?post=1421"},{"taxonomy":"product_cat","embeddable":true,"href":"https:\/\/sportat.se\/en\/wp-json\/wp\/v2\/product_cat?post=1421"},{"taxonomy":"product_tag","embeddable":true,"href":"https:\/\/sportat.se\/en\/wp-json\/wp\/v2\/product_tag?post=1421"}],"curies":[{"name":"wp","href":"https:\/\/api.w.org\/{rel}","templated":true}]}}