{"id":1416,"date":"2019-12-25T21:32:12","date_gmt":"2019-12-25T21:32:12","guid":{"rendered":"http:\/\/sportat.se\/?post_type=product&#038;p=1416"},"modified":"2022-06-15T19:43:38","modified_gmt":"2022-06-15T19:43:38","slug":"fugu","status":"publish","type":"product","link":"https:\/\/sportat.se\/en\/product\/fugu\/","title":{"rendered":"FUGU"},"content":{"rendered":"<p><a href=\"https:\/\/media.enstasport.se\/2019\/12\/fugu_charakteristics.png\"><img fetchpriority=\"high\" decoding=\"async\" class=\"alignnone size-medium wp-image-1417\" src=\"https:\/\/media.enstasport.se\/2019\/12\/fugu_charakteristics-300x293.png\" alt=\"\" width=\"300\" height=\"293\" srcset=\"https:\/\/sportat.se\/wp-content\/uploads\/2019\/12\/fugu_charakteristics-300x293.png 300w, https:\/\/sportat.se\/wp-content\/uploads\/2019\/12\/fugu_charakteristics-600x586.png 600w, https:\/\/sportat.se\/wp-content\/uploads\/2019\/12\/fugu_charakteristics-1024x1000.png 1024w, https:\/\/sportat.se\/wp-content\/uploads\/2019\/12\/fugu_charakteristics-768x750.png 768w, https:\/\/sportat.se\/wp-content\/uploads\/2019\/12\/fugu_charakteristics-324x316.png 324w, https:\/\/sportat.se\/wp-content\/uploads\/2019\/12\/fugu_charakteristics-416x406.png 416w, https:\/\/sportat.se\/wp-content\/uploads\/2019\/12\/fugu_charakteristics.png 1200w\" sizes=\"(max-width: 300px) 100vw, 300px\" \/><\/a><\/p>","protected":false},"excerpt":{"rendered":"<p>M\u00e5nga paddlare \u00e4lskade TIK TAK modellen och de kunde inte s\u00e4ga adj\u00f6 till denna extremt popul\u00e4ra kajak. N\u00e4r Galasport letade efter ett s\u00e4tt att f\u00f6rb\u00e4ttra TIK TAK var m\u00e5let att beh\u00e5lla kajakens hastighet och dess snabba rotation. Efter en l\u00e5ng utveckling skapades FUGU. I grund och botten f\u00f6r\u00e4ndrades inte formen p\u00e5 TIK TAK men sidorna p\u00e5 kajaken \u00e4ndrades f\u00f6r att f\u00f6rb\u00e4ttra kajakens hastighet utan att p\u00e5verka rotationshastigheten. Tack vare en liten \u00f6kning av volymen i vissa omr\u00e5den har FUGU en b\u00e4ttre acceleration n\u00e4r man sv\u00e4nger med baken under vatten.<\/p>","protected":false},"featured_media":2493,"template":"","meta":[],"product_brand":[],"product_cat":[52],"product_tag":[],"class_list":{"0":"post-1416","1":"product","2":"type-product","3":"status-publish","4":"has-post-thumbnail","6":"product_cat-slalomkajaker","8":"first","9":"outofstock","10":"taxable","11":"shipping-taxable","12":"purchasable","13":"product-type-variable"},"_links":{"self":[{"href":"https:\/\/sportat.se\/en\/wp-json\/wp\/v2\/product\/1416","targetHints":{"allow":["GET"]}}],"collection":[{"href":"https:\/\/sportat.se\/en\/wp-json\/wp\/v2\/product"}],"about":[{"href":"https:\/\/sportat.se\/en\/wp-json\/wp\/v2\/types\/product"}],"version-history":[{"count":1,"href":"https:\/\/sportat.se\/en\/wp-json\/wp\/v2\/product\/1416\/revisions"}],"predecessor-version":[{"id":2494,"href":"https:\/\/sportat.se\/en\/wp-json\/wp\/v2\/product\/1416\/revisions\/2494"}],"wp:featuredmedia":[{"embeddable":true,"href":"https:\/\/sportat.se\/en\/wp-json\/wp\/v2\/media\/2493"}],"wp:attachment":[{"href":"https:\/\/sportat.se\/en\/wp-json\/wp\/v2\/media?parent=1416"}],"wp:term":[{"taxonomy":"product_brand","embeddable":true,"href":"https:\/\/sportat.se\/en\/wp-json\/wp\/v2\/product_brand?post=1416"},{"taxonomy":"product_cat","embeddable":true,"href":"https:\/\/sportat.se\/en\/wp-json\/wp\/v2\/product_cat?post=1416"},{"taxonomy":"product_tag","embeddable":true,"href":"https:\/\/sportat.se\/en\/wp-json\/wp\/v2\/product_tag?post=1416"}],"curies":[{"name":"wp","href":"https:\/\/api.w.org\/{rel}","templated":true}]}}