{"id":1413,"date":"2019-12-25T13:41:19","date_gmt":"2019-12-25T13:41:19","guid":{"rendered":"http:\/\/sportat.se\/?post_type=product&#038;p=1413"},"modified":"2023-03-22T18:44:16","modified_gmt":"2023-03-22T18:44:16","slug":"1413","status":"publish","type":"product","link":"https:\/\/sportat.se\/en\/product\/1413\/","title":{"rendered":"OMAKASE"},"content":{"rendered":"<p><a href=\"https:\/\/media.enstasport.se\/2019\/12\/omakase_charakteristics.png\"><img fetchpriority=\"high\" decoding=\"async\" class=\"alignnone size-medium wp-image-1415\" src=\"https:\/\/media.enstasport.se\/2019\/12\/omakase_charakteristics-300x293.png\" alt=\"\" width=\"300\" height=\"293\" srcset=\"https:\/\/sportat.se\/wp-content\/uploads\/2019\/12\/omakase_charakteristics-300x293.png 300w, https:\/\/sportat.se\/wp-content\/uploads\/2019\/12\/omakase_charakteristics-600x586.png 600w, https:\/\/sportat.se\/wp-content\/uploads\/2019\/12\/omakase_charakteristics-1024x1000.png 1024w, https:\/\/sportat.se\/wp-content\/uploads\/2019\/12\/omakase_charakteristics-768x750.png 768w, https:\/\/sportat.se\/wp-content\/uploads\/2019\/12\/omakase_charakteristics-324x316.png 324w, https:\/\/sportat.se\/wp-content\/uploads\/2019\/12\/omakase_charakteristics-416x406.png 416w, https:\/\/sportat.se\/wp-content\/uploads\/2019\/12\/omakase_charakteristics.png 1200w\" sizes=\"(max-width: 300px) 100vw, 300px\" \/><\/a><\/p>","protected":false},"excerpt":{"rendered":"<p class=\"p1\">N\u00e4r du s\u00e4ger &#8221;OMAKASE&#8221; l\u00e4gger du din matupplevelse i h\u00e4nderna p\u00e5 en japansk kock.\u00a0N\u00e4r du g\u00f6r en best\u00e4llning p\u00e5 OMAKASE blir du positivt \u00f6verraskad av v\u00e5r m\u00e4sterkayakdesigner, Boris Neveu, som innehar titeln som b\u00e5de v\u00e4rldsm\u00e4stare och europam\u00e4stare.<\/p>\n<p class=\"p1\">OMAKASE \u00e4r en uppgradering av den tidigare modellen, CAIPI, som designades i samarbete med Boris 2015. Den \u00e4r dock inte en ers\u00e4ttning f\u00f6r den dynamiska kajaken CAIPI FINS, som hade och kommer att forts\u00e4tta att ha sina egna trogna anv\u00e4ndare. V\u00e5rt m\u00e5l var att skapa en kajak med liknande egenskaper som CAIPI FINS, utan att ha fenor p\u00e5 skrovet. Vissa kunder har en negativ inst\u00e4llning till kajaker med fenor och de f\u00f6redrar ett smidigt enklare skrov.<\/p>\n<p class=\"p1\">Skrovets kvadratiska profil s\u00e4kerst\u00e4ller att OMAKASE kan h\u00e5lla riktningen perfekt och inte har n\u00e5gon tendens att vingla, vare sig det \u00e4r fram\u00e5tdrivet eller accelererationen. Genom att ut\u00f6ka OMAKASE-skrovet d\u00e4r den f\u00f6reg\u00e5ende modellen har sina fenor har vi kunnat f\u00e5 mycket b\u00e4ttre stabilitet.<\/p>\n<p class=\"p1\">Den bakre delen av sittbrunnen \u00e4r l\u00e4gre med 10 mm j\u00e4mf\u00f6rt med CAIPI FINS. Du kan bekv\u00e4mt luta dig bak\u00e5t. D\u00e4cket framf\u00f6r sittbrunnen \u00e4r tillplattat f\u00f6r att l\u00e4ttare kunna komma under l\u00e5ga portar. Tack vare n\u00e5gra justeringar av bakre delen har sv\u00e4ngf\u00f6rm\u00e5gan f\u00f6rb\u00e4ttrats avsev\u00e4rt!<\/p>\n<p class=\"p1\">Den kajak kan endast best\u00e4llas som\u00a0 Carbolight-version. Verkligen h\u00f6gpresterande kajak f\u00f6r alla med de h\u00f6gsta ambitionerna.<\/p>","protected":false},"featured_media":2502,"template":"","meta":[],"product_brand":[],"product_cat":[52],"product_tag":[],"class_list":{"0":"post-1413","1":"product","2":"type-product","3":"status-publish","4":"has-post-thumbnail","6":"product_cat-slalomkajaker","8":"first","9":"instock","10":"taxable","11":"shipping-taxable","12":"purchasable","13":"product-type-simple"},"_links":{"self":[{"href":"https:\/\/sportat.se\/en\/wp-json\/wp\/v2\/product\/1413","targetHints":{"allow":["GET"]}}],"collection":[{"href":"https:\/\/sportat.se\/en\/wp-json\/wp\/v2\/product"}],"about":[{"href":"https:\/\/sportat.se\/en\/wp-json\/wp\/v2\/types\/product"}],"version-history":[{"count":2,"href":"https:\/\/sportat.se\/en\/wp-json\/wp\/v2\/product\/1413\/revisions"}],"predecessor-version":[{"id":2508,"href":"https:\/\/sportat.se\/en\/wp-json\/wp\/v2\/product\/1413\/revisions\/2508"}],"wp:featuredmedia":[{"embeddable":true,"href":"https:\/\/sportat.se\/en\/wp-json\/wp\/v2\/media\/2502"}],"wp:attachment":[{"href":"https:\/\/sportat.se\/en\/wp-json\/wp\/v2\/media?parent=1413"}],"wp:term":[{"taxonomy":"product_brand","embeddable":true,"href":"https:\/\/sportat.se\/en\/wp-json\/wp\/v2\/product_brand?post=1413"},{"taxonomy":"product_cat","embeddable":true,"href":"https:\/\/sportat.se\/en\/wp-json\/wp\/v2\/product_cat?post=1413"},{"taxonomy":"product_tag","embeddable":true,"href":"https:\/\/sportat.se\/en\/wp-json\/wp\/v2\/product_tag?post=1413"}],"curies":[{"name":"wp","href":"https:\/\/api.w.org\/{rel}","templated":true}]}}