{"id":1412,"date":"2019-12-25T13:24:51","date_gmt":"2019-12-25T13:24:51","guid":{"rendered":"http:\/\/sportat.se\/?post_type=product&#038;p=1412"},"modified":"2020-12-20T17:04:31","modified_gmt":"2020-12-20T17:04:31","slug":"phoenix-xxl","status":"publish","type":"product","link":"https:\/\/sportat.se\/en\/product\/phoenix-xxl\/","title":{"rendered":"PHOENIX XXL"},"content":{"rendered":"","protected":false},"excerpt":{"rendered":"<p>Denna kajak har tagits fram av Phoenix-designerna. M\u00e5let\u00a0var att utveckla en kajak f\u00f6r st\u00f6rre paddlare med samma snabba och man\u00f6vrerbara egenskaper som Phoenix. Dess st\u00f6rre sittbrunn (2 cm bredare och 2,5 cm l\u00e4ngre) och \u00f6kad volym m\u00f6jligg\u00f6r bekv\u00e4mare paddling. Sitsen \u00e4r ocks\u00e5 proportionellt st\u00f6rre, anpassad till en fullvuxen paddlare. Tack vare en central, l\u00e4ngsg\u00e5ende kant i den fr\u00e4mre sektionens botten, har accelerationen och sluthastigheten \u00f6kat. Den bakre delen har formats bredare och plattare vilket m\u00f6jligg\u00f6r snabbare sv\u00e4ngar.<\/p>","protected":false},"featured_media":1407,"template":"","meta":[],"product_brand":[],"product_cat":[54],"product_tag":[],"class_list":{"0":"post-1412","1":"product","2":"type-product","3":"status-publish","4":"has-post-thumbnail","6":"product_cat-polokajaker","8":"first","9":"instock","10":"taxable","11":"shipping-taxable","12":"product-type-simple"},"_links":{"self":[{"href":"https:\/\/sportat.se\/en\/wp-json\/wp\/v2\/product\/1412","targetHints":{"allow":["GET"]}}],"collection":[{"href":"https:\/\/sportat.se\/en\/wp-json\/wp\/v2\/product"}],"about":[{"href":"https:\/\/sportat.se\/en\/wp-json\/wp\/v2\/types\/product"}],"version-history":[{"count":1,"href":"https:\/\/sportat.se\/en\/wp-json\/wp\/v2\/product\/1412\/revisions"}],"predecessor-version":[{"id":2850,"href":"https:\/\/sportat.se\/en\/wp-json\/wp\/v2\/product\/1412\/revisions\/2850"}],"wp:featuredmedia":[{"embeddable":true,"href":"https:\/\/sportat.se\/en\/wp-json\/wp\/v2\/media\/1407"}],"wp:attachment":[{"href":"https:\/\/sportat.se\/en\/wp-json\/wp\/v2\/media?parent=1412"}],"wp:term":[{"taxonomy":"product_brand","embeddable":true,"href":"https:\/\/sportat.se\/en\/wp-json\/wp\/v2\/product_brand?post=1412"},{"taxonomy":"product_cat","embeddable":true,"href":"https:\/\/sportat.se\/en\/wp-json\/wp\/v2\/product_cat?post=1412"},{"taxonomy":"product_tag","embeddable":true,"href":"https:\/\/sportat.se\/en\/wp-json\/wp\/v2\/product_tag?post=1412"}],"curies":[{"name":"wp","href":"https:\/\/api.w.org\/{rel}","templated":true}]}}