{"id":1411,"date":"2019-12-25T13:16:02","date_gmt":"2019-12-25T13:16:02","guid":{"rendered":"http:\/\/sportat.se\/?post_type=product&#038;p=1411"},"modified":"2020-12-20T17:05:17","modified_gmt":"2020-12-20T17:05:17","slug":"1411","status":"publish","type":"product","link":"https:\/\/sportat.se\/en\/product\/1411\/","title":{"rendered":"PHOENIX"},"content":{"rendered":"","protected":false},"excerpt":{"rendered":"<p>Den popul\u00e4ra polokajaken PHOENIX, har f\u00e5tt en ny &#8221;ansiktslyftning&#8221;. Formen har \u00e4ndrats f\u00f6r att passa inbyggda st\u00f6tf\u00e5ngare i b\u00e5de fr\u00e4mre och bakre delen av kajaken. PHOENIX IB designades av Phillip Pfister och Neklad Unger\u00a0 som ett projekt f\u00f6r att utveckla en snabb och l\u00e4ttkontrollerad kajak. Tack vare de sm\u00e5 l\u00e4ngsg\u00e5ende kanterna p\u00e5 b\u00e5de den fr\u00e4mre och bakre delen av kajaken \u00e4r hastigheten och accelerationen h\u00f6gre.<\/p>\n<p>&nbsp;<\/p>","protected":false},"featured_media":1407,"template":"","meta":[],"product_brand":[],"product_cat":[54],"product_tag":[],"class_list":{"0":"post-1411","1":"product","2":"type-product","3":"status-publish","4":"has-post-thumbnail","6":"product_cat-polokajaker","8":"first","9":"instock","10":"taxable","11":"shipping-taxable","12":"product-type-simple"},"_links":{"self":[{"href":"https:\/\/sportat.se\/en\/wp-json\/wp\/v2\/product\/1411","targetHints":{"allow":["GET"]}}],"collection":[{"href":"https:\/\/sportat.se\/en\/wp-json\/wp\/v2\/product"}],"about":[{"href":"https:\/\/sportat.se\/en\/wp-json\/wp\/v2\/types\/product"}],"version-history":[{"count":1,"href":"https:\/\/sportat.se\/en\/wp-json\/wp\/v2\/product\/1411\/revisions"}],"predecessor-version":[{"id":2851,"href":"https:\/\/sportat.se\/en\/wp-json\/wp\/v2\/product\/1411\/revisions\/2851"}],"wp:featuredmedia":[{"embeddable":true,"href":"https:\/\/sportat.se\/en\/wp-json\/wp\/v2\/media\/1407"}],"wp:attachment":[{"href":"https:\/\/sportat.se\/en\/wp-json\/wp\/v2\/media?parent=1411"}],"wp:term":[{"taxonomy":"product_brand","embeddable":true,"href":"https:\/\/sportat.se\/en\/wp-json\/wp\/v2\/product_brand?post=1411"},{"taxonomy":"product_cat","embeddable":true,"href":"https:\/\/sportat.se\/en\/wp-json\/wp\/v2\/product_cat?post=1411"},{"taxonomy":"product_tag","embeddable":true,"href":"https:\/\/sportat.se\/en\/wp-json\/wp\/v2\/product_tag?post=1411"}],"curies":[{"name":"wp","href":"https:\/\/api.w.org\/{rel}","templated":true}]}}