{"id":1408,"date":"2019-12-25T12:49:01","date_gmt":"2019-12-25T12:49:01","guid":{"rendered":"http:\/\/sportat.se\/?post_type=product&#038;p=1408"},"modified":"2020-12-20T17:08:17","modified_gmt":"2020-12-20T17:08:17","slug":"1408","status":"publish","type":"product","link":"https:\/\/sportat.se\/en\/product\/1408\/","title":{"rendered":"KATJA"},"content":{"rendered":"","protected":false},"excerpt":{"rendered":"<p>KATJA \u00e4r den mindre versionen av den popul\u00e4ra PHOENIX modellen. Den \u00e4r mycket snabbt, med explosiv acceleration och enkelt att styra, allt p\u00e5 grund kortare l\u00e4ngd och mindre volym.<br \/>\nDenna kajak \u00e4r s\u00e4rskilt l\u00e4mplig f\u00f6r kvinnor och juniorer upp till 55 kg.<\/p>","protected":false},"featured_media":1401,"template":"","meta":[],"product_brand":[],"product_cat":[54],"product_tag":[],"class_list":{"0":"post-1408","1":"product","2":"type-product","3":"status-publish","4":"has-post-thumbnail","6":"product_cat-polokajaker","8":"first","9":"instock","10":"taxable","11":"shipping-taxable","12":"product-type-simple"},"_links":{"self":[{"href":"https:\/\/sportat.se\/en\/wp-json\/wp\/v2\/product\/1408","targetHints":{"allow":["GET"]}}],"collection":[{"href":"https:\/\/sportat.se\/en\/wp-json\/wp\/v2\/product"}],"about":[{"href":"https:\/\/sportat.se\/en\/wp-json\/wp\/v2\/types\/product"}],"version-history":[{"count":1,"href":"https:\/\/sportat.se\/en\/wp-json\/wp\/v2\/product\/1408\/revisions"}],"predecessor-version":[{"id":2852,"href":"https:\/\/sportat.se\/en\/wp-json\/wp\/v2\/product\/1408\/revisions\/2852"}],"wp:featuredmedia":[{"embeddable":true,"href":"https:\/\/sportat.se\/en\/wp-json\/wp\/v2\/media\/1401"}],"wp:attachment":[{"href":"https:\/\/sportat.se\/en\/wp-json\/wp\/v2\/media?parent=1408"}],"wp:term":[{"taxonomy":"product_brand","embeddable":true,"href":"https:\/\/sportat.se\/en\/wp-json\/wp\/v2\/product_brand?post=1408"},{"taxonomy":"product_cat","embeddable":true,"href":"https:\/\/sportat.se\/en\/wp-json\/wp\/v2\/product_cat?post=1408"},{"taxonomy":"product_tag","embeddable":true,"href":"https:\/\/sportat.se\/en\/wp-json\/wp\/v2\/product_tag?post=1408"}],"curies":[{"name":"wp","href":"https:\/\/api.w.org\/{rel}","templated":true}]}}