{"id":1361,"date":"2019-12-25T11:38:16","date_gmt":"2019-12-25T11:38:16","guid":{"rendered":"http:\/\/sportat.se\/?post_type=product&#038;p=1361"},"modified":"2020-12-05T21:18:22","modified_gmt":"2020-12-05T21:18:22","slug":"mexxl-carbolight","status":"publish","type":"product","link":"https:\/\/sportat.se\/en\/product\/mexxl-carbolight\/","title":{"rendered":"ME XXL"},"content":{"rendered":"<p><a href=\"https:\/\/media.enstasport.se\/2019\/12\/kolecko_mexxl.png\"><img fetchpriority=\"high\" decoding=\"async\" class=\"alignnone size-medium wp-image-1388\" src=\"https:\/\/media.enstasport.se\/2019\/12\/kolecko_mexxl-300x287.png\" alt=\"\" width=\"300\" height=\"287\" srcset=\"https:\/\/sportat.se\/wp-content\/uploads\/2019\/12\/kolecko_mexxl-300x287.png 300w, https:\/\/sportat.se\/wp-content\/uploads\/2019\/12\/kolecko_mexxl-416x398.png 416w, https:\/\/sportat.se\/wp-content\/uploads\/2019\/12\/kolecko_mexxl-324x310.png 324w, https:\/\/sportat.se\/wp-content\/uploads\/2019\/12\/kolecko_mexxl.png 600w\" sizes=\"(max-width: 300px) 100vw, 300px\" \/><\/a><\/p>","protected":false},"excerpt":{"rendered":"<p>Slalom marknaden saknade under l\u00e4ngre tid en b\u00e5t f\u00f6r den fullvuxna paddlaren. M\u00e5let med modellen MEXXL \u00e4r att ge komfort och bra k\u00e4nsla n\u00e4r man paddlar \u00e4ven f\u00f6r riktigt stora och tunga paddlare. Denna modell utvecklades fr\u00e5n Sonic XXL.\u00a0Alla f\u00f6r\u00e4ndringar i formen gjordes f\u00f6r att ta h\u00e4nsyn till kraven hos paddlare som v\u00e4ger \u00f6ver 90 kg. Faktum att n\u00e4stan alla kan b\u00f6rja paddla nu tack vare den h\u00e4r b\u00e5ten blev \u00e4ntligen sanning.<\/p>","protected":false},"featured_media":2496,"template":"","meta":[],"product_brand":[],"product_cat":[52],"product_tag":[],"class_list":{"0":"post-1361","1":"product","2":"type-product","3":"status-publish","4":"has-post-thumbnail","6":"product_cat-slalomkajaker","8":"first","9":"outofstock","10":"taxable","11":"shipping-taxable","12":"purchasable","13":"product-type-variable"},"_links":{"self":[{"href":"https:\/\/sportat.se\/en\/wp-json\/wp\/v2\/product\/1361","targetHints":{"allow":["GET"]}}],"collection":[{"href":"https:\/\/sportat.se\/en\/wp-json\/wp\/v2\/product"}],"about":[{"href":"https:\/\/sportat.se\/en\/wp-json\/wp\/v2\/types\/product"}],"version-history":[{"count":2,"href":"https:\/\/sportat.se\/en\/wp-json\/wp\/v2\/product\/1361\/revisions"}],"predecessor-version":[{"id":2509,"href":"https:\/\/sportat.se\/en\/wp-json\/wp\/v2\/product\/1361\/revisions\/2509"}],"wp:featuredmedia":[{"embeddable":true,"href":"https:\/\/sportat.se\/en\/wp-json\/wp\/v2\/media\/2496"}],"wp:attachment":[{"href":"https:\/\/sportat.se\/en\/wp-json\/wp\/v2\/media?parent=1361"}],"wp:term":[{"taxonomy":"product_brand","embeddable":true,"href":"https:\/\/sportat.se\/en\/wp-json\/wp\/v2\/product_brand?post=1361"},{"taxonomy":"product_cat","embeddable":true,"href":"https:\/\/sportat.se\/en\/wp-json\/wp\/v2\/product_cat?post=1361"},{"taxonomy":"product_tag","embeddable":true,"href":"https:\/\/sportat.se\/en\/wp-json\/wp\/v2\/product_tag?post=1361"}],"curies":[{"name":"wp","href":"https:\/\/api.w.org\/{rel}","templated":true}]}}