{"id":1272,"date":"2019-12-21T21:57:10","date_gmt":"2019-12-21T21:57:10","guid":{"rendered":"http:\/\/sportat.se\/?post_type=product&#038;p=1272"},"modified":"2025-03-28T17:49:16","modified_gmt":"2025-03-28T17:49:16","slug":"paddel-contact-midi-multicolor","status":"publish","type":"product","link":"https:\/\/sportat.se\/en\/product\/paddel-contact-midi-multicolor\/","title":{"rendered":"Paddel Contact Midi Multicolor"},"content":{"rendered":"<div>Bredd (cm): 19,80<\/div>\n<div class=\"field field-name-field-product-length field-type-text field-label-inline clearfix\">\n<div class=\"field-label\">L\u00e4ngd (cm): 47,5<\/div>\n<\/div>\n<div class=\"field field-name-field-product-area field-type-text field-label-above\">\n<div class=\"field-label\">Yta (cm2): 628<\/div>\n<div>Material: Glasfiber<\/div>\n<\/div>\n<div class=\"field field-name-field-product-material field-type-text field-label-inline clearfix\">\n<div class=\"field-label\"><\/div>\n<\/div>","protected":false},"excerpt":{"rendered":"<p>Contact paddeln har funnits p\u00e5 marknaden under l\u00e4ngre tid och \u00e4r en v\u00e4ldigt omtyckt paddel hos paddlare med en lugnare paddelstil. Paddel som sitter stabilt i vattnet ger fint driv fram\u00e5t och bra kontroll i sv\u00e4ngarna.<\/p>\n<p>Modell Midi har mellanstora blad som passar till paddlare upp till 80 kg.<\/p>","protected":false},"featured_media":1184,"template":"","meta":[],"product_brand":[],"product_cat":[40,57],"product_tag":[],"class_list":{"0":"post-1272","1":"product","2":"type-product","3":"status-publish","4":"has-post-thumbnail","6":"product_cat-paddlar","7":"product_cat-slalompaddlar","9":"first","10":"instock","11":"taxable","12":"shipping-taxable","13":"purchasable","14":"product-type-simple"},"_links":{"self":[{"href":"https:\/\/sportat.se\/en\/wp-json\/wp\/v2\/product\/1272","targetHints":{"allow":["GET"]}}],"collection":[{"href":"https:\/\/sportat.se\/en\/wp-json\/wp\/v2\/product"}],"about":[{"href":"https:\/\/sportat.se\/en\/wp-json\/wp\/v2\/types\/product"}],"version-history":[{"count":2,"href":"https:\/\/sportat.se\/en\/wp-json\/wp\/v2\/product\/1272\/revisions"}],"predecessor-version":[{"id":2853,"href":"https:\/\/sportat.se\/en\/wp-json\/wp\/v2\/product\/1272\/revisions\/2853"}],"wp:featuredmedia":[{"embeddable":true,"href":"https:\/\/sportat.se\/en\/wp-json\/wp\/v2\/media\/1184"}],"wp:attachment":[{"href":"https:\/\/sportat.se\/en\/wp-json\/wp\/v2\/media?parent=1272"}],"wp:term":[{"taxonomy":"product_brand","embeddable":true,"href":"https:\/\/sportat.se\/en\/wp-json\/wp\/v2\/product_brand?post=1272"},{"taxonomy":"product_cat","embeddable":true,"href":"https:\/\/sportat.se\/en\/wp-json\/wp\/v2\/product_cat?post=1272"},{"taxonomy":"product_tag","embeddable":true,"href":"https:\/\/sportat.se\/en\/wp-json\/wp\/v2\/product_tag?post=1272"}],"curies":[{"name":"wp","href":"https:\/\/api.w.org\/{rel}","templated":true}]}}