{"id":1265,"date":"2019-12-21T20:22:13","date_gmt":"2019-12-21T20:22:13","guid":{"rendered":"http:\/\/sportat.se\/?post_type=product&#038;p=1265"},"modified":"2024-07-17T09:03:12","modified_gmt":"2024-07-17T09:03:12","slug":"ro-vikingabat-till-deras-historiska-platser","status":"publish","type":"product","link":"https:\/\/sportat.se\/en\/product\/ro-vikingabat-till-deras-historiska-platser\/","title":{"rendered":"Ro vikingab\u00e5t till deras historiska platser"},"content":{"rendered":"<p>S\u00e4song: maj &#8211; oktober<\/p>\n<p>L\u00e4ngd: 3 timmar<\/p>\n<p>Antal deltagare: min 4, max 10<\/p>\n<p>Krav p\u00e5 erfarenhet: Ingen<\/p>\n<p>Spr\u00e5k: Svenska, Engelska<\/p>","protected":false},"excerpt":{"rendered":"<p>Kl\u00e4dda som vikingar ror vi en vikingab\u00e5t i Fyris\u00e5n mellan Vallsg\u00e4rde gravf\u00e4ltet och Gamla Uppsala. Du kan ro sj\u00e4lv den stadiga b\u00e5ten eller bara sitta och njuta av f\u00e4rden i den or\u00f6rda naturen med ett rikt f\u00e5gelliv.<\/p>\n<p>I Valsg\u00e4rdet kan du ta en promenad p\u00e5 gravf\u00e4ltet. P\u00e5 h\u00f6jden finns ovala svackor, vilka \u00e4r sp\u00e5r av b\u00e5tgravar. H\u00e4r har betydande m\u00e4n begravts i b\u00e5tar, tillsammans med praktfull gravutrustning s\u00e5som vapen, h\u00e4stmunderingar, husger\u00e5d och offerdjur.<\/p>\n<p>I Gamla Uppsala fanns under j\u00e4rn\u00e5ldern ett v\u00e4lutvecklat samh\u00e4lle kring h\u00f6gar i Uppsala. M\u00e5nga arkeologiska fynd hittades i omr\u00e5det och finns bevarade p\u00e5 Museet intill h\u00f6garna. I n\u00e4rheten finns en gammal kyrka med figurer i tr\u00e4.<\/p>\n<p>B\u00e5tf\u00e4rden kan kombineras med andra aktiviteter utifr\u00e5n gruppens \u00f6nskem\u00e5l.<\/p>","protected":false},"featured_media":998,"template":"","meta":[],"product_brand":[],"product_cat":[75],"product_tag":[],"class_list":{"0":"post-1265","1":"product","2":"type-product","3":"status-publish","4":"has-post-thumbnail","6":"product_cat-vikingar","8":"first","9":"instock","10":"taxable","11":"shipping-taxable","12":"purchasable","13":"product-type-simple"},"_links":{"self":[{"href":"https:\/\/sportat.se\/en\/wp-json\/wp\/v2\/product\/1265","targetHints":{"allow":["GET"]}}],"collection":[{"href":"https:\/\/sportat.se\/en\/wp-json\/wp\/v2\/product"}],"about":[{"href":"https:\/\/sportat.se\/en\/wp-json\/wp\/v2\/types\/product"}],"version-history":[{"count":1,"href":"https:\/\/sportat.se\/en\/wp-json\/wp\/v2\/product\/1265\/revisions"}],"predecessor-version":[{"id":1266,"href":"https:\/\/sportat.se\/en\/wp-json\/wp\/v2\/product\/1265\/revisions\/1266"}],"wp:featuredmedia":[{"embeddable":true,"href":"https:\/\/sportat.se\/en\/wp-json\/wp\/v2\/media\/998"}],"wp:attachment":[{"href":"https:\/\/sportat.se\/en\/wp-json\/wp\/v2\/media?parent=1265"}],"wp:term":[{"taxonomy":"product_brand","embeddable":true,"href":"https:\/\/sportat.se\/en\/wp-json\/wp\/v2\/product_brand?post=1265"},{"taxonomy":"product_cat","embeddable":true,"href":"https:\/\/sportat.se\/en\/wp-json\/wp\/v2\/product_cat?post=1265"},{"taxonomy":"product_tag","embeddable":true,"href":"https:\/\/sportat.se\/en\/wp-json\/wp\/v2\/product_tag?post=1265"}],"curies":[{"name":"wp","href":"https:\/\/api.w.org\/{rel}","templated":true}]}}