{"id":1241,"date":"2019-11-24T08:35:14","date_gmt":"2019-11-24T08:35:14","guid":{"rendered":"http:\/\/sportat.se\/?post_type=product&#038;p=1241"},"modified":"2024-07-17T09:03:45","modified_gmt":"2024-07-17T09:03:45","slug":"paddeljacka-black-line","status":"publish","type":"product","link":"https:\/\/sportat.se\/en\/product\/paddeljacka-black-line\/","title":{"rendered":"Paddeljacka Black Line"},"content":{"rendered":"<p><a href=\"https:\/\/media.enstasport.se\/2019\/11\/snimek_obrazovky_2013-04-16_v_13.37.07_8-1.png\"><img fetchpriority=\"high\" decoding=\"async\" class=\"alignnone size-medium wp-image-1223\" src=\"https:\/\/media.enstasport.se\/2019\/11\/snimek_obrazovky_2013-04-16_v_13.37.07_8-1-300x255.png\" alt=\"\" width=\"300\" height=\"255\" srcset=\"https:\/\/sportat.se\/wp-content\/uploads\/2019\/11\/snimek_obrazovky_2013-04-16_v_13.37.07_8-1-300x255.png 300w, https:\/\/sportat.se\/wp-content\/uploads\/2019\/11\/snimek_obrazovky_2013-04-16_v_13.37.07_8-1-416x353.png 416w, https:\/\/sportat.se\/wp-content\/uploads\/2019\/11\/snimek_obrazovky_2013-04-16_v_13.37.07_8-1-324x275.png 324w, https:\/\/sportat.se\/wp-content\/uploads\/2019\/11\/snimek_obrazovky_2013-04-16_v_13.37.07_8-1.png 584w\" sizes=\"(max-width: 300px) 100vw, 300px\" \/><\/a><\/p>","protected":false},"excerpt":{"rendered":"<p>Ny Galasport\u00a0 paddeljacka f\u00f6r varje dag. Bra passform, neopren i\u00a0 halsen och \u00e4rmmuddar\u00a0g\u00f6r den jacka extremt bekv\u00e4m. 3-lagers Nylon mini ripstop-material g\u00f6r det perfekt l\u00e4mpligt f\u00f6r kalla dagar under v\u00e5ren och h\u00f6sten!<\/p>\n<p>&#8211; vattent\u00e4t (20 000 mm)<\/p>\n<p>&#8211; andningsbar (20 000 mm \/ m2 \/ 24 timmar)<\/p>\n<p>&#8211; neopren i\u00a0 hals, midjan och \u00e4rmmuddar<\/p>\n<p>&#8211; 3-lagers Nylon mini ripstop-material<\/p>","protected":false},"featured_media":1217,"template":"","meta":[],"product_brand":[],"product_cat":[65,41],"product_tag":[],"class_list":{"0":"post-1241","1":"product","2":"type-product","3":"status-publish","4":"has-post-thumbnail","6":"product_cat-paddeljackor","7":"product_cat-utrustning","9":"first","10":"instock","11":"taxable","12":"shipping-taxable","13":"purchasable","14":"product-type-variable"},"_links":{"self":[{"href":"https:\/\/sportat.se\/en\/wp-json\/wp\/v2\/product\/1241","targetHints":{"allow":["GET"]}}],"collection":[{"href":"https:\/\/sportat.se\/en\/wp-json\/wp\/v2\/product"}],"about":[{"href":"https:\/\/sportat.se\/en\/wp-json\/wp\/v2\/types\/product"}],"version-history":[{"count":2,"href":"https:\/\/sportat.se\/en\/wp-json\/wp\/v2\/product\/1241\/revisions"}],"predecessor-version":[{"id":2599,"href":"https:\/\/sportat.se\/en\/wp-json\/wp\/v2\/product\/1241\/revisions\/2599"}],"wp:featuredmedia":[{"embeddable":true,"href":"https:\/\/sportat.se\/en\/wp-json\/wp\/v2\/media\/1217"}],"wp:attachment":[{"href":"https:\/\/sportat.se\/en\/wp-json\/wp\/v2\/media?parent=1241"}],"wp:term":[{"taxonomy":"product_brand","embeddable":true,"href":"https:\/\/sportat.se\/en\/wp-json\/wp\/v2\/product_brand?post=1241"},{"taxonomy":"product_cat","embeddable":true,"href":"https:\/\/sportat.se\/en\/wp-json\/wp\/v2\/product_cat?post=1241"},{"taxonomy":"product_tag","embeddable":true,"href":"https:\/\/sportat.se\/en\/wp-json\/wp\/v2\/product_tag?post=1241"}],"curies":[{"name":"wp","href":"https:\/\/api.w.org\/{rel}","templated":true}]}}