{"id":1067,"date":"2019-11-12T18:07:52","date_gmt":"2019-11-12T18:07:52","guid":{"rendered":"http:\/\/sportat.se\/?post_type=product&#038;p=1067"},"modified":"2026-03-01T20:54:07","modified_gmt":"2026-03-01T19:54:07","slug":"examination-av-paddelpasset-bla-niva-fors","status":"publish","type":"product","link":"https:\/\/sportat.se\/en\/product\/examination-av-paddelpasset-bla-niva-fors\/","title":{"rendered":"Examination av Paddelpasset Bl\u00e5 niv\u00e5 &#8211; Fors"},"content":{"rendered":"","protected":false},"excerpt":{"rendered":"<p>Examination av EPP bl\u00e5 &#8211; Fors<\/p>\n<p>Mer information om vilka moment som ing\u00e5r i examinationen hittar du <a href=\"https:\/\/kanot.com\/utbildning\/paddelpasset\/bla---niva-3\/forskajak-bla\">h\u00e4r.<\/a><\/p>","protected":false},"featured_media":8695,"template":"","meta":[],"product_brand":[],"product_cat":[46,51],"product_tag":[],"class_list":{"0":"post-1067","1":"product","2":"type-product","3":"status-publish","4":"has-post-thumbnail","6":"product_cat-paddling","7":"product_cat-paddelpasset-niva-bla","9":"first","10":"instock","11":"virtual","12":"sold-individually","13":"taxable","14":"purchasable","15":"product-type-phive_booking"},"_links":{"self":[{"href":"https:\/\/sportat.se\/en\/wp-json\/wp\/v2\/product\/1067","targetHints":{"allow":["GET"]}}],"collection":[{"href":"https:\/\/sportat.se\/en\/wp-json\/wp\/v2\/product"}],"about":[{"href":"https:\/\/sportat.se\/en\/wp-json\/wp\/v2\/types\/product"}],"version-history":[{"count":5,"href":"https:\/\/sportat.se\/en\/wp-json\/wp\/v2\/product\/1067\/revisions"}],"predecessor-version":[{"id":8758,"href":"https:\/\/sportat.se\/en\/wp-json\/wp\/v2\/product\/1067\/revisions\/8758"}],"wp:featuredmedia":[{"embeddable":true,"href":"https:\/\/sportat.se\/en\/wp-json\/wp\/v2\/media\/8695"}],"wp:attachment":[{"href":"https:\/\/sportat.se\/en\/wp-json\/wp\/v2\/media?parent=1067"}],"wp:term":[{"taxonomy":"product_brand","embeddable":true,"href":"https:\/\/sportat.se\/en\/wp-json\/wp\/v2\/product_brand?post=1067"},{"taxonomy":"product_cat","embeddable":true,"href":"https:\/\/sportat.se\/en\/wp-json\/wp\/v2\/product_cat?post=1067"},{"taxonomy":"product_tag","embeddable":true,"href":"https:\/\/sportat.se\/en\/wp-json\/wp\/v2\/product_tag?post=1067"}],"curies":[{"name":"wp","href":"https:\/\/api.w.org\/{rel}","templated":true}]}}