{"id":5944,"date":"2023-02-11T18:18:32","date_gmt":"2023-02-11T18:18:32","guid":{"rendered":"https:\/\/sportat.se\/?page_id=5944"},"modified":"2023-03-21T21:48:59","modified_gmt":"2023-03-21T21:48:59","slug":"viking-tours-2","status":"publish","type":"page","link":"https:\/\/sportat.se\/en\/viking-tours-2\/","title":{"rendered":"viking tours 2"},"content":{"rendered":"<div data-elementor-type=\"wp-page\" data-elementor-id=\"5944\" class=\"elementor elementor-5944\" data-elementor-post-type=\"page\">\n\t\t\t\t\t\t<section class=\"elementor-section elementor-top-section elementor-element elementor-element-ff00793 elementor-section-boxed elementor-section-height-default elementor-section-height-default\" data-id=\"ff00793\" data-element_type=\"section\" data-e-type=\"section\">\n\t\t\t\t\t\t<div class=\"elementor-container elementor-column-gap-default\">\n\t\t\t\t\t<div class=\"elementor-column elementor-col-100 elementor-top-column elementor-element elementor-element-181283e7\" data-id=\"181283e7\" data-element_type=\"column\" data-e-type=\"column\">\n\t\t\t<div class=\"elementor-widget-wrap elementor-element-populated\">\n\t\t\t\t\t\t<div class=\"elementor-element elementor-element-69d47b6a elementor-widget elementor-widget-spacer\" data-id=\"69d47b6a\" data-element_type=\"widget\" data-e-type=\"widget\" data-widget_type=\"spacer.default\">\n\t\t\t\t<div class=\"elementor-widget-container\">\n\t\t\t\t\t\t\t<div class=\"elementor-spacer\">\n\t\t\t<div class=\"elementor-spacer-inner\"><\/div>\n\t\t<\/div>\n\t\t\t\t\t\t<\/div>\n\t\t\t\t<\/div>\n\t\t\t\t<div class=\"elementor-element elementor-element-b8685a0 elementor-widget elementor-widget-text-editor\" data-id=\"b8685a0\" data-element_type=\"widget\" data-e-type=\"widget\" data-widget_type=\"text-editor.default\">\n\t\t\t\t<div class=\"elementor-widget-container\">\n\t\t\t\t\t\t\t\t\t<p><strong>Discover <\/strong><strong>the old Viking and Vendel site <\/strong><strong>Valsg\u00e4rde<\/strong><strong>, try out to row a Viking boat and challenge yourself in Viking games<\/strong><strong>!<\/strong><\/p>\t\t\t\t\t\t\t\t<\/div>\n\t\t\t\t<\/div>\n\t\t\t\t\t<\/div>\n\t\t<\/div>\n\t\t\t\t\t<\/div>\n\t\t<\/section>\n\t\t\t\t<section class=\"elementor-section elementor-top-section elementor-element elementor-element-37baa6bd elementor-section-boxed elementor-section-height-default elementor-section-height-default\" data-id=\"37baa6bd\" data-element_type=\"section\" data-e-type=\"section\">\n\t\t\t\t\t\t<div class=\"elementor-container elementor-column-gap-default\">\n\t\t\t\t\t<div class=\"elementor-column elementor-col-100 elementor-top-column elementor-element elementor-element-12169c1b\" data-id=\"12169c1b\" data-element_type=\"column\" data-e-type=\"column\">\n\t\t\t<div class=\"elementor-widget-wrap elementor-element-populated\">\n\t\t\t\t\t\t<div class=\"elementor-element elementor-element-13dcd4ab elementor-widget elementor-widget-text-editor\" data-id=\"13dcd4ab\" data-element_type=\"widget\" data-e-type=\"widget\" data-widget_type=\"text-editor.default\">\n\t\t\t\t<div class=\"elementor-widget-container\">\n\t\t\t\t\t\t\t\t\t<p><strong>Guided tour in Swedish prehistory and the Viking age on the one of most historically significant burial sites and boat inhumation graves in Sweden \u2013 Valsg\u00e4rde. The site is situated approximately three kilometers north of Old Uppsala (Gamla Uppsala) and approximately 14 kilometers from Uppsala City. Tour is ideal if you want to experience a part of the most exciting part of Swedish history in approximately two and a half hours.<\/strong><\/p><p>Go back in time and listen to the stories about the Viking and Vendel age, their society and the Fyris\u00e5n river that was an important communication and transport way long back in the history. As you are going to be able to see for yourself from tumuli, the river connects Valsg\u00e4rde with other historically important places such as Old Uppsala church (Gamla Uppsala kyrka), which was the seat of the Archbishopric of Sweden to the 1273, and boat inhumation graves nearby, Uppsala Cathedral (Uppsala domkyrka), and much more. From Uppsala City, Fyris\u00e5n runs all the way to the Lake M\u00e4laren.<\/p><p>Together with our expert guide you are going to continue unveiling the mysteries of the Viking and Vendel age on the way to, and in the Viking boat itself, and experience how to row in a Viking boat! Are you ready to fight and conquer like a Viking? Test your strength, skill and readiness with several simple and fun games by the river!<\/p>\t\t\t\t\t\t\t\t<\/div>\n\t\t\t\t<\/div>\n\t\t\t\t\t<\/div>\n\t\t<\/div>\n\t\t\t\t\t<\/div>\n\t\t<\/section>\n\t\t\t\t<section class=\"elementor-section elementor-top-section elementor-element elementor-element-1a00f9fd elementor-section-boxed elementor-section-height-default elementor-section-height-default\" data-id=\"1a00f9fd\" data-element_type=\"section\" data-e-type=\"section\">\n\t\t\t\t\t\t<div class=\"elementor-container elementor-column-gap-default\">\n\t\t\t\t\t<div class=\"elementor-column elementor-col-100 elementor-top-column elementor-element elementor-element-53eac7d7\" data-id=\"53eac7d7\" data-element_type=\"column\" data-e-type=\"column\">\n\t\t\t<div class=\"elementor-widget-wrap elementor-element-populated\">\n\t\t\t\t\t\t<section class=\"elementor-section elementor-inner-section elementor-element elementor-element-5faa81e7 elementor-section-boxed elementor-section-height-default elementor-section-height-default\" data-id=\"5faa81e7\" data-element_type=\"section\" data-e-type=\"section\">\n\t\t\t\t\t\t<div class=\"elementor-container elementor-column-gap-default\">\n\t\t\t\t\t<div class=\"elementor-column elementor-col-50 elementor-inner-column elementor-element elementor-element-788db5f3\" data-id=\"788db5f3\" data-element_type=\"column\" data-e-type=\"column\">\n\t\t\t<div class=\"elementor-widget-wrap elementor-element-populated\">\n\t\t\t\t\t\t<div class=\"elementor-element elementor-element-70ccba61 elementor-widget elementor-widget-image\" data-id=\"70ccba61\" data-element_type=\"widget\" data-e-type=\"widget\" data-widget_type=\"image.default\">\n\t\t\t\t<div class=\"elementor-widget-container\">\n\t\t\t\t\t\t\t\t\t\t\t\t\t\t\t<img fetchpriority=\"high\" decoding=\"async\" width=\"750\" height=\"500\" src=\"https:\/\/sportat.se\/wp-content\/uploads\/2023\/02\/Ullsvikingar02_liten.jpg\" class=\"attachment-large size-large wp-image-5900\" alt=\"\" srcset=\"https:\/\/sportat.se\/wp-content\/uploads\/2023\/02\/Ullsvikingar02_liten.jpg 750w, https:\/\/sportat.se\/wp-content\/uploads\/2023\/02\/Ullsvikingar02_liten-300x200.jpg 300w, https:\/\/sportat.se\/wp-content\/uploads\/2023\/02\/Ullsvikingar02_liten-600x400.jpg 600w\" sizes=\"(max-width: 750px) 100vw, 750px\" \/>\t\t\t\t\t\t\t\t\t\t\t\t\t\t\t<\/div>\n\t\t\t\t<\/div>\n\t\t\t\t\t<\/div>\n\t\t<\/div>\n\t\t\t\t<div class=\"elementor-column elementor-col-50 elementor-inner-column elementor-element elementor-element-70f259e9\" data-id=\"70f259e9\" data-element_type=\"column\" data-e-type=\"column\">\n\t\t\t<div class=\"elementor-widget-wrap elementor-element-populated\">\n\t\t\t\t\t\t<div class=\"elementor-element elementor-element-36ce7e8 elementor-widget elementor-widget-image\" data-id=\"36ce7e8\" data-element_type=\"widget\" data-e-type=\"widget\" data-widget_type=\"image.default\">\n\t\t\t\t<div class=\"elementor-widget-container\">\n\t\t\t\t\t\t\t\t\t\t\t\t\t\t\t<img decoding=\"async\" width=\"300\" height=\"300\" src=\"https:\/\/sportat.se\/wp-content\/uploads\/2023\/02\/viking-games-2-300x300.jpg\" class=\"attachment-medium size-medium wp-image-6036\" alt=\"\" srcset=\"https:\/\/sportat.se\/wp-content\/uploads\/2023\/02\/viking-games-2-300x300.jpg 300w, https:\/\/sportat.se\/wp-content\/uploads\/2023\/02\/viking-games-2-100x100.jpg 100w, https:\/\/sportat.se\/wp-content\/uploads\/2023\/02\/viking-games-2-150x150.jpg 150w, https:\/\/sportat.se\/wp-content\/uploads\/2023\/02\/viking-games-2.jpg 414w\" sizes=\"(max-width: 300px) 100vw, 300px\" \/>\t\t\t\t\t\t\t\t\t\t\t\t\t\t\t<\/div>\n\t\t\t\t<\/div>\n\t\t\t\t\t<\/div>\n\t\t<\/div>\n\t\t\t\t\t<\/div>\n\t\t<\/section>\n\t\t\t\t\t<\/div>\n\t\t<\/div>\n\t\t\t\t\t<\/div>\n\t\t<\/section>\n\t\t\t\t<section class=\"elementor-section elementor-top-section elementor-element elementor-element-2588ab5a elementor-section-boxed elementor-section-height-default elementor-section-height-default\" data-id=\"2588ab5a\" data-element_type=\"section\" data-e-type=\"section\">\n\t\t\t\t\t\t<div class=\"elementor-container elementor-column-gap-default\">\n\t\t\t\t\t<div class=\"elementor-column elementor-col-100 elementor-top-column elementor-element elementor-element-2e476d1f\" data-id=\"2e476d1f\" data-element_type=\"column\" data-e-type=\"column\">\n\t\t\t<div class=\"elementor-widget-wrap elementor-element-populated\">\n\t\t\t\t\t\t<div class=\"elementor-element elementor-element-348e21f9 elementor-widget elementor-widget-text-editor\" data-id=\"348e21f9\" data-element_type=\"widget\" data-e-type=\"widget\" data-widget_type=\"text-editor.default\">\n\t\t\t\t<div class=\"elementor-widget-container\">\n\t\t\t\t\t\t\t\t\t<p><strong>O<\/strong><strong>verview<\/strong><strong>:<\/strong><\/p><p>This tour is a part walk part boat tour.<\/p><p>The tour begins with gathering in the parking lot with Sport Adventure Travels. Once everyone has arrived you can dress as a Viking (optional). From this place we are going to take a walk (approximately 800m) to the Valsg\u00e4rde with our guide. After approximately one hour, we are going to continue listening to our guide and walking to the boat. Before we get on the Viking boat, you are required to wear a life jacket while aboard (under the Viking clothes).<\/p><p>During this adventure you are going to have a rare opportunity to experience rowing a Viking boat and navigating through the beautiful nature of Fyris\u00e5n. You can choose to either row yourself or just sit and enjoy nature and historical stories. We row on the Fyris\u00e5n for about 30 minutes. After disembarking from the boat, everyone who wants to can participate in various games of strength and skill and feel the weight of real shield and sward! Our guide welcomes all your questions!<\/p><p>After the experience, the group can stay on our terrace with free FIKA!<\/p>\t\t\t\t\t\t\t\t<\/div>\n\t\t\t\t<\/div>\n\t\t\t\t<div class=\"elementor-element elementor-element-93871bb elementor-widget elementor-widget-html\" data-id=\"93871bb\" data-element_type=\"widget\" data-e-type=\"widget\" data-widget_type=\"html.default\">\n\t\t\t\t<div class=\"elementor-widget-container\">\n\t\t\t\t\t<script type=\"text\/javascript\" src=\"https:\/\/sportat.rezdy.com\/pluginJs?script=modal\"><\/script> <a id=\"button-booking\" class=\"button-booking rezdy rezdy-modal\" href=\"https:\/\/sportat.rezdy.com\/549630\/guided-viking-history-tour-games-2\" style=\"background: rgb(13, 115, 18); border: 1px solid rgb(13, 115, 18); color: rgb(255, 255, 255); font: bold 14px \/ 1 &quot;Helvetica Neue&quot;, Helvetica, Arial, sans-serif; padding: 12px 15px; text-align: center; width: 160px; display: block; text-decoration: none; cursor: pointer;\">Book Now<\/a>\t\t\t\t<\/div>\n\t\t\t\t<\/div>\n\t\t\t\t\t<\/div>\n\t\t<\/div>\n\t\t\t\t\t<\/div>\n\t\t<\/section>\n\t\t\t\t<section class=\"elementor-section elementor-top-section elementor-element elementor-element-6befc98b elementor-section-boxed elementor-section-height-default elementor-section-height-default\" data-id=\"6befc98b\" data-element_type=\"section\" data-e-type=\"section\">\n\t\t\t\t\t\t<div class=\"elementor-container elementor-column-gap-default\">\n\t\t\t\t\t<div class=\"elementor-column elementor-col-100 elementor-top-column elementor-element elementor-element-72c622c3\" data-id=\"72c622c3\" data-element_type=\"column\" data-e-type=\"column\">\n\t\t\t<div class=\"elementor-widget-wrap elementor-element-populated\">\n\t\t\t\t\t\t<div class=\"elementor-element elementor-element-7edd121e elementor-widget elementor-widget-text-editor\" data-id=\"7edd121e\" data-element_type=\"widget\" data-e-type=\"widget\" data-widget_type=\"text-editor.default\">\n\t\t\t\t<div class=\"elementor-widget-container\">\n\t\t\t\t\t\t\t\t\t<p><strong>Please make sure to arrive at least 10 minutes before meeting time. Guided tours have to run when scheduled!<\/strong><\/p>\n<p><strong>Participation conditions:<\/strong> You are going to row through calm waters and no prior experience is required for this tour.<\/p>\n<p><strong>Dat<\/strong><strong>e and time<\/strong><strong>:<\/strong>&nbsp; from May to September 2023&nbsp;&nbsp;<\/p>\n<p><strong>Place:<\/strong> Fuller\u00f6 Ensta 115, Valsg\u00e4rde, Fyris\u00e5n<\/p>\n<p><strong>Start<\/strong><strong>\/end <\/strong><strong>location:<\/strong> Sport Adventure Travels, Fuller\u00f6 Ensta 115, <a href=\"https:\/\/www.google.com\/maps\/place\/Sport+Adventure+Travels+Uppsala\/@59.9211956,17.5698004,12z\/data=!4m5!3m4!1s0x0:0x605d890906bb955f!8m2!3d59.9212586!4d17.6311395\">Google Maps&nbsp;<\/a><\/p>\n<p><strong>Duration:<\/strong> 2,5 hours<\/p>\n<p><strong>Language:<\/strong> English<\/p>\n<p><strong>Number of people:<\/strong> min \u2013 6, max \u2013 10<\/p>\n<p><strong>Age:<\/strong> from school age<\/p>\n<p><strong>What&#8217;s Included:<\/strong> Viking boat, Viking clothes, life jackets.<\/p>\n<p><strong>W<\/strong><strong>ith us you can:<\/strong> change, leave your excess things, use the toilet, park your vehicle, pour the water, have a coffee.<\/p>\n<p><strong>To take into consideration:<\/strong> shoes for walking in nature, water bottle (can be refilled on site), sunglasses, sun cream, clothing for bad weather (depending on the weather), umbrella, caps, mobile phone protection, food<\/p>\n<p><strong>Fika:<\/strong> included in the price<\/p>\n<p><strong>Weather:<\/strong> guided tour will be held regardless of weather conditions. <a href=\"https:\/\/en.climate-data.org\/europe\/sweden\/uppsala-laen\/uppsala-165\/\">More info<\/a><\/p>\n<p><strong>Instructions:<\/strong> instructions in rowing technique and safety before and during the trip<\/p>\n<p><strong>Parking:<\/strong> available at the address<\/p>\n<p><strong>Price:<\/strong> SEK 790 for adults, SEK 650 for students and pensioners<\/p>\n<p><strong>How to get here:<\/strong><\/p>\n<p>&nbsp;&#8211; By car from Uppsala: 2 km after Gamla Uppsala turn left at the Sport Adventure Travels and Valsg\u00e4rde sign.<\/p>\n<p>&#8211; From Storvreta\/E4: turn right about 1 km after Fuller\u00f6 Handel at the Sport Adventure Travels and Valsg\u00e4rde sign.<\/p>\n<p>&#8211; By bus: bus 110 and 823 leave from Uppsala Central Station or look in the UL or SL app. Get off at Ensta stop, walk 800m.<\/p>\n<p>&#8211; There is a possibility for transportation from the bus station to the location. Car transport option only by agreement.<\/p>\n<p><strong>LARGE GROUPS &#8211; BUSES<\/strong> &#8211; the possibility of arrangement for groups of up to 20 people in the same period, contact the provider on email info@sportat.se or call 0046 (0)72 3245 832, 0046 (0)73 5302 484.<\/p>\t\t\t\t\t\t\t\t<\/div>\n\t\t\t\t<\/div>\n\t\t\t\t\t<\/div>\n\t\t<\/div>\n\t\t\t\t\t<\/div>\n\t\t<\/section>\n\t\t\t\t<section class=\"elementor-section elementor-top-section elementor-element elementor-element-7c040275 elementor-section-boxed elementor-section-height-default elementor-section-height-default\" data-id=\"7c040275\" data-element_type=\"section\" data-e-type=\"section\">\n\t\t\t\t\t\t<div class=\"elementor-container elementor-column-gap-default\">\n\t\t\t\t\t<div class=\"elementor-column elementor-col-100 elementor-top-column elementor-element elementor-element-7a07cffd\" data-id=\"7a07cffd\" data-element_type=\"column\" data-e-type=\"column\">\n\t\t\t<div class=\"elementor-widget-wrap elementor-element-populated\">\n\t\t\t\t\t\t<div class=\"elementor-element elementor-element-314dc972 elementor-widget elementor-widget-text-editor\" data-id=\"314dc972\" data-element_type=\"widget\" data-e-type=\"widget\" data-widget_type=\"text-editor.default\">\n\t\t\t\t<div class=\"elementor-widget-container\">\n\t\t\t\t\t\t\t\t\t<p><strong>CANCELATION POLICY<\/strong><\/p><p>You can cancel up to 48 hours in advance of the experience for a full refund.<\/p><p>For a full refund, you must cancel at least 48 hours before the tour\u2019s start time. If you cancel less than 48 hours before the tour\u2019s start time, the amount you paid will not be refunded. Any changes made less than 48 hours before the experience\u2019s start time will not be accepted. Cut-off times are based on the local time tour\u2019s start. The tour is going to be held regardless of weather conditions. If it has to be canceled due to extreme poor weather which may endanger the safety of the group, you\u2019ll be offered a different date or a full refund. This experience requires a minimum number of participants. If it\u2019s canceled because the minimum isn\u2019t met, you\u2019ll be offered a different date\/experience or a full refund. Additional info confirmation will be received at time of booking.<\/p>\t\t\t\t\t\t\t\t<\/div>\n\t\t\t\t<\/div>\n\t\t\t\t<div class=\"elementor-element elementor-element-dd20482 elementor-widget elementor-widget-html\" data-id=\"dd20482\" data-element_type=\"widget\" data-e-type=\"widget\" data-widget_type=\"html.default\">\n\t\t\t\t<div class=\"elementor-widget-container\">\n\t\t\t\t\t<script type=\"text\/javascript\" src=\"https:\/\/sportat.rezdy.com\/pluginJs?script=modal\"><\/script> <a id=\"button-booking\" class=\"button-booking rezdy rezdy-modal\" href=\"https:\/\/sportat.rezdy.com\/549630\/guided-viking-history-tour-games-2\" style=\"background: rgb(13, 115, 18); border: 1px solid rgb(13, 115, 18); color: rgb(255, 255, 255); font: bold 14px \/ 1 &quot;Helvetica Neue&quot;, Helvetica, Arial, sans-serif; padding: 12px 15px; text-align: center; width: 160px; display: block; text-decoration: none; cursor: pointer;\">Book Now<\/a>\t\t\t\t<\/div>\n\t\t\t\t<\/div>\n\t\t\t\t\t<\/div>\n\t\t<\/div>\n\t\t\t\t\t<\/div>\n\t\t<\/section>\n\t\t\t\t<section class=\"elementor-section elementor-top-section elementor-element elementor-element-29459aef elementor-section-boxed elementor-section-height-default elementor-section-height-default\" data-id=\"29459aef\" data-element_type=\"section\" data-e-type=\"section\">\n\t\t\t\t\t\t<div class=\"elementor-container elementor-column-gap-default\">\n\t\t\t\t\t<div class=\"elementor-column elementor-col-100 elementor-top-column elementor-element elementor-element-788ac51d\" data-id=\"788ac51d\" data-element_type=\"column\" data-e-type=\"column\">\n\t\t\t<div class=\"elementor-widget-wrap elementor-element-populated\">\n\t\t\t\t\t\t<div class=\"elementor-element elementor-element-4655891b elementor-widget elementor-widget-image\" data-id=\"4655891b\" data-element_type=\"widget\" data-e-type=\"widget\" data-widget_type=\"image.default\">\n\t\t\t\t<div class=\"elementor-widget-container\">\n\t\t\t\t\t\t\t\t\t\t\t\t\t\t\t<img decoding=\"async\" width=\"800\" height=\"117\" src=\"https:\/\/sportat.se\/wp-content\/uploads\/2021\/01\/valsgarde-1-Copy-1024x150.jpg\" class=\"attachment-large size-large wp-image-3948\" alt=\"\" srcset=\"https:\/\/sportat.se\/wp-content\/uploads\/2021\/01\/valsgarde-1-Copy-1024x150.jpg 1024w, https:\/\/sportat.se\/wp-content\/uploads\/2021\/01\/valsgarde-1-Copy-300x44.jpg 300w, https:\/\/sportat.se\/wp-content\/uploads\/2021\/01\/valsgarde-1-Copy-scaled-600x88.jpg 600w, https:\/\/sportat.se\/wp-content\/uploads\/2021\/01\/valsgarde-1-Copy-768x113.jpg 768w, https:\/\/sportat.se\/wp-content\/uploads\/2021\/01\/valsgarde-1-Copy-1536x225.jpg 1536w, https:\/\/sportat.se\/wp-content\/uploads\/2021\/01\/valsgarde-1-Copy-2048x300.jpg 2048w, https:\/\/sportat.se\/wp-content\/uploads\/2021\/01\/valsgarde-1-Copy-scaled-324x47.jpg 324w, https:\/\/sportat.se\/wp-content\/uploads\/2021\/01\/valsgarde-1-Copy-scaled-416x61.jpg 416w\" sizes=\"(max-width: 800px) 100vw, 800px\" \/>\t\t\t\t\t\t\t\t\t\t\t\t\t\t\t<\/div>\n\t\t\t\t<\/div>\n\t\t\t\t\t<\/div>\n\t\t<\/div>\n\t\t\t\t\t<\/div>\n\t\t<\/section>\n\t\t\t\t<\/div>","protected":false},"excerpt":{"rendered":"<p>Discover the old Viking and Vendel site Valsg\u00e4rde, try out to row a Viking boat and challenge yourself in Viking games! Guided tour in Swedish prehistory and the Viking age on the one of most historically significant burial sites and boat inhumation graves in Sweden \u2013 Valsg\u00e4rde. The site is situated approximately three kilometers north [&hellip;]<\/p>\n","protected":false},"author":1,"featured_media":0,"parent":0,"menu_order":0,"comment_status":"closed","ping_status":"closed","template":"","meta":{"footnotes":""},"class_list":["post-5944","page","type-page","status-publish","hentry"],"_links":{"self":[{"href":"https:\/\/sportat.se\/en\/wp-json\/wp\/v2\/pages\/5944","targetHints":{"allow":["GET"]}}],"collection":[{"href":"https:\/\/sportat.se\/en\/wp-json\/wp\/v2\/pages"}],"about":[{"href":"https:\/\/sportat.se\/en\/wp-json\/wp\/v2\/types\/page"}],"author":[{"embeddable":true,"href":"https:\/\/sportat.se\/en\/wp-json\/wp\/v2\/users\/1"}],"replies":[{"embeddable":true,"href":"https:\/\/sportat.se\/en\/wp-json\/wp\/v2\/comments?post=5944"}],"version-history":[{"count":75,"href":"https:\/\/sportat.se\/en\/wp-json\/wp\/v2\/pages\/5944\/revisions"}],"predecessor-version":[{"id":6892,"href":"https:\/\/sportat.se\/en\/wp-json\/wp\/v2\/pages\/5944\/revisions\/6892"}],"wp:attachment":[{"href":"https:\/\/sportat.se\/en\/wp-json\/wp\/v2\/media?parent=5944"}],"curies":[{"name":"wp","href":"https:\/\/api.w.org\/{rel}","templated":true}]}}