{"id":5591,"date":"2021-12-20T18:01:15","date_gmt":"2021-12-20T18:01:15","guid":{"rendered":"https:\/\/sportat.se\/?page_id=5591"},"modified":"2023-03-21T21:41:31","modified_gmt":"2023-03-21T21:41:31","slug":"hallbarhet","status":"publish","type":"page","link":"https:\/\/sportat.se\/en\/hallbarhet\/","title":{"rendered":"Sustainability"},"content":{"rendered":"<div data-elementor-type=\"wp-page\" data-elementor-id=\"5591\" class=\"elementor elementor-5591\" data-elementor-post-type=\"page\">\n\t\t\t\t\t\t<section class=\"elementor-section elementor-top-section elementor-element elementor-element-5819567 elementor-section-boxed elementor-section-height-default elementor-section-height-default\" data-id=\"5819567\" data-element_type=\"section\" data-e-type=\"section\">\n\t\t\t\t\t\t<div class=\"elementor-container elementor-column-gap-default\">\n\t\t\t\t\t<div class=\"elementor-column elementor-col-100 elementor-top-column elementor-element elementor-element-64cd563\" data-id=\"64cd563\" data-element_type=\"column\" data-e-type=\"column\">\n\t\t\t<div class=\"elementor-widget-wrap elementor-element-populated\">\n\t\t\t\t\t\t<div class=\"elementor-element elementor-element-2ca7f40 elementor-widget elementor-widget-spacer\" data-id=\"2ca7f40\" data-element_type=\"widget\" data-e-type=\"widget\" data-widget_type=\"spacer.default\">\n\t\t\t\t<div class=\"elementor-widget-container\">\n\t\t\t\t\t\t\t<div class=\"elementor-spacer\">\n\t\t\t<div class=\"elementor-spacer-inner\"><\/div>\n\t\t<\/div>\n\t\t\t\t\t\t<\/div>\n\t\t\t\t<\/div>\n\t\t\t\t<div class=\"elementor-element elementor-element-68c4963 elementor-widget elementor-widget-text-editor\" data-id=\"68c4963\" data-element_type=\"widget\" data-e-type=\"widget\" data-widget_type=\"text-editor.default\">\n\t\t\t\t<div class=\"elementor-widget-container\">\n\t\t\t\t\t\t\t\t\t<p><span style=\"color: var( --e-global-color-accent );\">S\u00e5 arbetar vi p\u00e5 Sport Adventure Travels med h\u00e5llbarhet!<\/span><\/p>\t\t\t\t\t\t\t\t<\/div>\n\t\t\t\t<\/div>\n\t\t\t\t\t<\/div>\n\t\t<\/div>\n\t\t\t\t\t<\/div>\n\t\t<\/section>\n\t\t\t\t<section class=\"elementor-section elementor-top-section elementor-element elementor-element-e817f2c elementor-section-boxed elementor-section-height-default elementor-section-height-default\" data-id=\"e817f2c\" data-element_type=\"section\" data-e-type=\"section\">\n\t\t\t\t\t\t<div class=\"elementor-container elementor-column-gap-default\">\n\t\t\t\t\t<div class=\"elementor-column elementor-col-100 elementor-top-column elementor-element elementor-element-983c089\" data-id=\"983c089\" data-element_type=\"column\" data-e-type=\"column\">\n\t\t\t<div class=\"elementor-widget-wrap elementor-element-populated\">\n\t\t\t\t\t\t<div class=\"elementor-element elementor-element-b702c6f elementor-widget elementor-widget-text-editor\" data-id=\"b702c6f\" data-element_type=\"widget\" data-e-type=\"widget\" data-widget_type=\"text-editor.default\">\n\t\t\t\t<div class=\"elementor-widget-container\">\n\t\t\t\t\t\t\t\t\t<h1><strong>Sport Adventure Travels Uppsala \u00e4r ett familjef\u00f6retag som erbjuder aktiviteter, \u00e4ventyr och upplevelser f\u00f6r alla naturintresserade. Vi \u00e4r i dag den enda av Svenska Kanotf\u00f6rbundet g\u00f6dk\u00e4nda kanotcentral i Uppsala och arbetar aktivt med att skapa h\u00e5llbara f\u00f6ruts\u00e4ttningar och inspirera flera att prova paddla och njuta i naturen, l\u00e4ra och uppleva n\u00e5got nytt utan att p\u00e5verka naturens harmoni. F\u00f6r att uppn\u00e5 v\u00e5ra m\u00e5l, samarbetar vi och deltar i utvecklingsarbeten med Uppsala kommun, skolor, fritidsg\u00e5rdar, Friluftsfr\u00e4mjandet m.fl.<\/strong><\/h1>\n<p>Vi delar g\u00e4rna v\u00e5r kunskap och erfarenhet kring friluftsliv och paddling. Kanoterna f\u00f6r nyb\u00f6rjare \u00e4r s\u00e4kra och stabila, medan f\u00f6r de som kan hantera st\u00f6rre utmaningar finns fler olika modeller att v\u00e4lja emellan. Du f\u00e5r alltid s\u00e4kerhetsutrustning samt s\u00e4kerhetsinstruktioner och m\u00f6jlighet att f\u00e5 hj\u00e4lp p\u00e5 distans eller p\u00e5 den plats du befinner dig.<br>Aktiviteterna utf\u00f6rs utan att naturen p\u00e5verkas, tv\u00e4rtom, vi tar hand om den. De flesta av v\u00e5ra bes\u00f6kare \u00e4r ansvarsfulla och bidrar g\u00e4rna med sitt goda h\u00e5llbara beteende genom att plocka upp skr\u00e4p som hamnat i Fyris\u00e5n. Vid \u00e5terkomst har de m\u00f6jlighet att l\u00e4mna upplockat och eget skr\u00e4p som k\u00e4llsorteras efter och l\u00e4mnas till en \u00e5tervinningsplats.<\/p>\n<p><span style=\"color: var( --e-global-color-59c8478a );\">Den st\u00f6rsta delen av v\u00e5r kanotflotta best\u00e5r av kanoter tillverkade i \u00e5tervunnen plast. Vi reparerar sj\u00e4lva v\u00e5ra egna och andras kanoter f\u00f6r att de ska h\u00e5lla l\u00e4ngre.<br><\/span><span style=\"color: var( --e-global-color-59c8478a );\">En del av v\u00e5r verksamhet inkluderar arbete med skolelever och ungdomar. V\u00e5r erfarenhet m\u00f6jligg\u00f6r att \u00e4ven de med funktionshinder kan vara delaktiga. H\u00e4r f\u00e5r alla fantastiska m\u00f6jligheter att prova n\u00e5got nytt, l\u00e4ra om naturen och gemenskapen. De kan l\u00e4ra k\u00e4nna Allemansr\u00e4tten och med denna \u00e4ven om ansvar och skyldigheter f\u00f6r att inte st\u00f6ra eller f\u00f6rst\u00f6ra naturen.<\/span><\/p>\n<p><span style=\"color: var( --e-global-color-59c8478a );\">Vi tar g\u00e4rna emot er feedback, ideer och synpunkter p\u00e5 hur kan vi arbeta mer h\u00e5llbart och f\u00f6rb\u00e4ttra v\u00e5r verksamhet. Vi kan alltid vara b\u00e4ttre &#8211; vi h\u00f6rs p\u00e5 info@sportat.se!<\/span><\/p>\n<p><span style=\"color: var( --e-global-color-59c8478a );\"><b>Love paddling, love nature!<\/b><\/span><\/p>\t\t\t\t\t\t\t\t<\/div>\n\t\t\t\t<\/div>\n\t\t\t\t\t<\/div>\n\t\t<\/div>\n\t\t\t\t\t<\/div>\n\t\t<\/section>\n\t\t\t\t<section class=\"elementor-section elementor-top-section elementor-element elementor-element-53c124c elementor-section-boxed elementor-section-height-default elementor-section-height-default\" data-id=\"53c124c\" data-element_type=\"section\" data-e-type=\"section\">\n\t\t\t\t\t\t<div class=\"elementor-container elementor-column-gap-default\">\n\t\t\t\t\t<div class=\"elementor-column elementor-col-100 elementor-top-column elementor-element elementor-element-c5ee2a1\" data-id=\"c5ee2a1\" data-element_type=\"column\" data-e-type=\"column\">\n\t\t\t<div class=\"elementor-widget-wrap elementor-element-populated\">\n\t\t\t\t\t\t<div class=\"elementor-element elementor-element-46e70c3 elementor-widget elementor-widget-image\" data-id=\"46e70c3\" data-element_type=\"widget\" data-e-type=\"widget\" data-widget_type=\"image.default\">\n\t\t\t\t<div class=\"elementor-widget-container\">\n\t\t\t\t\t\t\t\t\t\t\t\t\t\t\t<img fetchpriority=\"high\" decoding=\"async\" width=\"800\" height=\"566\" src=\"https:\/\/sportat.se\/wp-content\/uploads\/2021\/12\/HALLBARHET-png-1024x724.png\" class=\"attachment-large size-large wp-image-5608\" alt=\"\" srcset=\"https:\/\/sportat.se\/wp-content\/uploads\/2021\/12\/HALLBARHET-png-1024x724.png 1024w, https:\/\/sportat.se\/wp-content\/uploads\/2021\/12\/HALLBARHET-png-300x212.png 300w, https:\/\/sportat.se\/wp-content\/uploads\/2021\/12\/HALLBARHET-png-600x424.png 600w, https:\/\/sportat.se\/wp-content\/uploads\/2021\/12\/HALLBARHET-png-768x543.png 768w, https:\/\/sportat.se\/wp-content\/uploads\/2021\/12\/HALLBARHET-png-1536x1086.png 1536w, https:\/\/sportat.se\/wp-content\/uploads\/2021\/12\/HALLBARHET-png-2048x1448.png 2048w, https:\/\/sportat.se\/wp-content\/uploads\/2021\/12\/HALLBARHET-png-324x229.png 324w, https:\/\/sportat.se\/wp-content\/uploads\/2021\/12\/HALLBARHET-png-416x294.png 416w\" sizes=\"(max-width: 800px) 100vw, 800px\" \/>\t\t\t\t\t\t\t\t\t\t\t\t\t\t\t<\/div>\n\t\t\t\t<\/div>\n\t\t\t\t\t<\/div>\n\t\t<\/div>\n\t\t\t\t\t<\/div>\n\t\t<\/section>\n\t\t\t\t<section class=\"elementor-section elementor-top-section elementor-element elementor-element-bf8ebdf elementor-section-boxed elementor-section-height-default elementor-section-height-default\" data-id=\"bf8ebdf\" data-element_type=\"section\" data-e-type=\"section\">\n\t\t\t\t\t\t<div class=\"elementor-container elementor-column-gap-default\">\n\t\t\t\t\t<div class=\"elementor-column elementor-col-100 elementor-top-column elementor-element elementor-element-bd753b2\" data-id=\"bd753b2\" data-element_type=\"column\" data-e-type=\"column\">\n\t\t\t<div class=\"elementor-widget-wrap\">\n\t\t\t\t\t\t\t<\/div>\n\t\t<\/div>\n\t\t\t\t\t<\/div>\n\t\t<\/section>\n\t\t\t\t<\/div>","protected":false},"excerpt":{"rendered":"<p>S\u00e5 arbetar vi p\u00e5 Sport Adventure Travels med h\u00e5llbarhet! Sport Adventure Travels Uppsala \u00e4r ett familjef\u00f6retag som erbjuder aktiviteter, \u00e4ventyr och upplevelser f\u00f6r alla naturintresserade. Vi \u00e4r i dag den enda av Svenska Kanotf\u00f6rbundet g\u00f6dk\u00e4nda kanotcentral i Uppsala och arbetar aktivt med att skapa h\u00e5llbara f\u00f6ruts\u00e4ttningar och inspirera flera att prova paddla och njuta i [&hellip;]<\/p>\n","protected":false},"author":1,"featured_media":0,"parent":0,"menu_order":0,"comment_status":"closed","ping_status":"closed","template":"","meta":{"footnotes":""},"class_list":["post-5591","page","type-page","status-publish","hentry"],"_links":{"self":[{"href":"https:\/\/sportat.se\/en\/wp-json\/wp\/v2\/pages\/5591","targetHints":{"allow":["GET"]}}],"collection":[{"href":"https:\/\/sportat.se\/en\/wp-json\/wp\/v2\/pages"}],"about":[{"href":"https:\/\/sportat.se\/en\/wp-json\/wp\/v2\/types\/page"}],"author":[{"embeddable":true,"href":"https:\/\/sportat.se\/en\/wp-json\/wp\/v2\/users\/1"}],"replies":[{"embeddable":true,"href":"https:\/\/sportat.se\/en\/wp-json\/wp\/v2\/comments?post=5591"}],"version-history":[{"count":35,"href":"https:\/\/sportat.se\/en\/wp-json\/wp\/v2\/pages\/5591\/revisions"}],"predecessor-version":[{"id":6888,"href":"https:\/\/sportat.se\/en\/wp-json\/wp\/v2\/pages\/5591\/revisions\/6888"}],"wp:attachment":[{"href":"https:\/\/sportat.se\/en\/wp-json\/wp\/v2\/media?parent=5591"}],"curies":[{"name":"wp","href":"https:\/\/api.w.org\/{rel}","templated":true}]}}