{"id":5492,"date":"2021-07-08T12:30:14","date_gmt":"2021-07-08T12:30:14","guid":{"rendered":"https:\/\/sportat.se\/?page_id=5492"},"modified":"2025-03-17T20:10:11","modified_gmt":"2025-03-17T20:10:11","slug":"historiskafamiljedagar","status":"publish","type":"page","link":"https:\/\/sportat.se\/en\/historiskafamiljedagar\/","title":{"rendered":"Historiska familjedagar"},"content":{"rendered":"<div data-elementor-type=\"wp-page\" data-elementor-id=\"5492\" class=\"elementor elementor-5492\" data-elementor-post-type=\"page\">\n\t\t\t\t\t\t<section class=\"elementor-section elementor-top-section elementor-element elementor-element-78e5d25 elementor-section-boxed elementor-section-height-default elementor-section-height-default\" data-id=\"78e5d25\" data-element_type=\"section\" data-e-type=\"section\">\n\t\t\t\t\t\t<div class=\"elementor-container elementor-column-gap-default\">\n\t\t\t\t\t<div class=\"elementor-column elementor-col-100 elementor-top-column elementor-element elementor-element-8812105\" data-id=\"8812105\" data-element_type=\"column\" data-e-type=\"column\">\n\t\t\t<div class=\"elementor-widget-wrap elementor-element-populated\">\n\t\t\t\t\t\t<div class=\"elementor-element elementor-element-4578b6d elementor-widget elementor-widget-spacer\" data-id=\"4578b6d\" data-element_type=\"widget\" data-e-type=\"widget\" data-widget_type=\"spacer.default\">\n\t\t\t\t<div class=\"elementor-widget-container\">\n\t\t\t\t\t\t\t<div class=\"elementor-spacer\">\n\t\t\t<div class=\"elementor-spacer-inner\"><\/div>\n\t\t<\/div>\n\t\t\t\t\t\t<\/div>\n\t\t\t\t<\/div>\n\t\t\t\t\t<\/div>\n\t\t<\/div>\n\t\t\t\t\t<\/div>\n\t\t<\/section>\n\t\t\t\t<section class=\"elementor-section elementor-top-section elementor-element elementor-element-4245c5b elementor-section-boxed elementor-section-height-default elementor-section-height-default\" data-id=\"4245c5b\" data-element_type=\"section\" data-e-type=\"section\">\n\t\t\t\t\t\t<div class=\"elementor-container elementor-column-gap-default\">\n\t\t\t\t\t<div class=\"elementor-column elementor-col-100 elementor-top-column elementor-element elementor-element-7ed3541\" data-id=\"7ed3541\" data-element_type=\"column\" data-e-type=\"column\">\n\t\t\t<div class=\"elementor-widget-wrap elementor-element-populated\">\n\t\t\t\t\t\t<div class=\"elementor-element elementor-element-77e0e51 elementor-widget elementor-widget-text-editor\" data-id=\"77e0e51\" data-element_type=\"widget\" data-e-type=\"widget\" data-widget_type=\"text-editor.default\">\n\t\t\t\t<div class=\"elementor-widget-container\">\n\t\t\t\t\t\t\t\t\t<p>Sport Adventure Travels medverkar i<\/p>\t\t\t\t\t\t\t\t<\/div>\n\t\t\t\t<\/div>\n\t\t\t\t<div class=\"elementor-element elementor-element-228eb8e elementor-widget elementor-widget-heading\" data-id=\"228eb8e\" data-element_type=\"widget\" data-e-type=\"widget\" data-widget_type=\"heading.default\">\n\t\t\t\t<div class=\"elementor-widget-container\">\n\t\t\t\t\t<h2 class=\"elementor-heading-title elementor-size-default\">Historiska familjedagar<\/h2>\t\t\t\t<\/div>\n\t\t\t\t<\/div>\n\t\t\t\t\t<\/div>\n\t\t<\/div>\n\t\t\t\t\t<\/div>\n\t\t<\/section>\n\t\t\t\t<section class=\"elementor-section elementor-top-section elementor-element elementor-element-bb79370 elementor-section-boxed elementor-section-height-default elementor-section-height-default\" data-id=\"bb79370\" data-element_type=\"section\" data-e-type=\"section\">\n\t\t\t\t\t\t<div class=\"elementor-container elementor-column-gap-default\">\n\t\t\t\t\t<div class=\"elementor-column elementor-col-50 elementor-top-column elementor-element elementor-element-7f0bf0b\" data-id=\"7f0bf0b\" data-element_type=\"column\" data-e-type=\"column\">\n\t\t\t<div class=\"elementor-widget-wrap elementor-element-populated\">\n\t\t\t\t\t\t<div class=\"elementor-element elementor-element-a77e4a1 elementor-widget elementor-widget-image\" data-id=\"a77e4a1\" data-element_type=\"widget\" data-e-type=\"widget\" data-widget_type=\"image.default\">\n\t\t\t\t<div class=\"elementor-widget-container\">\n\t\t\t\t\t\t\t\t\t\t\t\t\t\t\t<img fetchpriority=\"high\" decoding=\"async\" width=\"800\" height=\"534\" src=\"https:\/\/sportat.se\/wp-content\/uploads\/2021\/08\/Ullsvikingar02-1024x683.jpg\" class=\"attachment-large size-large wp-image-5552\" alt=\"\" srcset=\"https:\/\/sportat.se\/wp-content\/uploads\/2021\/08\/Ullsvikingar02-1024x683.jpg 1024w, https:\/\/sportat.se\/wp-content\/uploads\/2021\/08\/Ullsvikingar02-300x200.jpg 300w, https:\/\/sportat.se\/wp-content\/uploads\/2021\/08\/Ullsvikingar02-600x400.jpg 600w, https:\/\/sportat.se\/wp-content\/uploads\/2021\/08\/Ullsvikingar02-768x512.jpg 768w, https:\/\/sportat.se\/wp-content\/uploads\/2021\/08\/Ullsvikingar02-324x216.jpg 324w, https:\/\/sportat.se\/wp-content\/uploads\/2021\/08\/Ullsvikingar02-416x277.jpg 416w, https:\/\/sportat.se\/wp-content\/uploads\/2021\/08\/Ullsvikingar02.jpg 1296w\" sizes=\"(max-width: 800px) 100vw, 800px\" \/>\t\t\t\t\t\t\t\t\t\t\t\t\t\t\t<\/div>\n\t\t\t\t<\/div>\n\t\t\t\t\t<\/div>\n\t\t<\/div>\n\t\t\t\t<div class=\"elementor-column elementor-col-50 elementor-top-column elementor-element elementor-element-d56c606\" data-id=\"d56c606\" data-element_type=\"column\" data-e-type=\"column\">\n\t\t\t<div class=\"elementor-widget-wrap elementor-element-populated\">\n\t\t\t\t\t\t<div class=\"elementor-element elementor-element-5e3954c elementor-widget elementor-widget-image\" data-id=\"5e3954c\" data-element_type=\"widget\" data-e-type=\"widget\" data-widget_type=\"image.default\">\n\t\t\t\t<div class=\"elementor-widget-container\">\n\t\t\t\t\t\t\t\t\t\t\t\t\t\t\t<img decoding=\"async\" width=\"700\" height=\"502\" src=\"https:\/\/sportat.se\/wp-content\/uploads\/2021\/08\/Vikingar2-e1676117704966.jpg\" class=\"attachment-large size-large wp-image-5557\" alt=\"\" srcset=\"https:\/\/sportat.se\/wp-content\/uploads\/2021\/08\/Vikingar2-e1676117704966.jpg 700w, https:\/\/sportat.se\/wp-content\/uploads\/2021\/08\/Vikingar2-e1676117704966-300x215.jpg 300w, https:\/\/sportat.se\/wp-content\/uploads\/2021\/08\/Vikingar2-e1676117704966-600x430.jpg 600w\" sizes=\"(max-width: 700px) 100vw, 700px\" \/>\t\t\t\t\t\t\t\t\t\t\t\t\t\t\t<\/div>\n\t\t\t\t<\/div>\n\t\t\t\t\t<\/div>\n\t\t<\/div>\n\t\t\t\t\t<\/div>\n\t\t<\/section>\n\t\t\t\t<section class=\"elementor-section elementor-top-section elementor-element elementor-element-c1a6c72 elementor-section-boxed elementor-section-height-default elementor-section-height-default\" data-id=\"c1a6c72\" data-element_type=\"section\" data-e-type=\"section\">\n\t\t\t\t\t\t<div class=\"elementor-container elementor-column-gap-default\">\n\t\t\t\t\t<div class=\"elementor-column elementor-col-100 elementor-top-column elementor-element elementor-element-1b75bdb\" data-id=\"1b75bdb\" data-element_type=\"column\" data-e-type=\"column\">\n\t\t\t<div class=\"elementor-widget-wrap elementor-element-populated\">\n\t\t\t\t\t\t<div class=\"elementor-element elementor-element-20add87 elementor-widget elementor-widget-text-editor\" data-id=\"20add87\" data-element_type=\"widget\" data-e-type=\"widget\" data-widget_type=\"text-editor.default\">\n\t\t\t\t<div class=\"elementor-widget-container\">\n\t\t\t\t\t\t\t\t\t<p class=\"v1v1v1msonormal\">Vikingarodd f\u00f6r sm\u00e5 och stora vikingar! <br \/>L\u00e5na vikingakl\u00e4der och kliv ombord p\u00e5 v\u00e5r Vikingab\u00e5t Torun. <br \/>Du kan v\u00e4lja att antingen prova att ro sj\u00e4lv eller bara sitta och njuta av naturen.\u00a0<\/p><p class=\"v1v1v1msonormal\">Datum: 16-17 augusti<\/p><p class=\"v1v1v1msonormal\"><em>Tid: 11-16, start varje hel timma. Kl\u00e4 dig till viking, rodd- och s\u00e4kerhetsinstruktioner, l\u00e4gga ut, ro, och l\u00e4gga till, ca 30 minuter, varav sj\u00e4lva roddturen tar ca 15 minuter.\u00a0<\/em><\/p><p class=\"v1v1v1msonormal\"><em>Plats: Ulva kvarn, vid bryggan i Fyris\u00e5n norr om bron, mittemot Asptrappan. \u00a0<\/em><\/p><p><em>Pris:<\/em><\/p><ul><li><em>f\u00f6r barn upp till 15 \u00e5r, 40 kr<\/em><\/li><li><em><span style=\"color: var( --e-global-color-59c8478a );\">f\u00f6r studerande och\u00a0<\/span>pension\u00e4rer, 60 kr<\/em><\/li><li><em><span style=\"color: var( --e-global-color-59c8478a );\">f\u00f6r vuxna, 80 kr.\u00a0<\/span><\/em><\/li><\/ul><p class=\"v1v1v1msonormal\"><em><span style=\"color: var( --e-global-color-59c8478a );\">Anm\u00e4lan och betalning i informationst\u00e4ltet.<\/span><\/em><\/p><p class=\"v1v1v1msonormal\"><span style=\"color: var( --e-global-color-59c8478a );\">Arrang\u00f6r: Sport Adventure Travels, Ensta (V\u00e4lsg\u00e4rde).<\/span><\/p><p class=\"v1v1v1msonormal\">Hela programmet f\u00f6r &#8221;Historiskafamiljedagar&#8221; finns p\u00e5\u00a0<a href=\"https:\/\/hejauppsala.com\/kalender\/kommande-event-historiska-familjedagar-i-ulva\/?fbclid=IwAR1x9a4aebUfB5Jsst9uEERnr7Ka1_SLHEEvh1aQSnJdrA-uvAiK_EwefEo\"> Destinationuppsala<\/a> och <a href=\"https:\/\/www.ulvakvarn.com\/evenemang\/vikingadagarna\/?fbclid=IwAR2jtPbDC4uzjX7fYrgMZl1PXlp4dC9mdUOnO1P95HlE8oh_Wtt1JcZj9zY\">Ulva kvarn<\/a>.<span style=\"color: var( --e-global-color-59c8478a );\">\u00a0<\/span><\/p><p class=\"v1v1v1msonormal\">\u00a0<\/p>\t\t\t\t\t\t\t\t<\/div>\n\t\t\t\t<\/div>\n\t\t\t\t\t<\/div>\n\t\t<\/div>\n\t\t\t\t\t<\/div>\n\t\t<\/section>\n\t\t\t\t<section class=\"elementor-section elementor-top-section elementor-element elementor-element-71162d9 elementor-section-boxed elementor-section-height-default elementor-section-height-default\" data-id=\"71162d9\" data-element_type=\"section\" data-e-type=\"section\">\n\t\t\t\t\t\t<div class=\"elementor-container elementor-column-gap-default\">\n\t\t\t\t\t<div class=\"elementor-column elementor-col-100 elementor-top-column elementor-element elementor-element-f4672d1\" data-id=\"f4672d1\" data-element_type=\"column\" data-e-type=\"column\">\n\t\t\t<div class=\"elementor-widget-wrap\">\n\t\t\t\t\t\t\t<\/div>\n\t\t<\/div>\n\t\t\t\t\t<\/div>\n\t\t<\/section>\n\t\t\t\t<\/div>","protected":false},"excerpt":{"rendered":"<p>Sport Adventure Travels medverkar i Historiska familjedagar Vikingarodd f\u00f6r sm\u00e5 och stora vikingar! L\u00e5na vikingakl\u00e4der och kliv ombord p\u00e5 v\u00e5r Vikingab\u00e5t Torun. Du kan v\u00e4lja att antingen prova att ro sj\u00e4lv eller bara sitta och njuta av naturen.\u00a0 Datum: 16-17 augusti Tid: 11-16, start varje hel timma. Kl\u00e4 dig till viking, rodd- och s\u00e4kerhetsinstruktioner, l\u00e4gga [&hellip;]<\/p>\n","protected":false},"author":1,"featured_media":0,"parent":0,"menu_order":0,"comment_status":"closed","ping_status":"closed","template":"","meta":{"footnotes":""},"class_list":["post-5492","page","type-page","status-publish","hentry"],"_links":{"self":[{"href":"https:\/\/sportat.se\/en\/wp-json\/wp\/v2\/pages\/5492","targetHints":{"allow":["GET"]}}],"collection":[{"href":"https:\/\/sportat.se\/en\/wp-json\/wp\/v2\/pages"}],"about":[{"href":"https:\/\/sportat.se\/en\/wp-json\/wp\/v2\/types\/page"}],"author":[{"embeddable":true,"href":"https:\/\/sportat.se\/en\/wp-json\/wp\/v2\/users\/1"}],"replies":[{"embeddable":true,"href":"https:\/\/sportat.se\/en\/wp-json\/wp\/v2\/comments?post=5492"}],"version-history":[{"count":62,"href":"https:\/\/sportat.se\/en\/wp-json\/wp\/v2\/pages\/5492\/revisions"}],"predecessor-version":[{"id":7987,"href":"https:\/\/sportat.se\/en\/wp-json\/wp\/v2\/pages\/5492\/revisions\/7987"}],"wp:attachment":[{"href":"https:\/\/sportat.se\/en\/wp-json\/wp\/v2\/media?parent=5492"}],"curies":[{"name":"wp","href":"https:\/\/api.w.org\/{rel}","templated":true}]}}