{"id":4343,"date":"2021-02-22T18:06:56","date_gmt":"2021-02-22T18:06:56","guid":{"rendered":"https:\/\/sportat.se\/?page_id=4343"},"modified":"2026-03-01T20:34:35","modified_gmt":"2026-03-01T19:34:35","slug":"paddling","status":"publish","type":"page","link":"https:\/\/sportat.se\/en\/paddling\/","title":{"rendered":"Paddling"},"content":{"rendered":"<div data-elementor-type=\"wp-page\" data-elementor-id=\"4343\" class=\"elementor elementor-4343\" data-elementor-post-type=\"page\">\n\t\t\t\t\t\t<section class=\"elementor-section elementor-top-section elementor-element elementor-element-0d7f1c2 elementor-section-boxed elementor-section-height-default elementor-section-height-default\" data-id=\"0d7f1c2\" data-element_type=\"section\" data-e-type=\"section\">\n\t\t\t\t\t\t<div class=\"elementor-container elementor-column-gap-default\">\n\t\t\t\t\t<div class=\"elementor-column elementor-col-100 elementor-top-column elementor-element elementor-element-7bd2c84\" data-id=\"7bd2c84\" data-element_type=\"column\" data-e-type=\"column\">\n\t\t\t<div class=\"elementor-widget-wrap elementor-element-populated\">\n\t\t\t\t\t\t<div class=\"elementor-element elementor-element-4038c86 elementor-widget elementor-widget-spacer\" data-id=\"4038c86\" data-element_type=\"widget\" data-e-type=\"widget\" data-widget_type=\"spacer.default\">\n\t\t\t\t<div class=\"elementor-widget-container\">\n\t\t\t\t\t\t\t<div class=\"elementor-spacer\">\n\t\t\t<div class=\"elementor-spacer-inner\"><\/div>\n\t\t<\/div>\n\t\t\t\t\t\t<\/div>\n\t\t\t\t<\/div>\n\t\t\t\t\t<\/div>\n\t\t<\/div>\n\t\t\t\t\t<\/div>\n\t\t<\/section>\n\t\t\t\t<section class=\"elementor-section elementor-top-section elementor-element elementor-element-426483d elementor-section-boxed elementor-section-height-default elementor-section-height-default\" data-id=\"426483d\" data-element_type=\"section\" data-e-type=\"section\">\n\t\t\t\t\t\t<div class=\"elementor-container elementor-column-gap-default\">\n\t\t\t\t\t<div class=\"elementor-column elementor-col-100 elementor-top-column elementor-element elementor-element-05111c7\" data-id=\"05111c7\" data-element_type=\"column\" data-e-type=\"column\">\n\t\t\t<div class=\"elementor-widget-wrap elementor-element-populated\">\n\t\t\t\t\t\t<div class=\"elementor-element elementor-element-09a9149 elementor-widget elementor-widget-text-editor\" data-id=\"09a9149\" data-element_type=\"widget\" data-e-type=\"widget\" data-widget_type=\"text-editor.default\">\n\t\t\t\t<div class=\"elementor-widget-container\">\n\t\t\t\t\t\t\t\t\t<p>Paddling<\/p>\t\t\t\t\t\t\t\t<\/div>\n\t\t\t\t<\/div>\n\t\t\t\t\t<\/div>\n\t\t<\/div>\n\t\t\t\t\t<\/div>\n\t\t<\/section>\n\t\t\t\t<section class=\"elementor-section elementor-top-section elementor-element elementor-element-b09be5f elementor-section-boxed elementor-section-height-default elementor-section-height-default\" data-id=\"b09be5f\" data-element_type=\"section\" data-e-type=\"section\">\n\t\t\t\t\t\t<div class=\"elementor-container elementor-column-gap-default\">\n\t\t\t\t\t<div class=\"elementor-column elementor-col-100 elementor-top-column elementor-element elementor-element-c4bf1e2\" data-id=\"c4bf1e2\" data-element_type=\"column\" data-e-type=\"column\">\n\t\t\t<div class=\"elementor-widget-wrap elementor-element-populated\">\n\t\t\t\t\t\t<div class=\"elementor-element elementor-element-c2f3576 elementor-widget elementor-widget-text-editor\" data-id=\"c2f3576\" data-element_type=\"widget\" data-e-type=\"widget\" data-widget_type=\"text-editor.default\">\n\t\t\t\t<div class=\"elementor-widget-container\">\n\t\t\t\t\t\t\t\t\t<p>Sveriges vattensystem \u00e4r som gjort f\u00f6r paddling. I kombination med allemansr\u00e4tten ger v\u00e5ra sk\u00e4rg\u00e5rdar, \u00e5ar och tusentals sj\u00f6ar otroliga m\u00f6jligheter till fantastisk upplevelse. Kunskap om milj\u00f6, s\u00e4kerhet och god paddelteknik bidrar till att din paddling blir njutbar, l\u00e4rorik, l\u00e5ngsiktigt h\u00e5llbar och utvecklande.<\/p><p>Vi har brett utbud av m\u00f6jligheter. Du kan v\u00e4lja mellan att <a href=\"https:\/\/sportat.se\/en\/uthyrning\/\">hyra<\/a> eller <a href=\"https:\/\/sportat.se\/en\/butik\/\">k\u00f6pa<\/a> utrustning, g\u00e5 en <a href=\"https:\/\/sportat.se\/en\/kurser-paddling\/\">kurs<\/a> eller bara paddla p\u00e5 egen hand.<\/p>\t\t\t\t\t\t\t\t<\/div>\n\t\t\t\t<\/div>\n\t\t\t\t\t<\/div>\n\t\t<\/div>\n\t\t\t\t\t<\/div>\n\t\t<\/section>\n\t\t\t\t<section class=\"elementor-section elementor-top-section elementor-element elementor-element-4d456de elementor-section-boxed elementor-section-height-default elementor-section-height-default\" data-id=\"4d456de\" data-element_type=\"section\" data-e-type=\"section\">\n\t\t\t\t\t\t<div class=\"elementor-container elementor-column-gap-narrow\">\n\t\t\t\t\t<div class=\"elementor-column elementor-col-100 elementor-top-column elementor-element elementor-element-00ce11c\" data-id=\"00ce11c\" data-element_type=\"column\" data-e-type=\"column\">\n\t\t\t<div class=\"elementor-widget-wrap elementor-element-populated\">\n\t\t\t\t\t\t<div class=\"elementor-element elementor-element-08b8d48 elementor-widget elementor-widget-gallery\" data-id=\"08b8d48\" data-element_type=\"widget\" data-e-type=\"widget\" data-settings=\"{&quot;columns&quot;:6,&quot;lazyload&quot;:&quot;yes&quot;,&quot;gallery_layout&quot;:&quot;grid&quot;,&quot;columns_tablet&quot;:2,&quot;columns_mobile&quot;:1,&quot;gap&quot;:{&quot;unit&quot;:&quot;px&quot;,&quot;size&quot;:10,&quot;sizes&quot;:[]},&quot;gap_tablet&quot;:{&quot;unit&quot;:&quot;px&quot;,&quot;size&quot;:10,&quot;sizes&quot;:[]},&quot;gap_mobile&quot;:{&quot;unit&quot;:&quot;px&quot;,&quot;size&quot;:10,&quot;sizes&quot;:[]},&quot;link_to&quot;:&quot;file&quot;,&quot;aspect_ratio&quot;:&quot;3:2&quot;,&quot;overlay_background&quot;:&quot;yes&quot;,&quot;content_hover_animation&quot;:&quot;fade-in&quot;}\" data-widget_type=\"gallery.default\">\n\t\t\t\t<div class=\"elementor-widget-container\">\n\t\t\t\t\t\t\t<div class=\"elementor-gallery__container\">\n\t\t\t\t\t\t\t<a class=\"e-gallery-item elementor-gallery-item elementor-animated-content\" href=\"https:\/\/sportat.se\/wp-content\/uploads\/2021\/01\/kanadensare-fyrisan-1-Copy-scaled.jpg\" data-elementor-open-lightbox=\"yes\" data-elementor-lightbox-slideshow=\"08b8d48\" data-elementor-lightbox-title=\"kanadensare fyris\u00e5n 1 - Copy\" data-e-action-hash=\"#elementor-action%3Aaction%3Dlightbox%26settings%3DeyJpZCI6Mzc2MSwidXJsIjoiaHR0cHM6XC9cL3Nwb3J0YXQuc2VcL3dwLWNvbnRlbnRcL3VwbG9hZHNcLzIwMjFcLzAxXC9rYW5hZGVuc2FyZS1meXJpc2FuLTEtQ29weS1zY2FsZWQuanBnIiwic2xpZGVzaG93IjoiMDhiOGQ0OCJ9\">\n\t\t\t\t\t<div class=\"e-gallery-image elementor-gallery-item__image\" data-thumbnail=\"https:\/\/sportat.se\/wp-content\/uploads\/2021\/01\/kanadensare-fyrisan-1-Copy-255x300.jpg\" data-width=\"255\" data-height=\"300\" aria-label=\"\" role=\"img\" ><\/div>\n\t\t\t\t\t\t\t\t\t\t\t<div class=\"elementor-gallery-item__overlay\"><\/div>\n\t\t\t\t\t\t\t\t\t\t\t\t\t\t<\/a>\n\t\t\t\t\t\t\t<a class=\"e-gallery-item elementor-gallery-item elementor-animated-content\" href=\"https:\/\/sportat.se\/wp-content\/uploads\/2020\/07\/IMG_0831-scaled-e1610567773580.jpg\" data-elementor-open-lightbox=\"yes\" data-elementor-lightbox-slideshow=\"08b8d48\" data-elementor-lightbox-title=\"IMG_0831\" data-e-action-hash=\"#elementor-action%3Aaction%3Dlightbox%26settings%3DeyJpZCI6MjM1MywidXJsIjoiaHR0cHM6XC9cL3Nwb3J0YXQuc2VcL3dwLWNvbnRlbnRcL3VwbG9hZHNcLzIwMjBcLzA3XC9JTUdfMDgzMS1zY2FsZWQtZTE2MTA1Njc3NzM1ODAuanBnIiwic2xpZGVzaG93IjoiMDhiOGQ0OCJ9\">\n\t\t\t\t\t<div class=\"e-gallery-image elementor-gallery-item__image\" data-thumbnail=\"https:\/\/sportat.se\/wp-content\/uploads\/2020\/07\/IMG_0831-300x225.jpg\" data-width=\"300\" data-height=\"225\" aria-label=\"\" role=\"img\" ><\/div>\n\t\t\t\t\t\t\t\t\t\t\t<div class=\"elementor-gallery-item__overlay\"><\/div>\n\t\t\t\t\t\t\t\t\t\t\t\t\t\t<\/a>\n\t\t\t\t\t\t\t<a class=\"e-gallery-item elementor-gallery-item elementor-animated-content\" href=\"https:\/\/sportat.se\/wp-content\/uploads\/2020\/01\/003-1.jpg\" data-elementor-open-lightbox=\"yes\" data-elementor-lightbox-slideshow=\"08b8d48\" data-elementor-lightbox-title=\"003-1\" data-e-action-hash=\"#elementor-action%3Aaction%3Dlightbox%26settings%3DeyJpZCI6MTc5MCwidXJsIjoiaHR0cHM6XC9cL3Nwb3J0YXQuc2VcL3dwLWNvbnRlbnRcL3VwbG9hZHNcLzIwMjBcLzAxXC8wMDMtMS5qcGciLCJzbGlkZXNob3ciOiIwOGI4ZDQ4In0%3D\">\n\t\t\t\t\t<div class=\"e-gallery-image elementor-gallery-item__image\" data-thumbnail=\"https:\/\/sportat.se\/wp-content\/uploads\/2020\/01\/003-1-300x186.jpg\" data-width=\"300\" data-height=\"186\" aria-label=\"\" role=\"img\" ><\/div>\n\t\t\t\t\t\t\t\t\t\t\t<div class=\"elementor-gallery-item__overlay\"><\/div>\n\t\t\t\t\t\t\t\t\t\t\t\t\t\t<\/a>\n\t\t\t\t\t\t\t<a class=\"e-gallery-item elementor-gallery-item elementor-animated-content\" href=\"https:\/\/sportat.se\/wp-content\/uploads\/2019\/02\/havs2.jpg\" data-elementor-open-lightbox=\"yes\" data-elementor-lightbox-slideshow=\"08b8d48\" data-elementor-lightbox-title=\"havs2\" data-e-action-hash=\"#elementor-action%3Aaction%3Dlightbox%26settings%3DeyJpZCI6NzY5LCJ1cmwiOiJodHRwczpcL1wvc3BvcnRhdC5zZVwvd3AtY29udGVudFwvdXBsb2Fkc1wvMjAxOVwvMDJcL2hhdnMyLmpwZyIsInNsaWRlc2hvdyI6IjA4YjhkNDgifQ%3D%3D\">\n\t\t\t\t\t<div class=\"e-gallery-image elementor-gallery-item__image\" data-thumbnail=\"https:\/\/sportat.se\/wp-content\/uploads\/2019\/02\/havs2-300x199.jpg\" data-width=\"300\" data-height=\"199\" aria-label=\"\" role=\"img\" ><\/div>\n\t\t\t\t\t\t\t\t\t\t\t<div class=\"elementor-gallery-item__overlay\"><\/div>\n\t\t\t\t\t\t\t\t\t\t\t\t\t\t<\/a>\n\t\t\t\t\t\t\t<a class=\"e-gallery-item elementor-gallery-item elementor-animated-content\" href=\"https:\/\/sportat.se\/wp-content\/uploads\/2019\/02\/ensta12-e1608839023635.jpg\" data-elementor-open-lightbox=\"yes\" data-elementor-lightbox-slideshow=\"08b8d48\" data-elementor-lightbox-title=\"ensta12\" data-e-action-hash=\"#elementor-action%3Aaction%3Dlightbox%26settings%3DeyJpZCI6Nzk3LCJ1cmwiOiJodHRwczpcL1wvc3BvcnRhdC5zZVwvd3AtY29udGVudFwvdXBsb2Fkc1wvMjAxOVwvMDJcL2Vuc3RhMTItZTE2MDg4MzkwMjM2MzUuanBnIiwic2xpZGVzaG93IjoiMDhiOGQ0OCJ9\">\n\t\t\t\t\t<div class=\"e-gallery-image elementor-gallery-item__image\" data-thumbnail=\"https:\/\/sportat.se\/wp-content\/uploads\/2019\/02\/ensta12-300x199.jpg\" data-width=\"300\" data-height=\"199\" aria-label=\"\" role=\"img\" ><\/div>\n\t\t\t\t\t\t\t\t\t\t\t<div class=\"elementor-gallery-item__overlay\"><\/div>\n\t\t\t\t\t\t\t\t\t\t\t\t\t\t<\/a>\n\t\t\t\t\t\t\t<a class=\"e-gallery-item elementor-gallery-item elementor-animated-content\" href=\"https:\/\/sportat.se\/wp-content\/uploads\/2023\/02\/image00000111001.jpg\" data-elementor-open-lightbox=\"yes\" data-elementor-lightbox-slideshow=\"08b8d48\" data-elementor-lightbox-title=\"image00000111001\" data-e-action-hash=\"#elementor-action%3Aaction%3Dlightbox%26settings%3DeyJpZCI6NjM4OSwidXJsIjoiaHR0cHM6XC9cL3Nwb3J0YXQuc2VcL3dwLWNvbnRlbnRcL3VwbG9hZHNcLzIwMjNcLzAyXC9pbWFnZTAwMDAwMTExMDAxLmpwZyIsInNsaWRlc2hvdyI6IjA4YjhkNDgifQ%3D%3D\">\n\t\t\t\t\t<div class=\"e-gallery-image elementor-gallery-item__image\" data-thumbnail=\"https:\/\/sportat.se\/wp-content\/uploads\/2023\/02\/image00000111001-225x300.jpg\" data-width=\"225\" data-height=\"300\" aria-label=\"\" role=\"img\" ><\/div>\n\t\t\t\t\t\t\t\t\t\t\t<div class=\"elementor-gallery-item__overlay\"><\/div>\n\t\t\t\t\t\t\t\t\t\t\t\t\t\t<\/a>\n\t\t\t\t\t<\/div>\n\t\t\t\t\t<\/div>\n\t\t\t\t<\/div>\n\t\t\t\t\t<\/div>\n\t\t<\/div>\n\t\t\t\t\t<\/div>\n\t\t<\/section>\n\t\t\t\t<\/div>","protected":false},"excerpt":{"rendered":"<p>Paddling Sveriges vattensystem \u00e4r som gjort f\u00f6r paddling. I kombination med allemansr\u00e4tten ger v\u00e5ra sk\u00e4rg\u00e5rdar, \u00e5ar och tusentals sj\u00f6ar otroliga m\u00f6jligheter till fantastisk upplevelse. Kunskap om milj\u00f6, s\u00e4kerhet och god paddelteknik bidrar till att din paddling blir njutbar, l\u00e4rorik, l\u00e5ngsiktigt h\u00e5llbar och utvecklande. Vi har brett utbud av m\u00f6jligheter. Du kan v\u00e4lja mellan att hyra [&hellip;]<\/p>\n","protected":false},"author":1,"featured_media":0,"parent":0,"menu_order":0,"comment_status":"closed","ping_status":"closed","template":"","meta":{"footnotes":""},"class_list":["post-4343","page","type-page","status-publish","hentry"],"_links":{"self":[{"href":"https:\/\/sportat.se\/en\/wp-json\/wp\/v2\/pages\/4343","targetHints":{"allow":["GET"]}}],"collection":[{"href":"https:\/\/sportat.se\/en\/wp-json\/wp\/v2\/pages"}],"about":[{"href":"https:\/\/sportat.se\/en\/wp-json\/wp\/v2\/types\/page"}],"author":[{"embeddable":true,"href":"https:\/\/sportat.se\/en\/wp-json\/wp\/v2\/users\/1"}],"replies":[{"embeddable":true,"href":"https:\/\/sportat.se\/en\/wp-json\/wp\/v2\/comments?post=4343"}],"version-history":[{"count":55,"href":"https:\/\/sportat.se\/en\/wp-json\/wp\/v2\/pages\/4343\/revisions"}],"predecessor-version":[{"id":8756,"href":"https:\/\/sportat.se\/en\/wp-json\/wp\/v2\/pages\/4343\/revisions\/8756"}],"wp:attachment":[{"href":"https:\/\/sportat.se\/en\/wp-json\/wp\/v2\/media?parent=4343"}],"curies":[{"name":"wp","href":"https:\/\/api.w.org\/{rel}","templated":true}]}}