{"id":4047,"date":"2021-02-07T18:26:36","date_gmt":"2021-02-07T18:26:36","guid":{"rendered":"https:\/\/sportat.se\/?page_id=4047"},"modified":"2023-06-16T19:19:31","modified_gmt":"2023-06-16T19:19:31","slug":"evenemang","status":"publish","type":"page","link":"https:\/\/sportat.se\/en\/evenemang\/","title":{"rendered":"Events"},"content":{"rendered":"<div data-elementor-type=\"wp-page\" data-elementor-id=\"4047\" class=\"elementor elementor-4047\" data-elementor-post-type=\"page\">\n\t\t\t\t\t\t<section class=\"elementor-section elementor-top-section elementor-element elementor-element-3530e71 elementor-section-boxed elementor-section-height-default elementor-section-height-default\" data-id=\"3530e71\" data-element_type=\"section\" data-e-type=\"section\">\n\t\t\t\t\t\t<div class=\"elementor-container elementor-column-gap-default\">\n\t\t\t\t\t<div class=\"elementor-column elementor-col-100 elementor-top-column elementor-element elementor-element-df42386\" data-id=\"df42386\" data-element_type=\"column\" data-e-type=\"column\">\n\t\t\t<div class=\"elementor-widget-wrap elementor-element-populated\">\n\t\t\t\t\t\t<div class=\"elementor-element elementor-element-358f4d2 elementor-widget elementor-widget-text-editor\" data-id=\"358f4d2\" data-element_type=\"widget\" data-e-type=\"widget\" data-widget_type=\"text-editor.default\">\n\t\t\t\t<div class=\"elementor-widget-container\">\n\t\t\t\t\t\t\t\t\t<p>Events<\/p>\t\t\t\t\t\t\t\t<\/div>\n\t\t\t\t<\/div>\n\t\t\t\t\t<\/div>\n\t\t<\/div>\n\t\t\t\t\t<\/div>\n\t\t<\/section>\n\t\t\t\t<section class=\"elementor-section elementor-top-section elementor-element elementor-element-81badf5 elementor-section-boxed elementor-section-height-default elementor-section-height-default\" data-id=\"81badf5\" data-element_type=\"section\" data-e-type=\"section\">\n\t\t\t\t\t\t<div class=\"elementor-container elementor-column-gap-default\">\n\t\t\t\t\t<div class=\"elementor-column elementor-col-100 elementor-top-column elementor-element elementor-element-d205163\" data-id=\"d205163\" data-element_type=\"column\" data-e-type=\"column\">\n\t\t\t<div class=\"elementor-widget-wrap elementor-element-populated\">\n\t\t\t\t\t\t<div class=\"elementor-element elementor-element-a348bfe elementor-widget elementor-widget-text-editor\" data-id=\"a348bfe\" data-element_type=\"widget\" data-e-type=\"widget\" data-widget_type=\"text-editor.default\">\n\t\t\t\t<div class=\"elementor-widget-container\">\n\t\t\t\t\t\t\t\t\t<h1><strong>Aktivitetsbaserade events med egna inslag<\/strong><\/h1><p>Vil ni organisera ett h\u00e4pnadsv\u00e4ckande evenemang?\u00a0 Sport Adventure Travels erbjuder en m\u00e4ngd av aktiviteter p\u00e5 unik plats i n\u00e4rheten av Fyris\u00e5n och Valsg\u00e4rde. Kontakta oss och vi kommer att hj\u00e4lpa er med id\u00e9er, planering och genomf\u00f6randet.\u00a0<br \/>Beroende p\u00e5 syftet med eventet och dina \u00f6nskem\u00e5l, arbetar vi tillsammans f\u00f6r att uppn\u00e5 din vision. H\u00e4r kommer lite inspiration&#8230;<\/p><p><b>Syfte<\/b><\/p><p><span style=\"color: var( --e-global-color-59c8478a );\">Skapa en unik svensexa, m\u00f6hippa, f\u00f6delsedagsfest, afterwork, teambuilding, familjefest, konferens, kurs, representationsevent eller tr\u00e4ff.<\/span><\/p><p><b>Aktiviteter<\/b>\u00a0<\/p><p>Ni kan v\u00e4lja en huvudaktivitet som tema eller flera olika aktiviteter f\u00f6r ert event.<br \/>Vi har l\u00e5ng erfarenhet inom paddling och kan organisera det mesta du \u00f6nskar dig inom temat &#8211; paddla kajak, kanadensare, dubbelkajak eller SUP. Vi befinner oss 2 km fr\u00e5n Storvadbadet, 5 km fr\u00e5n Ulva Kvarn, 14 km fr\u00e5n Uppsala centrum eller 10 km fr\u00e5n Storvreta. Du kan paddla med v\u00e5r guide eller f\u00e5 en kurs i paddelteknik. Paddelturer kan organiseras som olika teman, med tillagda aktiviteter och mat.<br \/>Vi befinner oss p\u00e5 ett perfekt st\u00e4lle vid vattnet som m\u00f6jligg\u00f6r utf\u00f6randet av olika lek, aktiviteter och t\u00e4vlingar &#8211; till exempel l\u00f6pning, dragkamp, fotboll, volleyboll, frisbee, st\u00f6tta stock eller andra lekar som du f\u00f6redrar.<\/p><p><b>Vikinga teman\u00a0<\/b><\/p><p>Ni kan g\u00f6ra en tur med v\u00e5r guide och resa tillbaka i Vendel- och Vikingatiden. Hos oss f\u00e5r du ro Vikinga b\u00e5t, b\u00e4ra Vikinga kl\u00e4der och leka Vikinga lekar! H\u00e4r kan du elda, grilla, leka och k\u00e4mpa som en Viking!<\/p><p><b>Mat<\/b><\/p><p>Beroende\u00a0av syftet och temat f\u00f6r ert evenemang, kan m\u00e5ltider ordnas i naturen eller p\u00e5 v\u00e4gen till n\u00e5gon paddeldestination.<\/p>\t\t\t\t\t\t\t\t<\/div>\n\t\t\t\t<\/div>\n\t\t\t\t\t<\/div>\n\t\t<\/div>\n\t\t\t\t\t<\/div>\n\t\t<\/section>\n\t\t\t\t<section class=\"elementor-section elementor-top-section elementor-element elementor-element-f30eb59 elementor-section-boxed elementor-section-height-default elementor-section-height-default\" data-id=\"f30eb59\" data-element_type=\"section\" data-e-type=\"section\">\n\t\t\t\t\t\t<div class=\"elementor-container elementor-column-gap-default\">\n\t\t\t\t\t<div class=\"elementor-column elementor-col-100 elementor-top-column elementor-element elementor-element-0e658c3\" data-id=\"0e658c3\" data-element_type=\"column\" data-e-type=\"column\">\n\t\t\t<div class=\"elementor-widget-wrap elementor-element-populated\">\n\t\t\t\t\t\t<div class=\"elementor-element elementor-element-635e744 elementor-widget elementor-widget-gallery\" data-id=\"635e744\" data-element_type=\"widget\" data-e-type=\"widget\" data-settings=\"{&quot;columns&quot;:6,&quot;lazyload&quot;:&quot;yes&quot;,&quot;gallery_layout&quot;:&quot;grid&quot;,&quot;columns_tablet&quot;:2,&quot;columns_mobile&quot;:1,&quot;gap&quot;:{&quot;unit&quot;:&quot;px&quot;,&quot;size&quot;:10,&quot;sizes&quot;:[]},&quot;gap_tablet&quot;:{&quot;unit&quot;:&quot;px&quot;,&quot;size&quot;:10,&quot;sizes&quot;:[]},&quot;gap_mobile&quot;:{&quot;unit&quot;:&quot;px&quot;,&quot;size&quot;:10,&quot;sizes&quot;:[]},&quot;link_to&quot;:&quot;file&quot;,&quot;aspect_ratio&quot;:&quot;3:2&quot;,&quot;overlay_background&quot;:&quot;yes&quot;,&quot;content_hover_animation&quot;:&quot;fade-in&quot;}\" data-widget_type=\"gallery.default\">\n\t\t\t\t<div class=\"elementor-widget-container\">\n\t\t\t\t\t\t\t<div class=\"elementor-gallery__container\">\n\t\t\t\t\t\t\t<a class=\"e-gallery-item elementor-gallery-item elementor-animated-content\" href=\"https:\/\/sportat.se\/wp-content\/uploads\/2020\/07\/IMG_0831-scaled-e1610567773580.jpg\" data-elementor-open-lightbox=\"yes\" data-elementor-lightbox-slideshow=\"635e744\" data-elementor-lightbox-title=\"IMG_0831\" data-e-action-hash=\"#elementor-action%3Aaction%3Dlightbox%26settings%3DeyJpZCI6MjM1MywidXJsIjoiaHR0cHM6XC9cL3Nwb3J0YXQuc2VcL3dwLWNvbnRlbnRcL3VwbG9hZHNcLzIwMjBcLzA3XC9JTUdfMDgzMS1zY2FsZWQtZTE2MTA1Njc3NzM1ODAuanBnIiwic2xpZGVzaG93IjoiNjM1ZTc0NCJ9\">\n\t\t\t\t\t<div class=\"e-gallery-image elementor-gallery-item__image\" data-thumbnail=\"https:\/\/sportat.se\/wp-content\/uploads\/2020\/07\/IMG_0831-300x225.jpg\" data-width=\"300\" data-height=\"225\" aria-label=\"\" role=\"img\" ><\/div>\n\t\t\t\t\t\t\t\t\t\t\t<div class=\"elementor-gallery-item__overlay\"><\/div>\n\t\t\t\t\t\t\t\t\t\t\t\t\t\t<\/a>\n\t\t\t\t\t\t\t<a class=\"e-gallery-item elementor-gallery-item elementor-animated-content\" href=\"https:\/\/sportat.se\/wp-content\/uploads\/2020\/12\/vikinga-kallas-3-scaled-e1609266521835.jpg\" data-elementor-open-lightbox=\"yes\" data-elementor-lightbox-slideshow=\"635e744\" data-elementor-lightbox-title=\"vikinga kallas 3\" data-e-action-hash=\"#elementor-action%3Aaction%3Dlightbox%26settings%3DeyJpZCI6MzMxMiwidXJsIjoiaHR0cHM6XC9cL3Nwb3J0YXQuc2VcL3dwLWNvbnRlbnRcL3VwbG9hZHNcLzIwMjBcLzEyXC92aWtpbmdhLWthbGxhcy0zLXNjYWxlZC1lMTYwOTI2NjUyMTgzNS5qcGciLCJzbGlkZXNob3ciOiI2MzVlNzQ0In0%3D\">\n\t\t\t\t\t<div class=\"e-gallery-image elementor-gallery-item__image\" data-thumbnail=\"https:\/\/sportat.se\/wp-content\/uploads\/2020\/12\/vikinga-kallas-3-300x225.jpg\" data-width=\"300\" data-height=\"225\" aria-label=\"\" role=\"img\" ><\/div>\n\t\t\t\t\t\t\t\t\t\t\t<div class=\"elementor-gallery-item__overlay\"><\/div>\n\t\t\t\t\t\t\t\t\t\t\t\t\t\t<\/a>\n\t\t\t\t\t\t\t<a class=\"e-gallery-item elementor-gallery-item elementor-animated-content\" href=\"https:\/\/sportat.se\/wp-content\/uploads\/2021\/01\/P3-e1687683787486.jpeg\" data-elementor-open-lightbox=\"yes\" data-elementor-lightbox-slideshow=\"635e744\" data-elementor-lightbox-title=\"P3\" data-e-action-hash=\"#elementor-action%3Aaction%3Dlightbox%26settings%3DeyJpZCI6MzgwNywidXJsIjoiaHR0cHM6XC9cL3Nwb3J0YXQuc2VcL3dwLWNvbnRlbnRcL3VwbG9hZHNcLzIwMjFcLzAxXC9QMy1lMTY4NzY4Mzc4NzQ4Ni5qcGVnIiwic2xpZGVzaG93IjoiNjM1ZTc0NCJ9\">\n\t\t\t\t\t<div class=\"e-gallery-image elementor-gallery-item__image\" data-thumbnail=\"https:\/\/sportat.se\/wp-content\/uploads\/2021\/01\/P3-e1687683787486-300x225.jpeg\" data-width=\"300\" data-height=\"225\" aria-label=\"\" role=\"img\" ><\/div>\n\t\t\t\t\t\t\t\t\t\t\t<div class=\"elementor-gallery-item__overlay\"><\/div>\n\t\t\t\t\t\t\t\t\t\t\t\t\t\t<\/a>\n\t\t\t\t\t\t\t<a class=\"e-gallery-item elementor-gallery-item elementor-animated-content\" href=\"https:\/\/sportat.se\/wp-content\/uploads\/2019\/01\/08-1-e1608837368887.jpg\" data-elementor-open-lightbox=\"yes\" data-elementor-lightbox-slideshow=\"635e744\" data-elementor-lightbox-title=\"08-1\" data-e-action-hash=\"#elementor-action%3Aaction%3Dlightbox%26settings%3DeyJpZCI6MTgwNCwidXJsIjoiaHR0cHM6XC9cL3Nwb3J0YXQuc2VcL3dwLWNvbnRlbnRcL3VwbG9hZHNcLzIwMTlcLzAxXC8wOC0xLWUxNjA4ODM3MzY4ODg3LmpwZyIsInNsaWRlc2hvdyI6IjYzNWU3NDQifQ%3D%3D\">\n\t\t\t\t\t<div class=\"e-gallery-image elementor-gallery-item__image\" data-thumbnail=\"https:\/\/sportat.se\/wp-content\/uploads\/2019\/01\/08-1-300x195.jpg\" data-width=\"300\" data-height=\"195\" aria-label=\"\" role=\"img\" ><\/div>\n\t\t\t\t\t\t\t\t\t\t\t<div class=\"elementor-gallery-item__overlay\"><\/div>\n\t\t\t\t\t\t\t\t\t\t\t\t\t\t<\/a>\n\t\t\t\t\t\t\t<a class=\"e-gallery-item elementor-gallery-item elementor-animated-content\" href=\"https:\/\/sportat.se\/wp-content\/uploads\/2020\/01\/SUP.jpg\" data-elementor-open-lightbox=\"yes\" data-elementor-lightbox-slideshow=\"635e744\" data-elementor-lightbox-title=\"SUP\" data-e-action-hash=\"#elementor-action%3Aaction%3Dlightbox%26settings%3DeyJpZCI6MTY2MSwidXJsIjoiaHR0cHM6XC9cL3Nwb3J0YXQuc2VcL3dwLWNvbnRlbnRcL3VwbG9hZHNcLzIwMjBcLzAxXC9TVVAuanBnIiwic2xpZGVzaG93IjoiNjM1ZTc0NCJ9\">\n\t\t\t\t\t<div class=\"e-gallery-image elementor-gallery-item__image\" data-thumbnail=\"https:\/\/sportat.se\/wp-content\/uploads\/2020\/01\/SUP-259x300.jpg\" data-width=\"259\" data-height=\"300\" aria-label=\"\" role=\"img\" ><\/div>\n\t\t\t\t\t\t\t\t\t\t\t<div class=\"elementor-gallery-item__overlay\"><\/div>\n\t\t\t\t\t\t\t\t\t\t\t\t\t\t<\/a>\n\t\t\t\t\t\t\t<a class=\"e-gallery-item elementor-gallery-item elementor-animated-content\" href=\"https:\/\/sportat.se\/wp-content\/uploads\/2019\/10\/Vikingar-p\u00e5-v\u00e4g-mot-hamnen-i-Storvad-2-scaled.jpg\" data-elementor-open-lightbox=\"yes\" data-elementor-lightbox-slideshow=\"635e744\" data-elementor-lightbox-title=\"Vikingar p\u00e5 v\u00e4g mot hamnen i Storvad 2\" data-e-action-hash=\"#elementor-action%3Aaction%3Dlightbox%26settings%3DeyJpZCI6OTk4LCJ1cmwiOiJodHRwczpcL1wvc3BvcnRhdC5zZVwvd3AtY29udGVudFwvdXBsb2Fkc1wvMjAxOVwvMTBcL1Zpa2luZ2FyLXBcdTAwZTUtdlx1MDBlNGctbW90LWhhbW5lbi1pLVN0b3J2YWQtMi1zY2FsZWQuanBnIiwic2xpZGVzaG93IjoiNjM1ZTc0NCJ9\">\n\t\t\t\t\t<div class=\"e-gallery-image elementor-gallery-item__image\" data-thumbnail=\"https:\/\/sportat.se\/wp-content\/uploads\/2019\/10\/Vikingar-p\u00e5-v\u00e4g-mot-hamnen-i-Storvad-2-300x225.jpg\" data-width=\"300\" data-height=\"225\" aria-label=\"\" role=\"img\" ><\/div>\n\t\t\t\t\t\t\t\t\t\t\t<div class=\"elementor-gallery-item__overlay\"><\/div>\n\t\t\t\t\t\t\t\t\t\t\t\t\t\t<\/a>\n\t\t\t\t\t<\/div>\n\t\t\t\t\t<\/div>\n\t\t\t\t<\/div>\n\t\t\t\t\t<\/div>\n\t\t<\/div>\n\t\t\t\t\t<\/div>\n\t\t<\/section>\n\t\t\t\t<section class=\"elementor-section elementor-top-section elementor-element elementor-element-d51fb8e elementor-section-boxed elementor-section-height-default elementor-section-height-default\" data-id=\"d51fb8e\" data-element_type=\"section\" data-e-type=\"section\">\n\t\t\t\t\t\t<div class=\"elementor-container elementor-column-gap-default\">\n\t\t\t\t\t<div class=\"elementor-column elementor-col-100 elementor-top-column elementor-element elementor-element-73d0316\" data-id=\"73d0316\" data-element_type=\"column\" data-e-type=\"column\">\n\t\t\t<div class=\"elementor-widget-wrap elementor-element-populated\">\n\t\t\t\t\t\t<div class=\"elementor-element elementor-element-f00c66a elementor-widget elementor-widget-spacer\" data-id=\"f00c66a\" data-element_type=\"widget\" data-e-type=\"widget\" data-widget_type=\"spacer.default\">\n\t\t\t\t<div class=\"elementor-widget-container\">\n\t\t\t\t\t\t\t<div class=\"elementor-spacer\">\n\t\t\t<div class=\"elementor-spacer-inner\"><\/div>\n\t\t<\/div>\n\t\t\t\t\t\t<\/div>\n\t\t\t\t<\/div>\n\t\t\t\t\t<\/div>\n\t\t<\/div>\n\t\t\t\t\t<\/div>\n\t\t<\/section>\n\t\t\t\t<section class=\"elementor-section elementor-top-section elementor-element elementor-element-0a14442 elementor-section-boxed elementor-section-height-default elementor-section-height-default\" data-id=\"0a14442\" data-element_type=\"section\" data-e-type=\"section\">\n\t\t\t\t\t\t<div class=\"elementor-container elementor-column-gap-default\">\n\t\t\t\t\t<div class=\"elementor-column elementor-col-50 elementor-top-column elementor-element elementor-element-a4b781d\" data-id=\"a4b781d\" data-element_type=\"column\" data-e-type=\"column\">\n\t\t\t<div class=\"elementor-widget-wrap elementor-element-populated\">\n\t\t\t\t\t\t<div class=\"elementor-element elementor-element-ff991ca elementor-widget elementor-widget-text-editor\" data-id=\"ff991ca\" data-element_type=\"widget\" data-e-type=\"widget\" data-widget_type=\"text-editor.default\">\n\t\t\t\t<div class=\"elementor-widget-container\">\n\t\t\t\t\t\t\t\t\t<p>Visit us<\/p>\t\t\t\t\t\t\t\t<\/div>\n\t\t\t\t<\/div>\n\t\t\t\t<div class=\"elementor-element elementor-element-88aaada elementor-widget elementor-widget-text-editor\" data-id=\"88aaada\" data-element_type=\"widget\" data-e-type=\"widget\" data-widget_type=\"text-editor.default\">\n\t\t\t\t<div class=\"elementor-widget-container\">\n\t\t\t\t\t\t\t\t\t<p><b>Contact:<\/b><\/p><p>Tel: +46 (0) 735 30 24 84<br \/>Tel: +46 (0) 723 24 58 32<\/p><p><b>E-mail:<\/b> info@sportat.se; bokning@sportat.se<\/p><p><b>Adress:<\/b> Sport Adventure Travels Uppsala<br \/>\u00a0 \u00a0 \u00a0 \u00a0 \u00a0 \u00a0 \u00a0 \u00a0 \u00a0Fuller\u00f6 Ensta 115, 755 94 Uppsala<br \/>\u00a0 \u00a0 \u00a0 \u00a0 \u00a0 \u00a0 \u00a0 \u00a0 \u00a0Sweden<\/p><p><b>Opening hours:<\/b> Monday - Sunday 08 - 23<\/p>\t\t\t\t\t\t\t\t<\/div>\n\t\t\t\t<\/div>\n\t\t\t\t\t<\/div>\n\t\t<\/div>\n\t\t\t\t<div class=\"elementor-column elementor-col-50 elementor-top-column elementor-element elementor-element-8ab0e3f\" data-id=\"8ab0e3f\" data-element_type=\"column\" data-e-type=\"column\">\n\t\t\t<div class=\"elementor-widget-wrap elementor-element-populated\">\n\t\t\t\t\t\t<div class=\"elementor-element elementor-element-eef3fbd elementor-widget elementor-widget-google_maps\" data-id=\"eef3fbd\" data-element_type=\"widget\" data-e-type=\"widget\" data-widget_type=\"google_maps.default\">\n\t\t\t\t<div class=\"elementor-widget-container\">\n\t\t\t\t\t\t\t<div class=\"elementor-custom-embed\">\n\t\t\t<iframe loading=\"lazy\"\n\t\t\t\t\tsrc=\"https:\/\/maps.google.com\/maps?q=Sport%20Adventure%20Travels&#038;t=m&#038;z=12&#038;output=embed&#038;iwloc=near\"\n\t\t\t\t\ttitle=\"Sport Adventure Travels\"\n\t\t\t\t\taria-label=\"Sport Adventure Travels\"\n\t\t\t><\/iframe>\n\t\t<\/div>\n\t\t\t\t\t\t<\/div>\n\t\t\t\t<\/div>\n\t\t\t\t\t<\/div>\n\t\t<\/div>\n\t\t\t\t\t<\/div>\n\t\t<\/section>\n\t\t\t\t<\/div>","protected":false},"excerpt":{"rendered":"<p>Evenemang Aktivitetsbaserade events med egna inslag Vil ni organisera ett h\u00e4pnadsv\u00e4ckande evenemang?\u00a0 Sport Adventure Travels erbjuder en m\u00e4ngd av aktiviteter p\u00e5 unik plats i n\u00e4rheten av Fyris\u00e5n och Valsg\u00e4rde. Kontakta oss och vi kommer att hj\u00e4lpa er med id\u00e9er, planering och genomf\u00f6randet.\u00a0Beroende p\u00e5 syftet med eventet och dina \u00f6nskem\u00e5l, arbetar vi tillsammans f\u00f6r att uppn\u00e5 [&hellip;]<\/p>\n","protected":false},"author":1,"featured_media":0,"parent":0,"menu_order":0,"comment_status":"closed","ping_status":"closed","template":"","meta":{"footnotes":""},"class_list":["post-4047","page","type-page","status-publish","hentry"],"_links":{"self":[{"href":"https:\/\/sportat.se\/en\/wp-json\/wp\/v2\/pages\/4047","targetHints":{"allow":["GET"]}}],"collection":[{"href":"https:\/\/sportat.se\/en\/wp-json\/wp\/v2\/pages"}],"about":[{"href":"https:\/\/sportat.se\/en\/wp-json\/wp\/v2\/types\/page"}],"author":[{"embeddable":true,"href":"https:\/\/sportat.se\/en\/wp-json\/wp\/v2\/users\/1"}],"replies":[{"embeddable":true,"href":"https:\/\/sportat.se\/en\/wp-json\/wp\/v2\/comments?post=4047"}],"version-history":[{"count":71,"href":"https:\/\/sportat.se\/en\/wp-json\/wp\/v2\/pages\/4047\/revisions"}],"predecessor-version":[{"id":7376,"href":"https:\/\/sportat.se\/en\/wp-json\/wp\/v2\/pages\/4047\/revisions\/7376"}],"wp:attachment":[{"href":"https:\/\/sportat.se\/en\/wp-json\/wp\/v2\/media?parent=4047"}],"curies":[{"name":"wp","href":"https:\/\/api.w.org\/{rel}","templated":true}]}}