{"id":3753,"date":"2021-01-12T18:39:22","date_gmt":"2021-01-12T18:39:22","guid":{"rendered":"https:\/\/sportat.se\/?page_id=3753"},"modified":"2025-06-22T13:29:24","modified_gmt":"2025-06-22T11:29:24","slug":"uthyrning","status":"publish","type":"page","link":"https:\/\/sportat.se\/en\/uthyrning\/","title":{"rendered":"Renting"},"content":{"rendered":"<div data-elementor-type=\"wp-page\" data-elementor-id=\"3753\" class=\"elementor elementor-3753\" data-elementor-post-type=\"page\">\n\t\t\t\t\t\t<section class=\"elementor-section elementor-top-section elementor-element elementor-element-614326c elementor-section-boxed elementor-section-height-default elementor-section-height-default\" data-id=\"614326c\" data-element_type=\"section\" data-e-type=\"section\">\n\t\t\t\t\t\t<div class=\"elementor-container elementor-column-gap-default\">\n\t\t\t\t\t<div class=\"elementor-column elementor-col-100 elementor-top-column elementor-element elementor-element-87a9747\" data-id=\"87a9747\" data-element_type=\"column\" data-e-type=\"column\">\n\t\t\t<div class=\"elementor-widget-wrap elementor-element-populated\">\n\t\t\t\t\t\t<div class=\"elementor-element elementor-element-c5e8927 elementor-widget elementor-widget-spacer\" data-id=\"c5e8927\" data-element_type=\"widget\" data-e-type=\"widget\" data-widget_type=\"spacer.default\">\n\t\t\t\t<div class=\"elementor-widget-container\">\n\t\t\t\t\t\t\t<div class=\"elementor-spacer\">\n\t\t\t<div class=\"elementor-spacer-inner\"><\/div>\n\t\t<\/div>\n\t\t\t\t\t\t<\/div>\n\t\t\t\t<\/div>\n\t\t\t\t\t<\/div>\n\t\t<\/div>\n\t\t\t\t\t<\/div>\n\t\t<\/section>\n\t\t\t\t<section class=\"elementor-section elementor-top-section elementor-element elementor-element-7082e0e elementor-section-boxed elementor-section-height-default elementor-section-height-default\" data-id=\"7082e0e\" data-element_type=\"section\" data-e-type=\"section\">\n\t\t\t\t\t\t<div class=\"elementor-container elementor-column-gap-default\">\n\t\t\t\t\t<div class=\"elementor-column elementor-col-100 elementor-top-column elementor-element elementor-element-70eae27\" data-id=\"70eae27\" data-element_type=\"column\" data-e-type=\"column\">\n\t\t\t<div class=\"elementor-widget-wrap elementor-element-populated\">\n\t\t\t\t\t\t<div class=\"elementor-element elementor-element-06e9b6e elementor-widget elementor-widget-heading\" data-id=\"06e9b6e\" data-element_type=\"widget\" data-e-type=\"widget\" data-widget_type=\"heading.default\">\n\t\t\t\t<div class=\"elementor-widget-container\">\n\t\t\t\t\t<h2 class=\"elementor-heading-title elementor-size-default\">Renting<\/h2>\t\t\t\t<\/div>\n\t\t\t\t<\/div>\n\t\t\t\t\t<\/div>\n\t\t<\/div>\n\t\t\t\t\t<\/div>\n\t\t<\/section>\n\t\t\t\t<section class=\"elementor-section elementor-top-section elementor-element elementor-element-13e6e60 elementor-section-boxed elementor-section-height-default elementor-section-height-default\" data-id=\"13e6e60\" data-element_type=\"section\" data-e-type=\"section\">\n\t\t\t\t\t\t<div class=\"elementor-container elementor-column-gap-default\">\n\t\t\t\t\t<div class=\"elementor-column elementor-col-100 elementor-top-column elementor-element elementor-element-286dbd6\" data-id=\"286dbd6\" data-element_type=\"column\" data-e-type=\"column\">\n\t\t\t<div class=\"elementor-widget-wrap elementor-element-populated\">\n\t\t\t\t\t\t<div class=\"elementor-element elementor-element-823fcf1 elementor-widget elementor-widget-spacer\" data-id=\"823fcf1\" data-element_type=\"widget\" data-e-type=\"widget\" data-widget_type=\"spacer.default\">\n\t\t\t\t<div class=\"elementor-widget-container\">\n\t\t\t\t\t\t\t<div class=\"elementor-spacer\">\n\t\t\t<div class=\"elementor-spacer-inner\"><\/div>\n\t\t<\/div>\n\t\t\t\t\t\t<\/div>\n\t\t\t\t<\/div>\n\t\t\t\t\t<\/div>\n\t\t<\/div>\n\t\t\t\t\t<\/div>\n\t\t<\/section>\n\t\t\t\t<section class=\"elementor-section elementor-top-section elementor-element elementor-element-90e6853 elementor-section-boxed elementor-section-height-default elementor-section-height-default\" data-id=\"90e6853\" data-element_type=\"section\" data-e-type=\"section\">\n\t\t\t\t\t\t<div class=\"elementor-container elementor-column-gap-extended\">\n\t\t\t\t\t<div class=\"elementor-column elementor-col-50 elementor-top-column elementor-element elementor-element-1a0a521e\" data-id=\"1a0a521e\" data-element_type=\"column\" data-e-type=\"column\">\n\t\t\t<div class=\"elementor-widget-wrap elementor-element-populated\">\n\t\t\t\t\t\t<div class=\"elementor-element elementor-element-284dc80 elementor-widget elementor-widget-text-editor\" data-id=\"284dc80\" data-element_type=\"widget\" data-e-type=\"widget\" data-widget_type=\"text-editor.default\">\n\t\t\t\t<div class=\"elementor-widget-container\">\n\t\t\t\t\t\t\t\t\t<p><span style=\"color: #000000; font-family: Spartan, sans-serif; font-size: 18px;\">Vid uthyrning ing\u00e5r alltid en genomg\u00e5ng av paddelteknik och s\u00e4kerhetsrutiner samt all utrustning som kr\u00e4vs f\u00f6r en s\u00e4ker tur p\u00e5 vatnet. <\/span><\/p><p><span style=\"color: #000000; font-family: Spartan, sans-serif; font-size: 18px;\">Du v\u00e4ljer sj\u00e4lv om du vill starta turen fr\u00e5n bryggan i Ensta, eller s\u00e5 kan du h\u00e4mta utrustningen hos oss och starta p\u00e5 en annan plats.\u00a0<\/span><\/p><p><span style=\"color: #000000; font-family: Spartan, sans-serif; font-size: 18px;\">Kanoterna kan ocks\u00e5 levereras<\/span><span style=\"color: #000000; font-family: Spartan, sans-serif; font-size: 18px;\"> till en plats som du sj\u00e4lv \u00f6nskar. Vid kanottransport\u00a0 tillkommer en transportkostnad p\u00e5 12 kr per km.<\/span><br style=\"color: #000000; font-family: Spartan, sans-serif; font-size: 18px;\" \/><span style=\"color: #000000; font-family: Spartan, sans-serif; font-size: 18px;\"><span style=\"color: #000000;font-family: Spartan, sans-serif;font-size: 18px\">We can transport up to 18 canoes at a time.<\/span>\u00a0<\/span><\/p><p><span style=\"color: #000000; font-family: Spartan, sans-serif; font-size: 18px;\">Hos oss finns m\u00e5nga kanoter och SUP-br\u00e4dor tillg\u00e4ngliga, men f<\/span><span style=\"color: #000000; font-family: Spartan, sans-serif; font-size: 18px;\">\u00f6r att vara s\u00e4kra p\u00e5 att ni f\u00e5r tag i just den utrustning ni \u00f6nskar, rekommenderar vi att ni bokar i f\u00f6rv\u00e4g. Spontana bes\u00f6k och dropp in \u00e4r s\u00e5 klart m\u00f6jliga.<\/span><\/p><p><span style=\"color: #000000; font-family: Spartan, sans-serif; font-size: 18px;\">Welcome!<\/span><\/p>\t\t\t\t\t\t\t\t<\/div>\n\t\t\t\t<\/div>\n\t\t\t\t<div class=\"elementor-element elementor-element-d21dbd7 elementor-widget elementor-widget-text-editor\" data-id=\"d21dbd7\" data-element_type=\"widget\" data-e-type=\"widget\" data-widget_type=\"text-editor.default\">\n\t\t\t\t<div class=\"elementor-widget-container\">\n\t\t\t\t\t\t\t\t\t<p><h2 id=\"tablepress-1-name\" class=\"tablepress-table-name tablepress-table-name-id-1\">Price List<\/h2>\n\n<table id=\"tablepress-1\" class=\"tablepress tablepress-id-1\" aria-labelledby=\"tablepress-1-name\">\n<thead>\n<tr class=\"row-1\">\n\t<th class=\"column-1\">Category<\/th><th class=\"column-2\">Per Hour<\/th><th class=\"column-3\">Hel dag<\/th><th class=\"column-4\">Veckorabbat<\/th>\n<\/tr>\n<\/thead>\n<tbody class=\"row-striping row-hover\">\n<tr class=\"row-2\">\n\t<td class=\"column-1\">SUP (Stand Up Paddle)<\/td><td class=\"column-2\">100:- <a href=\"https:\/\/sportat.se\/en\/product\/sup-brada-timbokning\/\">Book<\/a><\/td><td class=\"column-3\">450:- <a href=\"https:\/\/sportat.se\/en\/product\/sup-brada-dagsbokning\/\">Book<\/a><\/td><td class=\"column-4\">-1000:- <\/td>\n<\/tr>\n<tr class=\"row-3\">\n\t<td class=\"column-1\">Kayak<\/td><td class=\"column-2\">100:-  <a href=\"https:\/\/sportat.se\/en\/product\/1-singelkajak-timbokning\/\">Book<\/a><\/td><td class=\"column-3\">450:- <a href=\"https:\/\/sportat.se\/en\/product\/singelkajak-dagsbokning\/\"> Book<\/a><\/td><td class=\"column-4\">-1000:- <\/td>\n<\/tr>\n<tr class=\"row-4\">\n\t<td class=\"column-1\">Fishing kayak<\/td><td class=\"column-2\">120:-  <a href=\"https:\/\/sportat.se\/en\/product\/fiskekajak-tidsbokning\/\">Book<\/a><\/td><td class=\"column-3\">550:- <a href=\"https:\/\/sportat.se\/en\/product\/fiskekajak-dagsbokning\/\">Book<\/a><\/td><td class=\"column-4\">-1000:-<\/td>\n<\/tr>\n<tr class=\"row-5\">\n\t<td class=\"column-1\">Double kayak<\/td><td class=\"column-2\">160:-  <a href=\"https:\/\/sportat.se\/en\/product\/dubbelkajak-k2-timsbokning\/\"> Book<\/a><\/td><td class=\"column-3\">700:- <a href=\"https:\/\/sportat.se\/en\/product\/dubbelkajak-k2-dagsbokning\/\">Book<\/a><\/td><td class=\"column-4\">-2000:- <\/td>\n<\/tr>\n<tr class=\"row-6\">\n\t<td class=\"column-1\">Canadian<\/td><td class=\"column-2\">160:-  <a href=\"https:\/\/sportat.se\/en\/product\/kanadensare-c2-timsbokning\/\">Book<\/a><\/td><td class=\"column-3\">700:- <a href=\"https:\/\/sportat.se\/en\/product\/kanadensare-c2-dagsbokning\/\">Book<\/a><\/td><td class=\"column-4\">-2000:- <\/td>\n<\/tr>\n<\/tbody>\n<\/table>\n<!-- #tablepress-1 from cache --><\/p>\t\t\t\t\t\t\t\t<\/div>\n\t\t\t\t<\/div>\n\t\t\t\t\t<\/div>\n\t\t<\/div>\n\t\t\t\t<div class=\"elementor-column elementor-col-50 elementor-top-column elementor-element elementor-element-1b3e6811\" data-id=\"1b3e6811\" data-element_type=\"column\" data-e-type=\"column\">\n\t\t\t<div class=\"elementor-widget-wrap elementor-element-populated\">\n\t\t\t\t\t\t<div class=\"elementor-element elementor-element-5b8deb9e elementor-widget elementor-widget-image\" data-id=\"5b8deb9e\" data-element_type=\"widget\" data-e-type=\"widget\" data-widget_type=\"image.default\">\n\t\t\t\t<div class=\"elementor-widget-container\">\n\t\t\t\t\t\t\t\t\t\t\t\t\t\t\t<img fetchpriority=\"high\" decoding=\"async\" width=\"800\" height=\"600\" src=\"https:\/\/sportat.se\/wp-content\/uploads\/2021\/01\/kanadensare-fyrisan-2-Copy-2-scaled-e1687683684582-1024x768.jpg\" class=\"attachment-large size-large wp-image-3793\" alt=\"\" srcset=\"https:\/\/sportat.se\/wp-content\/uploads\/2021\/01\/kanadensare-fyrisan-2-Copy-2-scaled-e1687683684582-1024x768.jpg 1024w, https:\/\/sportat.se\/wp-content\/uploads\/2021\/01\/kanadensare-fyrisan-2-Copy-2-scaled-e1687683684582-768x576.jpg 768w, https:\/\/sportat.se\/wp-content\/uploads\/2021\/01\/kanadensare-fyrisan-2-Copy-2-scaled-e1687683684582-1536x1151.jpg 1536w, https:\/\/sportat.se\/wp-content\/uploads\/2021\/01\/kanadensare-fyrisan-2-Copy-2-scaled-e1687683684582-2048x1535.jpg 2048w\" sizes=\"(max-width: 800px) 100vw, 800px\" \/>\t\t\t\t\t\t\t\t\t\t\t\t\t\t\t<\/div>\n\t\t\t\t<\/div>\n\t\t\t\t<div class=\"elementor-element elementor-element-2cb177fc elementor-widget elementor-widget-image\" data-id=\"2cb177fc\" data-element_type=\"widget\" data-e-type=\"widget\" data-widget_type=\"image.default\">\n\t\t\t\t<div class=\"elementor-widget-container\">\n\t\t\t\t\t\t\t\t\t\t\t\t\t\t\t<img decoding=\"async\" width=\"800\" height=\"600\" src=\"https:\/\/sportat.se\/wp-content\/uploads\/2021\/01\/P3-1024x768.jpeg\" class=\"attachment-large size-large wp-image-3807\" alt=\"\" srcset=\"https:\/\/sportat.se\/wp-content\/uploads\/2021\/01\/P3-1024x768.jpeg 1024w, https:\/\/sportat.se\/wp-content\/uploads\/2021\/01\/P3-e1687683787486-300x225.jpeg 300w, https:\/\/sportat.se\/wp-content\/uploads\/2021\/01\/P3-e1610698637668-416x312.jpeg 416w, https:\/\/sportat.se\/wp-content\/uploads\/2021\/01\/P3-768x576.jpeg 768w, https:\/\/sportat.se\/wp-content\/uploads\/2021\/01\/P3-1536x1152.jpeg 1536w, https:\/\/sportat.se\/wp-content\/uploads\/2021\/01\/P3-e1610698637668-324x243.jpeg 324w, https:\/\/sportat.se\/wp-content\/uploads\/2021\/01\/P3-e1687683787486-16x12.jpeg 16w, https:\/\/sportat.se\/wp-content\/uploads\/2021\/01\/P3-e1687683787486.jpeg 489w\" sizes=\"(max-width: 800px) 100vw, 800px\" \/>\t\t\t\t\t\t\t\t\t\t\t\t\t\t\t<\/div>\n\t\t\t\t<\/div>\n\t\t\t\t\t<\/div>\n\t\t<\/div>\n\t\t\t\t\t<\/div>\n\t\t<\/section>\n\t\t\t\t<section class=\"elementor-section elementor-top-section elementor-element elementor-element-d8dd32a elementor-section-boxed elementor-section-height-default elementor-section-height-default\" data-id=\"d8dd32a\" data-element_type=\"section\" data-e-type=\"section\">\n\t\t\t\t\t\t<div class=\"elementor-container elementor-column-gap-default\">\n\t\t\t\t\t<div class=\"elementor-column elementor-col-33 elementor-top-column elementor-element elementor-element-cb80a3f\" data-id=\"cb80a3f\" data-element_type=\"column\" data-e-type=\"column\">\n\t\t\t<div class=\"elementor-widget-wrap elementor-element-populated\">\n\t\t\t\t\t\t<div class=\"elementor-element elementor-element-7cb1397 elementor-widget elementor-widget-text-editor\" data-id=\"7cb1397\" data-element_type=\"widget\" data-e-type=\"widget\" data-widget_type=\"text-editor.default\">\n\t\t\t\t<div class=\"elementor-widget-container\">\n\t\t\t\t\t\t\t\t\t<p>Visit us<\/p>\t\t\t\t\t\t\t\t<\/div>\n\t\t\t\t<\/div>\n\t\t\t\t<div class=\"elementor-element elementor-element-b44c175 elementor-widget elementor-widget-text-editor\" data-id=\"b44c175\" data-element_type=\"widget\" data-e-type=\"widget\" data-widget_type=\"text-editor.default\">\n\t\t\t\t<div class=\"elementor-widget-container\">\n\t\t\t\t\t\t\t\t\t<p><b>Contact<\/b><\/p><p>Tel: +46 (0) 723 24 58 32<br \/>Tel: +46 (0) 735 30 24 84<\/p><p>E-mail: info@sportat.se; bokning@sportat.se<\/p><p><b>Adress<\/b>\u00a0 \u00a0\u00a0<\/p><p><span style=\"color: var( --e-global-color-59c8478a );\">Sport Adventure Travels Uppsala<\/span><\/p><p><span style=\"color: var( --e-global-color-59c8478a );\">Fuller\u00f6 Ensta 115, 755 94 Uppsala\u00a0<\/span><span style=\"color: var( --e-global-color-59c8478a );\">Sweden<\/span><\/p><p><b>Opening hours:<\/b> m\u00e5ndag &#8211; s\u00f6ndag\u00a0 \u00a0 \u00a0 08 &#8211; 23<\/p>\t\t\t\t\t\t\t\t<\/div>\n\t\t\t\t<\/div>\n\t\t\t\t<div class=\"elementor-element elementor-element-58b2750 elementor-widget elementor-widget-spacer\" data-id=\"58b2750\" data-element_type=\"widget\" data-e-type=\"widget\" data-widget_type=\"spacer.default\">\n\t\t\t\t<div class=\"elementor-widget-container\">\n\t\t\t\t\t\t\t<div class=\"elementor-spacer\">\n\t\t\t<div class=\"elementor-spacer-inner\"><\/div>\n\t\t<\/div>\n\t\t\t\t\t\t<\/div>\n\t\t\t\t<\/div>\n\t\t\t\t\t<\/div>\n\t\t<\/div>\n\t\t\t\t<div class=\"elementor-column elementor-col-66 elementor-top-column elementor-element elementor-element-5ae0a49\" data-id=\"5ae0a49\" data-element_type=\"column\" data-e-type=\"column\">\n\t\t\t<div class=\"elementor-widget-wrap elementor-element-populated\">\n\t\t\t\t\t\t<div class=\"elementor-element elementor-element-46c649f elementor-widget elementor-widget-google_maps\" data-id=\"46c649f\" data-element_type=\"widget\" data-e-type=\"widget\" data-widget_type=\"google_maps.default\">\n\t\t\t\t<div class=\"elementor-widget-container\">\n\t\t\t\t\t\t\t<div class=\"elementor-custom-embed\">\n\t\t\t<iframe loading=\"lazy\"\n\t\t\t\t\tsrc=\"https:\/\/maps.google.com\/maps?q=Sport%20Adventure%20Travels&#038;t=m&#038;z=10&#038;output=embed&#038;iwloc=near\"\n\t\t\t\t\ttitle=\"Sport Adventure Travels\"\n\t\t\t\t\taria-label=\"Sport Adventure Travels\"\n\t\t\t><\/iframe>\n\t\t<\/div>\n\t\t\t\t\t\t<\/div>\n\t\t\t\t<\/div>\n\t\t\t\t\t<\/div>\n\t\t<\/div>\n\t\t\t\t\t<\/div>\n\t\t<\/section>\n\t\t\t\t<\/div>","protected":false},"excerpt":{"rendered":"<p>Uthyrning Vid uthyrning ing\u00e5r alltid en genomg\u00e5ng av paddelteknik och s\u00e4kerhetsrutiner samt all utrustning som kr\u00e4vs f\u00f6r en s\u00e4ker tur p\u00e5 vatnet. Du v\u00e4ljer sj\u00e4lv om du vill starta turen fr\u00e5n bryggan i Ensta, eller s\u00e5 kan du h\u00e4mta utrustningen hos oss och starta p\u00e5 en annan plats.\u00a0 Kanoterna kan ocks\u00e5 levereras till en plats [&hellip;]<\/p>\n","protected":false},"author":1,"featured_media":0,"parent":0,"menu_order":0,"comment_status":"closed","ping_status":"closed","template":"","meta":{"footnotes":""},"class_list":["post-3753","page","type-page","status-publish","hentry"],"_links":{"self":[{"href":"https:\/\/sportat.se\/en\/wp-json\/wp\/v2\/pages\/3753","targetHints":{"allow":["GET"]}}],"collection":[{"href":"https:\/\/sportat.se\/en\/wp-json\/wp\/v2\/pages"}],"about":[{"href":"https:\/\/sportat.se\/en\/wp-json\/wp\/v2\/types\/page"}],"author":[{"embeddable":true,"href":"https:\/\/sportat.se\/en\/wp-json\/wp\/v2\/users\/1"}],"replies":[{"embeddable":true,"href":"https:\/\/sportat.se\/en\/wp-json\/wp\/v2\/comments?post=3753"}],"version-history":[{"count":402,"href":"https:\/\/sportat.se\/en\/wp-json\/wp\/v2\/pages\/3753\/revisions"}],"predecessor-version":[{"id":8510,"href":"https:\/\/sportat.se\/en\/wp-json\/wp\/v2\/pages\/3753\/revisions\/8510"}],"wp:attachment":[{"href":"https:\/\/sportat.se\/en\/wp-json\/wp\/v2\/media?parent=3753"}],"curies":[{"name":"wp","href":"https:\/\/api.w.org\/{rel}","templated":true}]}}