{"id":2687,"date":"2020-12-15T09:59:37","date_gmt":"2020-12-15T09:59:37","guid":{"rendered":"https:\/\/sportat.se\/?page_id=2687"},"modified":"2023-06-16T19:23:15","modified_gmt":"2023-06-16T19:23:15","slug":"guidade-turer-paddling","status":"publish","type":"page","link":"https:\/\/sportat.se\/en\/guidade-turer-paddling\/","title":{"rendered":"Guidade turer &#8211; paddling"},"content":{"rendered":"<div data-elementor-type=\"wp-page\" data-elementor-id=\"2687\" class=\"elementor elementor-2687\" data-elementor-post-type=\"page\">\n\t\t\t\t\t\t<section class=\"elementor-section elementor-top-section elementor-element elementor-element-347fb84 elementor-section-boxed elementor-section-height-default elementor-section-height-default\" data-id=\"347fb84\" data-element_type=\"section\" data-e-type=\"section\">\n\t\t\t\t\t\t<div class=\"elementor-container elementor-column-gap-default\">\n\t\t\t\t\t<div class=\"elementor-column elementor-col-100 elementor-top-column elementor-element elementor-element-d0874cc\" data-id=\"d0874cc\" data-element_type=\"column\" data-e-type=\"column\">\n\t\t\t<div class=\"elementor-widget-wrap elementor-element-populated\">\n\t\t\t\t\t\t<div class=\"elementor-element elementor-element-3b9465b elementor-widget elementor-widget-spacer\" data-id=\"3b9465b\" data-element_type=\"widget\" data-e-type=\"widget\" data-widget_type=\"spacer.default\">\n\t\t\t\t<div class=\"elementor-widget-container\">\n\t\t\t\t\t\t\t<div class=\"elementor-spacer\">\n\t\t\t<div class=\"elementor-spacer-inner\"><\/div>\n\t\t<\/div>\n\t\t\t\t\t\t<\/div>\n\t\t\t\t<\/div>\n\t\t\t\t\t<\/div>\n\t\t<\/div>\n\t\t\t\t\t<\/div>\n\t\t<\/section>\n\t\t\t\t<section class=\"elementor-section elementor-top-section elementor-element elementor-element-92581c8 elementor-section-boxed elementor-section-height-default elementor-section-height-default\" data-id=\"92581c8\" data-element_type=\"section\" data-e-type=\"section\">\n\t\t\t\t\t\t<div class=\"elementor-container elementor-column-gap-default\">\n\t\t\t\t\t<div class=\"elementor-column elementor-col-33 elementor-top-column elementor-element elementor-element-331f159\" data-id=\"331f159\" data-element_type=\"column\" data-e-type=\"column\">\n\t\t\t<div class=\"elementor-widget-wrap elementor-element-populated\">\n\t\t\t\t\t\t<div class=\"elementor-element elementor-element-822addb elementor-widget elementor-widget-text-editor\" data-id=\"822addb\" data-element_type=\"widget\" data-e-type=\"widget\" data-widget_type=\"text-editor.default\">\n\t\t\t\t<div class=\"elementor-widget-container\">\n\t\t\t\t\t\t\t\t\t<p>Kajaktur fr\u00e5n Ensta till Uppsala<\/p>\t\t\t\t\t\t\t\t<\/div>\n\t\t\t\t<\/div>\n\t\t\t\t\t<\/div>\n\t\t<\/div>\n\t\t\t\t<div class=\"elementor-column elementor-col-66 elementor-top-column elementor-element elementor-element-6c4c968\" data-id=\"6c4c968\" data-element_type=\"column\" data-e-type=\"column\">\n\t\t\t<div class=\"elementor-widget-wrap\">\n\t\t\t\t\t\t\t<\/div>\n\t\t<\/div>\n\t\t\t\t\t<\/div>\n\t\t<\/section>\n\t\t\t\t<section class=\"elementor-section elementor-top-section elementor-element elementor-element-94decf9 elementor-section-boxed elementor-section-height-default elementor-section-height-default\" data-id=\"94decf9\" data-element_type=\"section\" data-e-type=\"section\">\n\t\t\t\t\t\t<div class=\"elementor-container elementor-column-gap-default\">\n\t\t\t\t\t<div class=\"elementor-column elementor-col-100 elementor-top-column elementor-element elementor-element-8d8558e\" data-id=\"8d8558e\" data-element_type=\"column\" data-e-type=\"column\">\n\t\t\t<div class=\"elementor-widget-wrap elementor-element-populated\">\n\t\t\t\t\t\t<div class=\"elementor-element elementor-element-693478e elementor-widget elementor-widget-text-editor\" data-id=\"693478e\" data-element_type=\"widget\" data-e-type=\"widget\" data-widget_type=\"text-editor.default\">\n\t\t\t\t<div class=\"elementor-widget-container\">\n\t\t\t\t\t\t\t\t\t<h1><strong>Upplev Fyris\u00e5n fr\u00e5n kajak!<\/strong><\/h1><p>En lugn guidad tur genom vacker natur med start i Ensta. Str\u00e4ckan passerar Sturvadbadet, Ulva Kvarn och Fyrish\u00f6v och avslutar vid J\u00e4rnbron i Uppsala. Str\u00e4ckan \u00e4r 14 km l\u00e5ng och tar ungef\u00e4r 5 timmar, beroende av antalet raste<span style=\"color: var( --e-global-color-59c8478a );\">r som tas. Vi tar en l\u00e4ngre rast vid Ulva Kvarn d\u00e4r vi vilar och \u00e4ter lunch som kan tas med eller ordnas av oss.\u00a0<\/span><span style=\"color: var( --e-global-color-59c8478a );\">Du kommer att paddla med v\u00e5ra erfarna guider och beh\u00f6ver inte vara erfaren paddlare eftersom turen kommer att anpassas efter dina f\u00f6ruts\u00e4ttningar. Innan vi b\u00f6rjar paddla, ska alla deltagarna f\u00e5 genomg\u00e5ng av s\u00e4kerhetsutrustning och instruktioner p\u00e5 den niv\u00e5 som individen beh\u00f6ver.<\/span><\/p><p><b><i>Datum och tid:<\/i><\/b> m\u00e5ndag &amp; fredag kl 10:00 till 15:00 (det kan vara varierande), fr\u00e5n maj 2021<br \/><b><i>Startplats:<\/i><\/b> Sport Adventure Travels, Fuller\u00f6 Ensta 115<br \/>\u00a0 \u00a0 \u00a0&#8211; Med bill fr\u00e5n Uppsala: 2 km efter Gamla Uppsala sv\u00e4ng v\u00e4nster vid skylten Sport Adventure Travels (Valsg\u00e4rde!).\u00a0 \u00a0 \u00a0 \u00a0 \u00a0 Fr\u00e5n Storvreta\/E4: sv\u00e4ng h\u00f6ger efter Fuller\u00f6 Handel vid skylten Sport Adventure Travels (Valsg\u00e4rde!).<br \/>\u00a0 \u00a0 \u00a0&#8211; Med bus: bus 110 och 823 \u00e5ker fr\u00e5n Centralstation Uppsala. Kliv av vid Ensta station.<br \/><b><i>Slutdestination:<\/i><\/b> parken vid J\u00e4rnbron i Uppsala. D\u00e4r h\u00e4mtar vi kajakerna och deltagarna och k\u00f6r de som vill tillbacka till startposition i Ensta.<br \/><b><i>Lunch:<\/i><\/b> kan ordnas av oss (avgift tillkommer) eller egen lunchbox. Fikapauser enligt \u00f6verenskommelsen under turen.<br \/><b><i>Antal personer:<\/i><\/b> min &#8211; 5, max &#8211; 12<br \/><b><i>Utrustning:<\/i><\/b> kajak, paddel, flytv\u00e4st, kapell<br \/><b><i>Instruktioner:<\/i><\/b> instruktioner i paddelteknik och s\u00e4kerhet inf\u00f6r och under turen<br \/><b><i>Att t\u00e4nka p\u00e5:<\/i><\/b> vattenflaska, mellanm\u00e5l\/fika, solglas\u00f6gon, solkr\u00e4m, keps, extra ombytskl\u00e4der vid d\u00e5ligt v\u00e4dret, skydd f\u00f6r mobiltelefon<\/p><p><b><i>Pris:<\/i><\/b> 900 kr per person<\/p><p><b><i>Bokning:<\/i><\/b> bokning@sportat.se; 072 3245 832; 073 5302 484<br \/>l\u00e4nk till produktsidan<\/p>\t\t\t\t\t\t\t\t<\/div>\n\t\t\t\t<\/div>\n\t\t\t\t\t<\/div>\n\t\t<\/div>\n\t\t\t\t\t<\/div>\n\t\t<\/section>\n\t\t\t\t<section class=\"elementor-section elementor-top-section elementor-element elementor-element-ac1ccfd elementor-section-boxed elementor-section-height-default elementor-section-height-default\" data-id=\"ac1ccfd\" data-element_type=\"section\" data-e-type=\"section\">\n\t\t\t\t\t\t<div class=\"elementor-container elementor-column-gap-default\">\n\t\t\t\t\t<div class=\"elementor-column elementor-col-100 elementor-top-column elementor-element elementor-element-8a11ceb\" data-id=\"8a11ceb\" data-element_type=\"column\" data-e-type=\"column\">\n\t\t\t<div class=\"elementor-widget-wrap elementor-element-populated\">\n\t\t\t\t\t\t<div class=\"elementor-element elementor-element-c013dfc elementor-widget elementor-widget-image\" data-id=\"c013dfc\" data-element_type=\"widget\" data-e-type=\"widget\" data-widget_type=\"image.default\">\n\t\t\t\t<div class=\"elementor-widget-container\">\n\t\t\t\t\t\t\t\t\t\t\t\t\t\t\t<img fetchpriority=\"high\" decoding=\"async\" width=\"1536\" height=\"239\" src=\"https:\/\/sportat.se\/wp-content\/uploads\/2021\/01\/infart-i-uppsala-Copy-1536x239.jpg\" class=\"attachment-1536x1536 size-1536x1536 wp-image-3680\" alt=\"\" srcset=\"https:\/\/sportat.se\/wp-content\/uploads\/2021\/01\/infart-i-uppsala-Copy-1536x239.jpg 1536w, https:\/\/sportat.se\/wp-content\/uploads\/2021\/01\/infart-i-uppsala-Copy-300x47.jpg 300w, https:\/\/sportat.se\/wp-content\/uploads\/2021\/01\/infart-i-uppsala-Copy-scaled-600x93.jpg 600w, https:\/\/sportat.se\/wp-content\/uploads\/2021\/01\/infart-i-uppsala-Copy-1024x159.jpg 1024w, https:\/\/sportat.se\/wp-content\/uploads\/2021\/01\/infart-i-uppsala-Copy-768x119.jpg 768w, https:\/\/sportat.se\/wp-content\/uploads\/2021\/01\/infart-i-uppsala-Copy-2048x318.jpg 2048w, https:\/\/sportat.se\/wp-content\/uploads\/2021\/01\/infart-i-uppsala-Copy-scaled-324x50.jpg 324w, https:\/\/sportat.se\/wp-content\/uploads\/2021\/01\/infart-i-uppsala-Copy-scaled-416x65.jpg 416w\" sizes=\"(max-width: 1536px) 100vw, 1536px\" \/>\t\t\t\t\t\t\t\t\t\t\t\t\t\t\t<\/div>\n\t\t\t\t<\/div>\n\t\t\t\t\t<\/div>\n\t\t<\/div>\n\t\t\t\t\t<\/div>\n\t\t<\/section>\n\t\t\t\t<section class=\"elementor-section elementor-top-section elementor-element elementor-element-a501a97 elementor-section-boxed elementor-section-height-default elementor-section-height-default\" data-id=\"a501a97\" data-element_type=\"section\" data-e-type=\"section\">\n\t\t\t\t\t\t<div class=\"elementor-container elementor-column-gap-default\">\n\t\t\t\t\t<div class=\"elementor-column elementor-col-100 elementor-top-column elementor-element elementor-element-25c4580\" data-id=\"25c4580\" data-element_type=\"column\" data-e-type=\"column\">\n\t\t\t<div class=\"elementor-widget-wrap elementor-element-populated\">\n\t\t\t\t\t\t<div class=\"elementor-element elementor-element-5081ba6 elementor-widget elementor-widget-text-editor\" data-id=\"5081ba6\" data-element_type=\"widget\" data-e-type=\"widget\" data-widget_type=\"text-editor.default\">\n\t\t\t\t<div class=\"elementor-widget-container\">\n\t\t\t\t\t\t\t\t\t<p>Guidad paddeltur med biologi som tema<\/p>\t\t\t\t\t\t\t\t<\/div>\n\t\t\t\t<\/div>\n\t\t\t\t\t<\/div>\n\t\t<\/div>\n\t\t\t\t\t<\/div>\n\t\t<\/section>\n\t\t\t\t<section class=\"elementor-section elementor-top-section elementor-element elementor-element-bcf5c54 elementor-section-boxed elementor-section-height-default elementor-section-height-default\" data-id=\"bcf5c54\" data-element_type=\"section\" data-e-type=\"section\">\n\t\t\t\t\t\t<div class=\"elementor-container elementor-column-gap-default\">\n\t\t\t\t\t<div class=\"elementor-column elementor-col-100 elementor-top-column elementor-element elementor-element-b415a48\" data-id=\"b415a48\" data-element_type=\"column\" data-e-type=\"column\">\n\t\t\t<div class=\"elementor-widget-wrap elementor-element-populated\">\n\t\t\t\t\t\t<div class=\"elementor-element elementor-element-79375ce elementor-widget elementor-widget-text-editor\" data-id=\"79375ce\" data-element_type=\"widget\" data-e-type=\"widget\" data-widget_type=\"text-editor.default\">\n\t\t\t\t<div class=\"elementor-widget-container\">\n\t\t\t\t\t\t\t\t\t<h1><strong>Lysna p\u00e5 en expertguide som ska prata om naturen som du m\u00f6ter n\u00e4r du paddlar p\u00e5 Fyris\u00e5n. L\u00e4mplig f\u00f6r b\u00e5de vuxna och barn!<\/strong><\/h1><p>En lugn guidad tur i vacker natur med expertguide som ska prata om naturen runt Fyris\u00e5n. Vi paddlar fr\u00e5n Ensta till Ulva Kvarn och tillbaka. Turen \u00e4r 10 km l\u00e5ng och tar ungef\u00e4r 4 timmar,beroende av pauser som tas. <span style=\"color: var( --e-global-color-59c8478a );\">Vi tar en l\u00e4ngre rast vid Ulva Kvarn d\u00e4r vi vilar och \u00e4ter lunch som kan tas med eller ordnas av oss.\u00a0<\/span><span style=\"color: var( --e-global-color-59c8478a );\">Du kommer att paddla med v\u00e5ra erfarna guider och beh\u00f6ver inte n\u00e5gon speciell kunskap eftersom turen kommer att anpassas efter dina f\u00f6ruts\u00e4ttningar. Innan vi b\u00f6rjar paddla, ska alla deltagarna f\u00e5 genomg\u00e5ng av s\u00e4kerhetsutrustning och instruktioner p\u00e5 den niv\u00e5 som individen beh\u00f6ver. Du kan v\u00e4lja att paddla kanadensare, dubbelkajak eller kajak. I en kanadensare kan upp till tre personer f\u00e5 plats.\u00a0<\/span><\/p><p><b><i>Datum och tid:<\/i><\/b> m\u00e5ndag &amp; fredag kl 10:00 till 14:00 (det kan vara varierande), fr\u00e5n maj 2021<br \/><b><i>Startplats:<\/i><\/b> Sport Adventure Travels, Fuller\u00f6 Ensta 115<br \/>\u00a0 \u00a0 \u00a0&#8211; Med bill fr\u00e5n Uppsala: 2 km efter Gamla Uppsala sv\u00e4ng v\u00e4nster vid skylten Sport Adventure Travels (Valsg\u00e4rde!).\u00a0 \u00a0 \u00a0 \u00a0 \u00a0 Fr\u00e5n Storvreta\/E4: sv\u00e4ng h\u00f6ger efter Fuller\u00f6 Handel vid skylten Sport Adventure Travels (Valsg\u00e4rde!).<br \/>\u00a0 \u00a0 \u00a0&#8211; Med bus: bus 110 och 823 \u00e5ker fr\u00e5n Centralstation Uppsala. Kliv av vid Ensta station.<br \/><b><i>Slutdestination:<\/i><\/b>\u00a0 Ensta.<br \/><b><i>Lunch:<\/i><\/b> kan ordnas av oss (avgift tillkommer) eller egen lunchbox. Fikapauser enligt \u00f6verenskommelsen under turen.<br \/><b><i><br \/><\/i><\/b><\/p><p><b>Kanadensare\/dubbelkajak<\/b><\/p><p><b><i>Antal personer:<\/i><\/b>\u00a012-20 personer, minst 4 kanoter<br \/><b><i>Utrustning:<\/i><\/b>\u00a0kanadensare\/dubbelkajak, paddel, flytv\u00e4st<br \/><b><i>Instruktioner:<\/i><\/b> instruktioner i paddelteknik och s\u00e4kerhet inf\u00f6r och under turen<br \/><b><i>Att t\u00e4nka p\u00e5:<\/i><\/b> vattenflaska, mellanm\u00e5l\/fika, solglas\u00f6gon, solkr\u00e4m, keps, extra ombytskl\u00e4der vid d\u00e5ligt v\u00e4dret, skydd f\u00f6r mobiltelefon<\/p><p><b><i>Pris:<\/i><\/b>\u00a01500 kr per kanot<\/p><p><b><i>Bokning:<\/i><\/b> bokning@sportat.se; 072 3245 832; 073 5302 484<br \/>l\u00e4nk till produktsidan<\/p><p>\u00a0<\/p><p><b>Kayak<\/b><\/p><p><b><i>Antal personer:<\/i><\/b>\u00a0min &#8211; 6, max &#8211; 12<br \/><b><i>Utrustning:<\/i><\/b>\u00a0kajak, paddel, flytv\u00e4st, kapell<br \/><b><i>Instruktioner:<\/i><\/b> instruktioner i paddelteknik och s\u00e4kerhet inf\u00f6r och under turen<br \/><b><i>Att t\u00e4nka p\u00e5:<\/i><\/b> vattenflaska, mellanm\u00e5l\/fika, solglas\u00f6gon, solkr\u00e4m, keps, extra ombytskl\u00e4der vid d\u00e5ligt v\u00e4dret, skydd f\u00f6r mobiltelefon<\/p><p><b><i>Pris:<\/i><\/b>\u00a01000 kr per person<\/p><p><b><i>Bokning:<\/i><\/b> bokning@sportat.se; 072 3245 832; 073 5302 484<br \/>l\u00e4nk till produktsidan<\/p><p>\u00a0<\/p>\t\t\t\t\t\t\t\t<\/div>\n\t\t\t\t<\/div>\n\t\t\t\t\t<\/div>\n\t\t<\/div>\n\t\t\t\t\t<\/div>\n\t\t<\/section>\n\t\t\t\t<section class=\"elementor-section elementor-top-section elementor-element elementor-element-27954b8 elementor-section-boxed elementor-section-height-default elementor-section-height-default\" data-id=\"27954b8\" data-element_type=\"section\" data-e-type=\"section\">\n\t\t\t\t\t\t<div class=\"elementor-container elementor-column-gap-default\">\n\t\t\t\t\t<div class=\"elementor-column elementor-col-100 elementor-top-column elementor-element elementor-element-7c58c84\" data-id=\"7c58c84\" data-element_type=\"column\" data-e-type=\"column\">\n\t\t\t<div class=\"elementor-widget-wrap elementor-element-populated\">\n\t\t\t\t\t\t<div class=\"elementor-element elementor-element-352cb26 elementor-widget elementor-widget-image\" data-id=\"352cb26\" data-element_type=\"widget\" data-e-type=\"widget\" data-widget_type=\"image.default\">\n\t\t\t\t<div class=\"elementor-widget-container\">\n\t\t\t\t\t\t\t\t\t\t\t\t\t\t\t<img decoding=\"async\" width=\"1536\" height=\"299\" src=\"https:\/\/sportat.se\/wp-content\/uploads\/2021\/01\/kanadensare-obala-prazni-Copy-1536x299.jpg\" class=\"attachment-1536x1536 size-1536x1536 wp-image-3705\" alt=\"\" srcset=\"https:\/\/sportat.se\/wp-content\/uploads\/2021\/01\/kanadensare-obala-prazni-Copy-1536x299.jpg 1536w, https:\/\/sportat.se\/wp-content\/uploads\/2021\/01\/kanadensare-obala-prazni-Copy-300x58.jpg 300w, https:\/\/sportat.se\/wp-content\/uploads\/2021\/01\/kanadensare-obala-prazni-Copy-600x117.jpg 600w, https:\/\/sportat.se\/wp-content\/uploads\/2021\/01\/kanadensare-obala-prazni-Copy-1024x199.jpg 1024w, https:\/\/sportat.se\/wp-content\/uploads\/2021\/01\/kanadensare-obala-prazni-Copy-768x149.jpg 768w, https:\/\/sportat.se\/wp-content\/uploads\/2021\/01\/kanadensare-obala-prazni-Copy-324x63.jpg 324w, https:\/\/sportat.se\/wp-content\/uploads\/2021\/01\/kanadensare-obala-prazni-Copy-416x81.jpg 416w, https:\/\/sportat.se\/wp-content\/uploads\/2021\/01\/kanadensare-obala-prazni-Copy.jpg 2048w\" sizes=\"(max-width: 1536px) 100vw, 1536px\" \/>\t\t\t\t\t\t\t\t\t\t\t\t\t\t\t<\/div>\n\t\t\t\t<\/div>\n\t\t\t\t\t<\/div>\n\t\t<\/div>\n\t\t\t\t\t<\/div>\n\t\t<\/section>\n\t\t\t\t<\/div>","protected":false},"excerpt":{"rendered":"<p>Kajaktur fr\u00e5n Ensta till Uppsala Upplev Fyris\u00e5n fr\u00e5n kajak! En lugn guidad tur genom vacker natur med start i Ensta. Str\u00e4ckan passerar Sturvadbadet, Ulva Kvarn och Fyrish\u00f6v och avslutar vid J\u00e4rnbron i Uppsala. Str\u00e4ckan \u00e4r 14 km l\u00e5ng och tar ungef\u00e4r 5 timmar, beroende av antalet raster som tas. Vi tar en l\u00e4ngre rast vid [&hellip;]<\/p>\n","protected":false},"author":1,"featured_media":0,"parent":0,"menu_order":0,"comment_status":"closed","ping_status":"closed","template":"","meta":{"footnotes":""},"class_list":["post-2687","page","type-page","status-publish","hentry"],"_links":{"self":[{"href":"https:\/\/sportat.se\/en\/wp-json\/wp\/v2\/pages\/2687","targetHints":{"allow":["GET"]}}],"collection":[{"href":"https:\/\/sportat.se\/en\/wp-json\/wp\/v2\/pages"}],"about":[{"href":"https:\/\/sportat.se\/en\/wp-json\/wp\/v2\/types\/page"}],"author":[{"embeddable":true,"href":"https:\/\/sportat.se\/en\/wp-json\/wp\/v2\/users\/1"}],"replies":[{"embeddable":true,"href":"https:\/\/sportat.se\/en\/wp-json\/wp\/v2\/comments?post=2687"}],"version-history":[{"count":128,"href":"https:\/\/sportat.se\/en\/wp-json\/wp\/v2\/pages\/2687\/revisions"}],"predecessor-version":[{"id":7382,"href":"https:\/\/sportat.se\/en\/wp-json\/wp\/v2\/pages\/2687\/revisions\/7382"}],"wp:attachment":[{"href":"https:\/\/sportat.se\/en\/wp-json\/wp\/v2\/media?parent=2687"}],"curies":[{"name":"wp","href":"https:\/\/api.w.org\/{rel}","templated":true}]}}