{"id":6235,"date":"2023-02-15T09:16:35","date_gmt":"2023-02-15T09:16:35","guid":{"rendered":"https:\/\/sportat.se\/?page_id=6235"},"modified":"2023-03-21T21:45:21","modified_gmt":"2023-03-21T21:45:21","slug":"kayak-guided-tour-sunset-mindfulness-3","status":"publish","type":"page","link":"http:\/\/sportat.se\/en\/kayak-guided-tour-sunset-mindfulness-3\/","title":{"rendered":"kayak guided tour sunset mindfulness 3"},"content":{"rendered":"<div data-elementor-type=\"wp-page\" data-elementor-id=\"6235\" class=\"elementor elementor-6235\" data-elementor-post-type=\"page\">\n\t\t\t\t\t\t<section class=\"elementor-section elementor-top-section elementor-element elementor-element-62dc9a4c elementor-section-boxed elementor-section-height-default elementor-section-height-default\" data-id=\"62dc9a4c\" data-element_type=\"section\" data-e-type=\"section\">\n\t\t\t\t\t\t<div class=\"elementor-container elementor-column-gap-default\">\n\t\t\t\t\t<div class=\"elementor-column elementor-col-100 elementor-top-column elementor-element elementor-element-1b9c5d85\" data-id=\"1b9c5d85\" data-element_type=\"column\" data-e-type=\"column\">\n\t\t\t<div class=\"elementor-widget-wrap elementor-element-populated\">\n\t\t\t\t\t\t<div class=\"elementor-element elementor-element-36275492 elementor-widget elementor-widget-spacer\" data-id=\"36275492\" data-element_type=\"widget\" data-e-type=\"widget\" data-widget_type=\"spacer.default\">\n\t\t\t\t<div class=\"elementor-widget-container\">\n\t\t\t\t\t\t\t<div class=\"elementor-spacer\">\n\t\t\t<div class=\"elementor-spacer-inner\"><\/div>\n\t\t<\/div>\n\t\t\t\t\t\t<\/div>\n\t\t\t\t<\/div>\n\t\t\t\t<div class=\"elementor-element elementor-element-51bb9db8 elementor-widget elementor-widget-text-editor\" data-id=\"51bb9db8\" data-element_type=\"widget\" data-e-type=\"widget\" data-widget_type=\"text-editor.default\">\n\t\t\t\t<div class=\"elementor-widget-container\">\n\t\t\t\t\t\t\t\t\t<p>Cozy guided evening tour on the river with a fascinating sunset\u2026and mingling at the end!<\/p>\t\t\t\t\t\t\t\t<\/div>\n\t\t\t\t<\/div>\n\t\t\t\t\t<\/div>\n\t\t<\/div>\n\t\t\t\t\t<\/div>\n\t\t<\/section>\n\t\t\t\t<section class=\"elementor-section elementor-top-section elementor-element elementor-element-290d7ad7 elementor-section-boxed elementor-section-height-default elementor-section-height-default\" data-id=\"290d7ad7\" data-element_type=\"section\" data-e-type=\"section\">\n\t\t\t\t\t\t<div class=\"elementor-container elementor-column-gap-default\">\n\t\t\t\t\t<div class=\"elementor-column elementor-col-100 elementor-top-column elementor-element elementor-element-5d1c9cd3\" data-id=\"5d1c9cd3\" data-element_type=\"column\" data-e-type=\"column\">\n\t\t\t<div class=\"elementor-widget-wrap elementor-element-populated\">\n\t\t\t\t\t\t<div class=\"elementor-element elementor-element-72b8346e elementor-widget elementor-widget-text-editor\" data-id=\"72b8346e\" data-element_type=\"widget\" data-e-type=\"widget\" data-widget_type=\"text-editor.default\">\n\t\t\t\t<div class=\"elementor-widget-container\">\n\t\t\t\t\t\t\t\t\t<p><strong>Just come to the river\u2026feel mindfulness, connect to your senses, and deepen your relationship with a nature. <\/strong><\/p><p>Feel the silence of nature with barely audible strokes of paddle, slow down and immerse yourself in the nature around you and just be! Accompanied by the changing light and water reflections this ambience is perfect to calm down and to do something good for yourself. Just relax your mind and join the river on its journey. After our experience we are going to continue watching the sunset either by the river or on our terrace with a drink of your choice.<\/p>\t\t\t\t\t\t\t\t<\/div>\n\t\t\t\t<\/div>\n\t\t\t\t\t<\/div>\n\t\t<\/div>\n\t\t\t\t\t<\/div>\n\t\t<\/section>\n\t\t\t\t<section class=\"elementor-section elementor-top-section elementor-element elementor-element-6efca29c elementor-section-boxed elementor-section-height-default elementor-section-height-default\" data-id=\"6efca29c\" data-element_type=\"section\" data-e-type=\"section\">\n\t\t\t\t\t\t<div class=\"elementor-container elementor-column-gap-default\">\n\t\t\t\t\t<div class=\"elementor-column elementor-col-100 elementor-top-column elementor-element elementor-element-1c92aedc\" data-id=\"1c92aedc\" data-element_type=\"column\" data-e-type=\"column\">\n\t\t\t<div class=\"elementor-widget-wrap elementor-element-populated\">\n\t\t\t\t\t\t<section class=\"elementor-section elementor-inner-section elementor-element elementor-element-7cd4cbfa elementor-section-boxed elementor-section-height-default elementor-section-height-default\" data-id=\"7cd4cbfa\" data-element_type=\"section\" data-e-type=\"section\">\n\t\t\t\t\t\t<div class=\"elementor-container elementor-column-gap-default\">\n\t\t\t\t\t<div class=\"elementor-column elementor-col-50 elementor-inner-column elementor-element elementor-element-5bbf9ea5\" data-id=\"5bbf9ea5\" data-element_type=\"column\" data-e-type=\"column\">\n\t\t\t<div class=\"elementor-widget-wrap elementor-element-populated\">\n\t\t\t\t\t\t<div class=\"elementor-element elementor-element-4e15d82 elementor-widget elementor-widget-image\" data-id=\"4e15d82\" data-element_type=\"widget\" data-e-type=\"widget\" data-widget_type=\"image.default\">\n\t\t\t\t<div class=\"elementor-widget-container\">\n\t\t\t\t\t\t\t\t\t\t\t\t\t\t\t<img fetchpriority=\"high\" decoding=\"async\" width=\"647\" height=\"485\" src=\"https:\/\/sportat.se\/wp-content\/uploads\/2023\/02\/image00000411002.jpg\" class=\"attachment-large size-large wp-image-6420\" alt=\"\" srcset=\"https:\/\/sportat.se\/wp-content\/uploads\/2023\/02\/image00000411002.jpg 647w, https:\/\/sportat.se\/wp-content\/uploads\/2023\/02\/image00000411002-300x225.jpg 300w, https:\/\/sportat.se\/wp-content\/uploads\/2023\/02\/image00000411002-600x450.jpg 600w\" sizes=\"(max-width: 647px) 100vw, 647px\" \/>\t\t\t\t\t\t\t\t\t\t\t\t\t\t\t<\/div>\n\t\t\t\t<\/div>\n\t\t\t\t\t<\/div>\n\t\t<\/div>\n\t\t\t\t<div class=\"elementor-column elementor-col-50 elementor-inner-column elementor-element elementor-element-5a93e8d5\" data-id=\"5a93e8d5\" data-element_type=\"column\" data-e-type=\"column\">\n\t\t\t<div class=\"elementor-widget-wrap elementor-element-populated\">\n\t\t\t\t\t\t<div class=\"elementor-element elementor-element-5378101 elementor-widget elementor-widget-image\" data-id=\"5378101\" data-element_type=\"widget\" data-e-type=\"widget\" data-widget_type=\"image.default\">\n\t\t\t\t<div class=\"elementor-widget-container\">\n\t\t\t\t\t\t\t\t\t\t\t\t\t\t\t<img decoding=\"async\" width=\"800\" height=\"534\" src=\"https:\/\/sportat.se\/wp-content\/uploads\/2023\/02\/sunset-lake-twilight-snowdonia-163875-1024x683.jpeg\" class=\"attachment-large size-large wp-image-6133\" alt=\"\" srcset=\"https:\/\/sportat.se\/wp-content\/uploads\/2023\/02\/sunset-lake-twilight-snowdonia-163875-1024x683.jpeg 1024w, https:\/\/sportat.se\/wp-content\/uploads\/2023\/02\/sunset-lake-twilight-snowdonia-163875-300x200.jpeg 300w, https:\/\/sportat.se\/wp-content\/uploads\/2023\/02\/sunset-lake-twilight-snowdonia-163875-600x400.jpeg 600w, https:\/\/sportat.se\/wp-content\/uploads\/2023\/02\/sunset-lake-twilight-snowdonia-163875-768x512.jpeg 768w, https:\/\/sportat.se\/wp-content\/uploads\/2023\/02\/sunset-lake-twilight-snowdonia-163875.jpeg 1125w\" sizes=\"(max-width: 800px) 100vw, 800px\" \/>\t\t\t\t\t\t\t\t\t\t\t\t\t\t\t<\/div>\n\t\t\t\t<\/div>\n\t\t\t\t\t<\/div>\n\t\t<\/div>\n\t\t\t\t\t<\/div>\n\t\t<\/section>\n\t\t\t\t\t<\/div>\n\t\t<\/div>\n\t\t\t\t\t<\/div>\n\t\t<\/section>\n\t\t\t\t<section class=\"elementor-section elementor-top-section elementor-element elementor-element-5d882de3 elementor-section-boxed elementor-section-height-default elementor-section-height-default\" data-id=\"5d882de3\" data-element_type=\"section\" data-e-type=\"section\">\n\t\t\t\t\t\t<div class=\"elementor-container elementor-column-gap-default\">\n\t\t\t\t\t<div class=\"elementor-column elementor-col-100 elementor-top-column elementor-element elementor-element-622ceb04\" data-id=\"622ceb04\" data-element_type=\"column\" data-e-type=\"column\">\n\t\t\t<div class=\"elementor-widget-wrap elementor-element-populated\">\n\t\t\t\t\t\t<div class=\"elementor-element elementor-element-75b4f7e5 elementor-widget elementor-widget-text-editor\" data-id=\"75b4f7e5\" data-element_type=\"widget\" data-e-type=\"widget\" data-widget_type=\"text-editor.default\">\n\t\t\t\t<div class=\"elementor-widget-container\">\n\t\t\t\t\t\t\t\t\t<p><strong>O<\/strong><strong>verview<\/strong><strong>:<\/strong><\/p><p>This tour is two hours long\u00a0boat tour. You will paddle with our experienced guide and do not need to be an experienced paddler as the tour will be adapted to your conditions. Before we start paddling, all participants will be briefed on safety equipment and instructions at the level the individual needs.<\/p><p>The tour begins with gathering in the parking lot with Sport Adventure Travels. <a href=\"https:\/\/www.google.com\/maps\/place\/Sport+Adventure+Travels+Uppsala\/@59.9211956,17.5698004,12z\/data=!4m5!3m4!1s0x0:0x605d890906bb955f!8m2!3d59.9212586!4d17.6311395\">Location.<\/a>\u00a0 Once everyone has arrived, we are going to choose life jackets according to the size of each person, take paddles and pack things that we want to take with us. Here is a place where you can change your clothes, take more water, and use the toilet. After that, we are going to walk down to the kayaks, where you are going to receive instructions on paddling and safety, get in the kayak and go.<\/p>\t\t\t\t\t\t\t\t<\/div>\n\t\t\t\t<\/div>\n\t\t\t\t\t<\/div>\n\t\t<\/div>\n\t\t\t\t\t<\/div>\n\t\t<\/section>\n\t\t\t\t<section class=\"elementor-section elementor-top-section elementor-element elementor-element-2416c79 elementor-section-boxed elementor-section-height-default elementor-section-height-default\" data-id=\"2416c79\" data-element_type=\"section\" data-e-type=\"section\">\n\t\t\t\t\t\t<div class=\"elementor-container elementor-column-gap-default\">\n\t\t\t\t\t<div class=\"elementor-column elementor-col-33 elementor-top-column elementor-element elementor-element-8aad657\" data-id=\"8aad657\" data-element_type=\"column\" data-e-type=\"column\">\n\t\t\t<div class=\"elementor-widget-wrap\">\n\t\t\t\t\t\t\t<\/div>\n\t\t<\/div>\n\t\t\t\t<div class=\"elementor-column elementor-col-33 elementor-top-column elementor-element elementor-element-1c09e29\" data-id=\"1c09e29\" data-element_type=\"column\" data-e-type=\"column\">\n\t\t\t<div class=\"elementor-widget-wrap elementor-element-populated\">\n\t\t\t\t\t\t<div class=\"elementor-element elementor-element-c59681b elementor-widget elementor-widget-html\" data-id=\"c59681b\" data-element_type=\"widget\" data-e-type=\"widget\" data-widget_type=\"html.default\">\n\t\t\t\t<div class=\"elementor-widget-container\">\n\t\t\t\t\t<script type=\"text\/javascript\" src=\"https:\/\/sportat.rezdy.com\/pluginJs?script=modal\"><\/script> <a id=\"button-booking\" class=\"button-booking rezdy rezdy-modal\" href=\"https:\/\/sportat.rezdy.com\/549668\/cozy-guided-evening-tour-on-the-river-with-a-fascinating-sunset-and-mingling-at-the-end\" style=\"background: rgb(13, 115, 18); border: 1px solid rgb(13, 115, 18); color: rgb(255, 255, 255); font: bold 14px \/ 1 &quot;Helvetica Neue&quot;, Helvetica, Arial, sans-serif; padding: 12px 15px; text-align: center; width: 160px; display: block; text-decoration: none; cursor: pointer;\">Book Now<\/a>\t\t\t\t<\/div>\n\t\t\t\t<\/div>\n\t\t\t\t\t<\/div>\n\t\t<\/div>\n\t\t\t\t<div class=\"elementor-column elementor-col-33 elementor-top-column elementor-element elementor-element-d7e1486\" data-id=\"d7e1486\" data-element_type=\"column\" data-e-type=\"column\">\n\t\t\t<div class=\"elementor-widget-wrap\">\n\t\t\t\t\t\t\t<\/div>\n\t\t<\/div>\n\t\t\t\t\t<\/div>\n\t\t<\/section>\n\t\t\t\t<section class=\"elementor-section elementor-top-section elementor-element elementor-element-4f87085d elementor-section-boxed elementor-section-height-default elementor-section-height-default\" data-id=\"4f87085d\" data-element_type=\"section\" data-e-type=\"section\">\n\t\t\t\t\t\t<div class=\"elementor-container elementor-column-gap-default\">\n\t\t\t\t\t<div class=\"elementor-column elementor-col-100 elementor-top-column elementor-element elementor-element-3ef9e89e\" data-id=\"3ef9e89e\" data-element_type=\"column\" data-e-type=\"column\">\n\t\t\t<div class=\"elementor-widget-wrap elementor-element-populated\">\n\t\t\t\t\t\t<div class=\"elementor-element elementor-element-444ccf21 elementor-widget elementor-widget-text-editor\" data-id=\"444ccf21\" data-element_type=\"widget\" data-e-type=\"widget\" data-widget_type=\"text-editor.default\">\n\t\t\t\t<div class=\"elementor-widget-container\">\n\t\t\t\t\t\t\t\t\t<p><strong>Please make sure to arrive at least 10 minutes before meeting time. Guided tours have to run when scheduled!<\/strong><\/p>\n<p><strong>Participation conditions:<\/strong> ability to swim. You are going to paddle through calm waters and no prior kayaking experience is required for this tour.<\/p>\n<p><strong>Da<\/strong><strong>te and time<\/strong><strong>:<\/strong>&nbsp; from May to September 2023&nbsp; &nbsp;<\/p>\n<p><strong>Place:<\/strong> Fuller\u00f6 Ensta 115, Valsg\u00e4rde, Fyris\u00e5n<\/p>\n<p><strong>Start<\/strong><strong>\/end <\/strong><strong>location:<\/strong> Sport Adventure Travels, Fuller\u00f6 Ensta 115,&nbsp;<a style=\"background-color: #ffffff;\" href=\"https:\/\/www.google.com\/maps\/place\/Sport+Adventure+Travels+Uppsala\/@59.9211956,17.5698004,12z\/data=!4m5!3m4!1s0x0:0x605d890906bb955f!8m2!3d59.9212586!4d17.6311395\" target=\"_blank\" rel=\"noopener\">Google Maps<\/a><\/p>\n<p><strong>Duration:<\/strong> 2 \u2013 2,5 hours<\/p>\n<p><strong>Language:<\/strong> English<\/p>\n<p><strong>Number of people:<\/strong> min \u2013 6, max \u2013 10<\/p>\n<p><strong>Age:<\/strong> from highschool age<\/p>\n<p><strong>What&#8217;s Included:<\/strong> single or double kayaks, life jacket, paddle, waterproof bag.<\/p>\n<p><strong>W<\/strong><strong>ith us you can:<\/strong> change, leave your excess things, use the toilet, park your vehicle, pour the water, have a coffee.<\/p>\n<p><strong>To take into consideration:<\/strong> shoes for walking in nature, water bottle (can be refilled on site), clothing for bad weather (depending on the weather), swimsuit, mobile phone protection, food<\/p>\n<p><strong>Mingle:<\/strong> After the experience, the group can decide whether they want continue siting by the river or move to the terrace and have their chosen drink.<\/p>\n<p><strong>Weather:<\/strong> guided tour will be held regardless of weather conditions.&nbsp;<a style=\"background-color: #ffffff;\" href=\"https:\/\/en.climate-data.org\/europe\/sweden\/uppsala-laen\/uppsala-165\/\" target=\"_blank\" rel=\"noopener\">More info<\/a><\/p>\n<p><strong>Instructions:<\/strong> instructions in paddling technique and safety before and during the trip<\/p>\n<p><strong>Parking:<\/strong> available at the address<\/p>\n<p><strong>Price:<\/strong> SEK 590<\/p>\n<p><strong>How to get here:<\/strong><\/p>\n<p>&nbsp;&#8211; By car from Uppsala: 2 km after Gamla Uppsala turn left at the Sport Adventure Travels and Valsg\u00e4rde sign.<\/p>\n<p>&#8211; From Storvreta\/E4: turn right about 1 km after Fuller\u00f6 Handel at the Sport Adventure Travels and Valsg\u00e4rde sign.<\/p>\n<p>&#8211; By bus: bus 110 and 823 leave from Uppsala Central Station or look in the UL or SL app. Get off at Ensta stop, walk 800m.<\/p>\n<p>&#8211; There is a possibility for transportation from the bus station to the location. Car transport option only by agreement.<\/p>\n<p><strong>LARGE GROUPS &#8211; BUSES<\/strong> &#8211; the possibility of arrangement for groups of up to 30 people in the same period, contact the provider on email info@sportat.se or call 0046 (0)72 3245 832, 0046 (0)73 5302 484.<\/p>\t\t\t\t\t\t\t\t<\/div>\n\t\t\t\t<\/div>\n\t\t\t\t\t<\/div>\n\t\t<\/div>\n\t\t\t\t\t<\/div>\n\t\t<\/section>\n\t\t\t\t<section class=\"elementor-section elementor-top-section elementor-element elementor-element-2278557e elementor-section-boxed elementor-section-height-default elementor-section-height-default\" data-id=\"2278557e\" data-element_type=\"section\" data-e-type=\"section\">\n\t\t\t\t\t\t<div class=\"elementor-container elementor-column-gap-default\">\n\t\t\t\t\t<div class=\"elementor-column elementor-col-100 elementor-top-column elementor-element elementor-element-417a2311\" data-id=\"417a2311\" data-element_type=\"column\" data-e-type=\"column\">\n\t\t\t<div class=\"elementor-widget-wrap elementor-element-populated\">\n\t\t\t\t\t\t<div class=\"elementor-element elementor-element-29f39654 elementor-widget elementor-widget-text-editor\" data-id=\"29f39654\" data-element_type=\"widget\" data-e-type=\"widget\" data-widget_type=\"text-editor.default\">\n\t\t\t\t<div class=\"elementor-widget-container\">\n\t\t\t\t\t\t\t\t\t<p><strong>CANCELATION POLICY<\/strong><\/p><p>You can cancel up to 48 hours in advance of the experience for a full refund.<\/p><p>For a full refund, you must cancel at least 48 hours before the tour\u2019s start time. If you cancel less than 48 hours before the tour\u2019s start time, the amount you paid will not be refunded. Any changes made less than 48 hours before the experience\u2019s start time will not be accepted. Cut-off times are based on the local time tour\u2019s start. The tour is going to be held regardless of weather conditions. If it has to be canceled due to extreme poor weather which may endanger the safety of the group, you\u2019ll be offered a different date or a full refund. This experience requires a minimum number of participants. If it\u2019s canceled because the minimum isn\u2019t met, you\u2019ll be offered a different date\/experience or a full refund. Additional info confirmation will be received at time of booking.<\/p>\t\t\t\t\t\t\t\t<\/div>\n\t\t\t\t<\/div>\n\t\t\t\t\t<\/div>\n\t\t<\/div>\n\t\t\t\t\t<\/div>\n\t\t<\/section>\n\t\t\t\t<section class=\"elementor-section elementor-top-section elementor-element elementor-element-eddb9a9 elementor-section-boxed elementor-section-height-default elementor-section-height-default\" data-id=\"eddb9a9\" data-element_type=\"section\" data-e-type=\"section\">\n\t\t\t\t\t\t<div class=\"elementor-container elementor-column-gap-default\">\n\t\t\t\t\t<div class=\"elementor-column elementor-col-33 elementor-top-column elementor-element elementor-element-b78d05a\" data-id=\"b78d05a\" data-element_type=\"column\" data-e-type=\"column\">\n\t\t\t<div class=\"elementor-widget-wrap\">\n\t\t\t\t\t\t\t<\/div>\n\t\t<\/div>\n\t\t\t\t<div class=\"elementor-column elementor-col-33 elementor-top-column elementor-element elementor-element-2cf798e\" data-id=\"2cf798e\" data-element_type=\"column\" data-e-type=\"column\">\n\t\t\t<div class=\"elementor-widget-wrap elementor-element-populated\">\n\t\t\t\t\t\t<div class=\"elementor-element elementor-element-622131f elementor-widget elementor-widget-html\" data-id=\"622131f\" data-element_type=\"widget\" data-e-type=\"widget\" data-widget_type=\"html.default\">\n\t\t\t\t<div class=\"elementor-widget-container\">\n\t\t\t\t\t<script type=\"text\/javascript\" src=\"https:\/\/sportat.rezdy.com\/pluginJs?script=modal\"><\/script> <a id=\"button-booking\" class=\"button-booking rezdy rezdy-modal\" href=\"https:\/\/sportat.rezdy.com\/549668\/cozy-guided-evening-tour-on-the-river-with-a-fascinating-sunset-and-mingling-at-the-end\" style=\"background: rgb(13, 115, 18); border: 1px solid rgb(13, 115, 18); color: rgb(255, 255, 255); font: bold 14px \/ 1 &quot;Helvetica Neue&quot;, Helvetica, Arial, sans-serif; padding: 12px 15px; text-align: center; width: 160px; display: block; text-decoration: none; cursor: pointer;\">Book Now<\/a>\t\t\t\t<\/div>\n\t\t\t\t<\/div>\n\t\t\t\t\t<\/div>\n\t\t<\/div>\n\t\t\t\t<div class=\"elementor-column elementor-col-33 elementor-top-column elementor-element elementor-element-0b30b88\" data-id=\"0b30b88\" data-element_type=\"column\" data-e-type=\"column\">\n\t\t\t<div class=\"elementor-widget-wrap\">\n\t\t\t\t\t\t\t<\/div>\n\t\t<\/div>\n\t\t\t\t\t<\/div>\n\t\t<\/section>\n\t\t\t\t<section class=\"elementor-section elementor-top-section elementor-element elementor-element-6fe82c2d elementor-section-boxed elementor-section-height-default elementor-section-height-default\" data-id=\"6fe82c2d\" data-element_type=\"section\" data-e-type=\"section\">\n\t\t\t\t\t\t<div class=\"elementor-container elementor-column-gap-default\">\n\t\t\t\t\t<div class=\"elementor-column elementor-col-100 elementor-top-column elementor-element elementor-element-6ab02c5d\" data-id=\"6ab02c5d\" data-element_type=\"column\" data-e-type=\"column\">\n\t\t\t<div class=\"elementor-widget-wrap elementor-element-populated\">\n\t\t\t\t\t\t<div class=\"elementor-element elementor-element-10bc271d elementor-widget elementor-widget-image\" data-id=\"10bc271d\" data-element_type=\"widget\" data-e-type=\"widget\" data-widget_type=\"image.default\">\n\t\t\t\t<div class=\"elementor-widget-container\">\n\t\t\t\t\t\t\t\t\t\t\t\t\t\t\t<img decoding=\"async\" width=\"800\" height=\"117\" src=\"https:\/\/sportat.se\/wp-content\/uploads\/2021\/01\/valsgarde-1-Copy-1024x150.jpg\" class=\"attachment-large size-large wp-image-3948\" alt=\"\" srcset=\"https:\/\/sportat.se\/wp-content\/uploads\/2021\/01\/valsgarde-1-Copy-1024x150.jpg 1024w, https:\/\/sportat.se\/wp-content\/uploads\/2021\/01\/valsgarde-1-Copy-300x44.jpg 300w, https:\/\/sportat.se\/wp-content\/uploads\/2021\/01\/valsgarde-1-Copy-scaled-600x88.jpg 600w, https:\/\/sportat.se\/wp-content\/uploads\/2021\/01\/valsgarde-1-Copy-768x113.jpg 768w, https:\/\/sportat.se\/wp-content\/uploads\/2021\/01\/valsgarde-1-Copy-1536x225.jpg 1536w, https:\/\/sportat.se\/wp-content\/uploads\/2021\/01\/valsgarde-1-Copy-2048x300.jpg 2048w, https:\/\/sportat.se\/wp-content\/uploads\/2021\/01\/valsgarde-1-Copy-scaled-324x47.jpg 324w, https:\/\/sportat.se\/wp-content\/uploads\/2021\/01\/valsgarde-1-Copy-scaled-416x61.jpg 416w\" sizes=\"(max-width: 800px) 100vw, 800px\" \/>\t\t\t\t\t\t\t\t\t\t\t\t\t\t\t<\/div>\n\t\t\t\t<\/div>\n\t\t\t\t\t<\/div>\n\t\t<\/div>\n\t\t\t\t\t<\/div>\n\t\t<\/section>\n\t\t\t\t<\/div>","protected":false},"excerpt":{"rendered":"<p>Cozy guided evening tour on the river with a fascinating sunset\u2026and mingling at the end! Just come to the river\u2026feel mindfulness, connect to your senses, and deepen your relationship with a nature. Feel the silence of nature with barely audible strokes of paddle, slow down and immerse yourself in the nature around you and just [&hellip;]<\/p>\n","protected":false},"author":1,"featured_media":0,"parent":0,"menu_order":0,"comment_status":"closed","ping_status":"closed","template":"","meta":{"footnotes":""},"class_list":["post-6235","page","type-page","status-publish","hentry"],"_links":{"self":[{"href":"http:\/\/sportat.se\/en\/wp-json\/wp\/v2\/pages\/6235","targetHints":{"allow":["GET"]}}],"collection":[{"href":"http:\/\/sportat.se\/en\/wp-json\/wp\/v2\/pages"}],"about":[{"href":"http:\/\/sportat.se\/en\/wp-json\/wp\/v2\/types\/page"}],"author":[{"embeddable":true,"href":"http:\/\/sportat.se\/en\/wp-json\/wp\/v2\/users\/1"}],"replies":[{"embeddable":true,"href":"http:\/\/sportat.se\/en\/wp-json\/wp\/v2\/comments?post=6235"}],"version-history":[{"count":65,"href":"http:\/\/sportat.se\/en\/wp-json\/wp\/v2\/pages\/6235\/revisions"}],"predecessor-version":[{"id":6890,"href":"http:\/\/sportat.se\/en\/wp-json\/wp\/v2\/pages\/6235\/revisions\/6890"}],"wp:attachment":[{"href":"http:\/\/sportat.se\/en\/wp-json\/wp\/v2\/media?parent=6235"}],"curies":[{"name":"wp","href":"https:\/\/api.w.org\/{rel}","templated":true}]}}